{"id":10850,"date":"2025-10-30T14:59:10","date_gmt":"2025-10-30T13:59:10","guid":{"rendered":"https:\/\/republify.se\/?post_type=product&#038;p=10850"},"modified":"2026-01-08T18:34:00","modified_gmt":"2026-01-08T17:34:00","slug":"truckutbildning-via-e-truck","status":"publish","type":"product","link":"https:\/\/republify.se\/index.php\/produkt\/truckutbildning-via-e-truck\/","title":{"rendered":"Truckutbildning via e-Truck"},"content":{"rendered":"<p><strong>S\u00e5 h\u00e4r g\u00e5r det till:<\/strong><br \/>\n1. Hela teoriutbildningen via storytelling till din telefon\/surfplatta eller dator, tid ca 5-7 timmar<br \/>\n2. Uppk\u00f6rning p\u00e5 plats hos oss, hos dig eller hos n\u00e5gon utav v\u00e5ra samarbetspartners. Tid 0,5-2 dagar.<\/p>\n<p><em>L\u00e4mplig b\u00e5de till repetitionsutbildning samt grundutbildning<\/em><\/p>\n<p><strong>Giltighetstid<\/strong><br \/>\nTLP10 rekommenderar att kunskaperna repeteras i intervallet 3-5\u00e5r<\/p>\n<p><strong>Kostnad<\/strong><br \/>\nGrundutbildning fr\u00e5n\u00a0<strong>4495kr exkl moms<\/strong><br \/>\nRepetitionsutbildning, kontakta oss f\u00f6r pris<strong><br \/>\n<\/strong>\u00c4r ni flera \u2013 kontakta oss f\u00f6r pris<\/p>\n<p><strong>God kunskap<br \/>\n<\/strong><picture><source srcset=\"https:\/\/laride.se\/wp-content\/webp-express\/webp-images\/doc-root\/wp-content\/uploads\/2024\/01\/GodKunskap-66x66.png.webp 66w, https:\/\/laride.se\/wp-content\/webp-express\/webp-images\/doc-root\/wp-content\/uploads\/2024\/01\/GodKunskap-150x150.png.webp 150w, https:\/\/laride.se\/wp-content\/webp-express\/webp-images\/doc-root\/wp-content\/uploads\/2024\/01\/GodKunskap-200x199.png.webp 200w, https:\/\/laride.se\/wp-content\/webp-express\/webp-images\/doc-root\/wp-content\/uploads\/2024\/01\/GodKunskap-300x300.png.webp 300w, https:\/\/laride.se\/wp-content\/webp-express\/webp-images\/doc-root\/wp-content\/uploads\/2024\/01\/GodKunskap-400x398.png.webp 400w, https:\/\/laride.se\/wp-content\/webp-express\/webp-images\/doc-root\/wp-content\/uploads\/2024\/01\/GodKunskap-600x598.png.webp 600w, https:\/\/laride.se\/wp-content\/webp-express\/webp-images\/doc-root\/wp-content\/uploads\/2024\/01\/GodKunskap-768x765.png.webp 768w, https:\/\/laride.se\/wp-content\/webp-express\/webp-images\/doc-root\/wp-content\/uploads\/2024\/01\/GodKunskap-800x797.png.webp 800w, https:\/\/laride.se\/wp-content\/webp-express\/webp-images\/doc-root\/wp-content\/uploads\/2024\/01\/GodKunskap-1024x1020.png.webp 1024w, https:\/\/laride.se\/wp-content\/webp-express\/webp-images\/doc-root\/wp-content\/uploads\/2024\/01\/GodKunskap-1200x1195.png.webp 1200w, https:\/\/laride.se\/wp-content\/webp-express\/webp-images\/doc-root\/wp-content\/uploads\/2024\/01\/GodKunskap.png.webp 1283w\" type=\"image\/webp\" sizes=\"51px\" data-srcset=\"https:\/\/laride.se\/wp-content\/webp-express\/webp-images\/doc-root\/wp-content\/uploads\/2024\/01\/GodKunskap-66x66.png.webp 66w, https:\/\/laride.se\/wp-content\/webp-express\/webp-images\/doc-root\/wp-content\/uploads\/2024\/01\/GodKunskap-150x150.png.webp 150w, https:\/\/laride.se\/wp-content\/webp-express\/webp-images\/doc-root\/wp-content\/uploads\/2024\/01\/GodKunskap-200x199.png.webp 200w, https:\/\/laride.se\/wp-content\/webp-express\/webp-images\/doc-root\/wp-content\/uploads\/2024\/01\/GodKunskap-300x300.png.webp 300w, https:\/\/laride.se\/wp-content\/webp-express\/webp-images\/doc-root\/wp-content\/uploads\/2024\/01\/GodKunskap-400x398.png.webp 400w, https:\/\/laride.se\/wp-content\/webp-express\/webp-images\/doc-root\/wp-content\/uploads\/2024\/01\/GodKunskap-600x598.png.webp 600w, https:\/\/laride.se\/wp-content\/webp-express\/webp-images\/doc-root\/wp-content\/uploads\/2024\/01\/GodKunskap-768x765.png.webp 768w, https:\/\/laride.se\/wp-content\/webp-express\/webp-images\/doc-root\/wp-content\/uploads\/2024\/01\/GodKunskap-800x797.png.webp 800w, https:\/\/laride.se\/wp-content\/webp-express\/webp-images\/doc-root\/wp-content\/uploads\/2024\/01\/GodKunskap-1024x1020.png.webp 1024w, https:\/\/laride.se\/wp-content\/webp-express\/webp-images\/doc-root\/wp-content\/uploads\/2024\/01\/GodKunskap-1200x1195.png.webp 1200w, https:\/\/laride.se\/wp-content\/webp-express\/webp-images\/doc-root\/wp-content\/uploads\/2024\/01\/GodKunskap.png.webp 1283w\" \/><img decoding=\"async\" class=\"wp-image-5051 alignleft webpexpress-processed lazyautosizes ls-is-cached lazyloaded\" src=\"https:\/\/laride.se\/wp-content\/uploads\/2024\/01\/GodKunskap.png\" sizes=\"51px\" srcset=\"https:\/\/laride.se\/wp-content\/uploads\/2024\/01\/GodKunskap-66x66.png 66w, https:\/\/laride.se\/wp-content\/uploads\/2024\/01\/GodKunskap-150x150.png 150w, https:\/\/laride.se\/wp-content\/uploads\/2024\/01\/GodKunskap-200x199.png 200w, https:\/\/laride.se\/wp-content\/uploads\/2024\/01\/GodKunskap-300x300.png 300w, https:\/\/laride.se\/wp-content\/uploads\/2024\/01\/GodKunskap-400x398.png 400w, https:\/\/laride.se\/wp-content\/uploads\/2024\/01\/GodKunskap-600x598.png 600w, https:\/\/laride.se\/wp-content\/uploads\/2024\/01\/GodKunskap-768x765.png 768w, https:\/\/laride.se\/wp-content\/uploads\/2024\/01\/GodKunskap-800x797.png 800w, https:\/\/laride.se\/wp-content\/uploads\/2024\/01\/GodKunskap-1024x1020.png 1024w, https:\/\/laride.se\/wp-content\/uploads\/2024\/01\/GodKunskap-1200x1195.png 1200w, https:\/\/laride.se\/wp-content\/uploads\/2024\/01\/GodKunskap.png 1283w\" alt=\"\" width=\"51\" height=\"51\" data-src=\"https:\/\/laride.se\/wp-content\/uploads\/2024\/01\/GodKunskap.png\" data-srcset=\"https:\/\/laride.se\/wp-content\/uploads\/2024\/01\/GodKunskap-66x66.png 66w, https:\/\/laride.se\/wp-content\/uploads\/2024\/01\/GodKunskap-150x150.png 150w, https:\/\/laride.se\/wp-content\/uploads\/2024\/01\/GodKunskap-200x199.png 200w, https:\/\/laride.se\/wp-content\/uploads\/2024\/01\/GodKunskap-300x300.png 300w, https:\/\/laride.se\/wp-content\/uploads\/2024\/01\/GodKunskap-400x398.png 400w, https:\/\/laride.se\/wp-content\/uploads\/2024\/01\/GodKunskap-600x598.png 600w, https:\/\/laride.se\/wp-content\/uploads\/2024\/01\/GodKunskap-768x765.png 768w, https:\/\/laride.se\/wp-content\/uploads\/2024\/01\/GodKunskap-800x797.png 800w, https:\/\/laride.se\/wp-content\/uploads\/2024\/01\/GodKunskap-1024x1020.png 1024w, https:\/\/laride.se\/wp-content\/uploads\/2024\/01\/GodKunskap-1200x1195.png 1200w, https:\/\/laride.se\/wp-content\/uploads\/2024\/01\/GodKunskap.png 1283w\" data-sizes=\"auto\" data-eio-rwidth=\"1283\" data-eio-rheight=\"1278\" \/><\/picture>Intrukt\u00f6rsutbildad instrukt\u00f6r via TYA med m\u00f6jlighet att registrera utbildningar hos TYA vid h\u00f6g kunskapsniv\u00e5. Utbildningsmaterial via MA-systemutbildningar.<\/p>\n<p>&nbsp;<\/p>\n<h3>Kursen levereras i samarbete med L\u00e4rid\u00e9<\/h3>\n<h2><\/h2>\n","protected":false},"excerpt":{"rendered":"<div class=\"fusion-text fusion-text-2 fusion-text-no-margin\">\n<p><strong>E-truck \u00e4r en prisad distansutbildning som ger riktigt h\u00f6g kunskapsniv\u00e5, riktigt bra f\u00f6r grundutbildning.<\/strong><\/p>\n<p>Vi en l\u00e4nk till din telefon eller dator s\u00e5 kan du p\u00e5 egen hand, helt i din egen takt, jobba dig igenom hela utbildningsmaterialet och till sist genomf\u00f6ra ditt teoretiska slutprov.<\/p>\n<\/div>\n","protected":false},"featured_media":9298,"comment_status":"open","ping_status":"closed","template":"","meta":{"wds_primary_product_brand":0,"wds_primary_product_cat":0},"product_brand":[],"product_cat":[91,213,203],"product_tag":[],"class_list":{"0":"post-10850","1":"product","2":"type-product","3":"status-publish","4":"has-post-thumbnail","6":"product_cat-arbetsmiljo","7":"product_cat-saker-arbetsmiljo","8":"product_cat-industri","10":"first","11":"instock","12":"taxable","13":"shipping-taxable","14":"purchasable","15":"product-type-simple"},"jetpack_sharing_enabled":true,"_links":{"self":[{"href":"https:\/\/republify.se\/index.php\/wp-json\/wp\/v2\/product\/10850","targetHints":{"allow":["GET"]}}],"collection":[{"href":"https:\/\/republify.se\/index.php\/wp-json\/wp\/v2\/product"}],"about":[{"href":"https:\/\/republify.se\/index.php\/wp-json\/wp\/v2\/types\/product"}],"replies":[{"embeddable":true,"href":"https:\/\/republify.se\/index.php\/wp-json\/wp\/v2\/comments?post=10850"}],"wp:featuredmedia":[{"embeddable":true,"href":"https:\/\/republify.se\/index.php\/wp-json\/wp\/v2\/media\/9298"}],"wp:attachment":[{"href":"https:\/\/republify.se\/index.php\/wp-json\/wp\/v2\/media?parent=10850"}],"wp:term":[{"taxonomy":"product_brand","embeddable":true,"href":"https:\/\/republify.se\/index.php\/wp-json\/wp\/v2\/product_brand?post=10850"},{"taxonomy":"product_cat","embeddable":true,"href":"https:\/\/republify.se\/index.php\/wp-json\/wp\/v2\/product_cat?post=10850"},{"taxonomy":"product_tag","embeddable":true,"href":"https:\/\/republify.se\/index.php\/wp-json\/wp\/v2\/product_tag?post=10850"}],"curies":[{"name":"wp","href":"https:\/\/api.w.org\/{rel}","templated":true}]}}