{"id":10848,"date":"2025-10-30T14:38:56","date_gmt":"2025-10-30T13:38:56","guid":{"rendered":"https:\/\/republify.se\/?post_type=product&#038;p=10848"},"modified":"2026-01-08T18:34:46","modified_gmt":"2026-01-08T17:34:46","slug":"hlr-hjart-lungraddning","status":"publish","type":"product","link":"https:\/\/republify.se\/index.php\/produkt\/hlr-hjart-lungraddning\/","title":{"rendered":"HLR \u2013 HJ\u00c4RT &#038; LUNGR\u00c4DDNING"},"content":{"rendered":"<p>Vi \u00e4r utbildade via HLR-r\u00e5det och f\u00f6ljer den senaste forskningen om hur vi b\u00f6r utf\u00f6ra hj\u00e4rt- och lungr\u00e4ddning.<\/p>\n<p><strong>Utbildningstid ca 2 timmar<\/strong><br \/>\n\u2013 Teoretisk genomg\u00e5ng<br \/>\n\u2013 Praktisk tr\u00e4ning med kompressioner och inandning<br \/>\n\u2013 Praktsik tr\u00e4ning med hj\u00e4rtstartare<\/p>\n<p data-fontsize=\"20\" data-lineheight=\"30px\"><strong>Modern utrustning<\/strong><\/p>\n<p>Forskning visar att omedelbar hj\u00e4rt- och lungr\u00e4ddning av h\u00f6g kvalitet \u00e4r direkt avg\u00f6rande f\u00f6r chansen till \u00f6verlevnad. V\u00e5ra HRL-dockor \u00e4r utrustade med senaste tekniken och vi kan nu f\u00f6lja din resultat live i utbildningsrummet.<\/p>\n<p data-fontsize=\"20\" data-lineheight=\"30px\"><strong>Tr\u00e4na genom att t\u00e4vla<\/strong><\/p>\n<p>Vi kompletterar g\u00e4rna v\u00e5ra utbildningar med lekfulla moment d\u00e4r du f\u00e5r m\u00f6jlighet att m\u00e4ta dina kunskaper tillsammans med dina arbetskamrater. Med v\u00e5ra dockor fr\u00e5n Leardal kan vi m\u00e4ta r\u00e4tt tryck, r\u00e4tt takt, r\u00e4tt antal kompressioner och inandningar. Tillsammans r\u00e4ddar vi liv. Och vem vill inte vara b\u00e4st p\u00e5 att r\u00e4dda liv?!<\/p>\n<p data-fontsize=\"20\" data-lineheight=\"30px\"><strong>Om det h\u00e4nder p\u00e5 riktigt<\/strong><\/p>\n<p>Hur vi reagerar n\u00e4r en olycka h\u00e4nder p\u00e5 riktigt det vet vi f\u00f6rst\u00e5s inte, men ju mer vi tr\u00e4nat desto st\u00f6rre chans \u00e4r det att kroppen minns r\u00e4tt utf\u00f6rande. Den som tvekar \u00e4r ingen till hj\u00e4lp.<\/p>\n<p>&nbsp;<\/p>\n<h3>Kursen levereras i samarbete med L\u00e4rid\u00e9<\/h3>\n<h2><\/h2>\n","protected":false},"excerpt":{"rendered":"<div class=\"fusion-text fusion-text-2 fusion-text-no-margin\">\n<p><strong>Varje dag r\u00e4ddas 4 personer av n\u00e5gon som kan hantera hj\u00e4rtstopp, det handlar om att agera snabbt och f\u00f6r varje minut som g\u00e5r s\u00e5 minskar m\u00f6jligheterna p\u00e5tagligt. \u00c4r du redo om det h\u00e4nder?<\/strong><\/p>\n<p>Utbildning i HLR ger dig kunskap om hur du hanterar hj\u00e4rtstopp och andn\u00f6d, att f\u00e5 bort saker som satt sig i halsen och utf\u00f6ra kompressioner vid hj\u00e4rtstopp s\u00e5 vi manuellt syres\u00e4tter kroppen fram tills ambulansen kommer.<\/p>\n<\/div>\n","protected":false},"featured_media":10772,"comment_status":"open","ping_status":"closed","template":"","meta":{"wds_primary_product_brand":0,"wds_primary_product_cat":0},"product_brand":[],"product_cat":[91,213,203],"product_tag":[],"class_list":{"0":"post-10848","1":"product","2":"type-product","3":"status-publish","4":"has-post-thumbnail","6":"product_cat-arbetsmiljo","7":"product_cat-saker-arbetsmiljo","8":"product_cat-industri","10":"first","11":"instock","12":"taxable","13":"shipping-taxable","14":"purchasable","15":"product-type-simple"},"jetpack_sharing_enabled":true,"_links":{"self":[{"href":"https:\/\/republify.se\/index.php\/wp-json\/wp\/v2\/product\/10848","targetHints":{"allow":["GET"]}}],"collection":[{"href":"https:\/\/republify.se\/index.php\/wp-json\/wp\/v2\/product"}],"about":[{"href":"https:\/\/republify.se\/index.php\/wp-json\/wp\/v2\/types\/product"}],"replies":[{"embeddable":true,"href":"https:\/\/republify.se\/index.php\/wp-json\/wp\/v2\/comments?post=10848"}],"wp:featuredmedia":[{"embeddable":true,"href":"https:\/\/republify.se\/index.php\/wp-json\/wp\/v2\/media\/10772"}],"wp:attachment":[{"href":"https:\/\/republify.se\/index.php\/wp-json\/wp\/v2\/media?parent=10848"}],"wp:term":[{"taxonomy":"product_brand","embeddable":true,"href":"https:\/\/republify.se\/index.php\/wp-json\/wp\/v2\/product_brand?post=10848"},{"taxonomy":"product_cat","embeddable":true,"href":"https:\/\/republify.se\/index.php\/wp-json\/wp\/v2\/product_cat?post=10848"},{"taxonomy":"product_tag","embeddable":true,"href":"https:\/\/republify.se\/index.php\/wp-json\/wp\/v2\/product_tag?post=10848"}],"curies":[{"name":"wp","href":"https:\/\/api.w.org\/{rel}","templated":true}]}}