{"id":10845,"date":"2025-10-30T13:51:29","date_gmt":"2025-10-30T12:51:29","guid":{"rendered":"https:\/\/republify.se\/?post_type=product&#038;p=10845"},"modified":"2026-01-08T18:35:31","modified_gmt":"2026-01-08T17:35:31","slug":"brandfarliga-heta-arbeten-pa-tillfallig-arbetsplats","status":"publish","type":"product","link":"https:\/\/republify.se\/index.php\/produkt\/brandfarliga-heta-arbeten-pa-tillfallig-arbetsplats\/","title":{"rendered":"BRANDFARLIGA HETA ARBETEN \u2013 P\u00c5 TILLF\u00c4LLIG ARBETSPLATS"},"content":{"rendered":"<p>Brandfarliga Arbeten \u00e4r den nyaste utbildningen f\u00f6r det certifikat som ger dig f\u00f6ruts\u00e4ttningar f\u00f6r att f\u00f6lja f\u00f6rs\u00e4kringsvillkoren f\u00f6r att arbeten med verktyg som som kan orsaka brand.<\/p>\n<p class=\"fusion-responsive-typography-calculated\" data-fontsize=\"20\" data-lineheight=\"30px\"><strong>Certifierad arrang\u00f6r\/instrukt\u00f6r<\/strong><\/p>\n<p>V\u00e5ra utbildningar f\u00f6ljer SVEBRAS \u00a0riktlinjer f\u00f6r genomf\u00f6rande av utbildning f\u00f6r Brandfarliga Arbeten certifikat. Det inneb\u00e4r bl.a att utbildningen p\u00e5g\u00e5r i minst 6 timmar (effektiv tid) samt att praktisk sl\u00e4cknings\u00f6vning genomf\u00f6rs.<br \/>\nV\u00e5ra sl\u00e4cknings\u00f6vningar genomf\u00f6rs inomhus med hj\u00e4lp av professionell sl\u00e4ckningsutrustning via VR, men \u00f6nskas gammal hederlig sl\u00e4cknings\u00f6vning med gasol och kolsyresl\u00e4ckare s\u00e5 kan vi i de flesta fall ombes\u00f6rja det ocks\u00e5.<\/p>\n<p class=\"fusion-responsive-typography-calculated\" data-fontsize=\"20\" data-lineheight=\"30px\"><strong>Varf\u00f6r Brandfarliga Heta Arbeten<\/strong><\/p>\n<p>N\u00e4r vi arbetar med verktyg som kan orsaka brand som t.ex, vinkelslipar, svetsar, gasolverktyg mm \u00e4r det viktigt vi har kunskap om de risker som finns i v\u00e5r n\u00e4rmilj\u00f6. Att t.ex. inte plocka undan br\u00e4nnbart material, f\u00f6rhindra brandspridning eller ha tillr\u00e4ckliga sl\u00e4ckningsutrustning redo kan snabbt f\u00e5 f\u00f6r\u00f6dande konsekvenser. Den tillst\u00e5ndsansvarige har ett stort ansvar, men att skapa s\u00e4kra arbetsplatser g\u00f6r vi tillsammans.<\/p>\n<p class=\"fusion-responsive-typography-calculated\" data-fontsize=\"20\" data-lineheight=\"30px\"><strong>Beteendef\u00f6r\u00e4ndring<\/strong><\/p>\n<p>V\u00e5rt huvudfokus under v\u00e5ra utbildningar \u00e4r att skapa f\u00f6rst\u00e5else f\u00f6r hur viktig v\u00e5r egen roll \u00e4r i arbetet med Brandfarliga Heta Arbeten, samt motivera och inspirera till att ta ansvar f\u00f6r att brands\u00e4kra v\u00e5ra arbetsplatser. Att g\u00f6ra en tillst\u00e5ndslista \u00e4r i praktiken ofta inte s\u00e5 sv\u00e5rt, att ha en schysst s\u00e4kerhetskultur i arbetsg\u00e4nget kan vara en betydligt st\u00f6rre utmaning. Att skapa f\u00f6rst\u00e5else f\u00f6r vikten utav sin egen roll i arbetet med Brandfarliga Heta Arbeten \u00e4r kanske det viktigaste av allt.<\/p>\n<p class=\"fusion-responsive-typography-calculated\" data-fontsize=\"20\" data-lineheight=\"30px\"><strong>Certifikat<\/strong><\/p>\n<p>Certifikaten f\u00f6r Heta Arbeten resp. Brandfarliga Arbeten g\u00e4ller i 5 \u00e5r. Giltigt certifikat \u00e4r ett krav i f\u00f6rs\u00e4kringsvillkoren hos samtliga svenska f\u00f6rs\u00e4kringsbolag f\u00f6r arbete med verktyg eller arbetsmetoder d\u00e4r risk f\u00f6r brand finns, dessutom m\u00e5ste de 13 s\u00e4kerhetsreglerna f\u00f6ljas. B\u00e5da certifikaten ger samma beh\u00f6righeter och certfikaten f\u00e5r du b\u00e5de som plastkort, digitalt kort samt att det registreras i ID06 Kompetensdatabas samt SSG skillnation<\/p>\n<p class=\"fusion-responsive-typography-calculated\" data-fontsize=\"20\" data-lineheight=\"30px\"><strong>Fr\u00e5gor och svar (FAQ)<\/strong><\/p>\n<p><strong>Vilken utbildning skall man ha?<br \/>\n<\/strong>Det spelar ingen roll om du g\u00e5r utbildningen Brandfarliga Arbeten eller Heta Arbeten. B\u00e5da utbildningarna ger samma certifikat och inryms i normen SBF2022 Brandfarliga Heta Arbeten p\u00e5 tillf\u00e4llig arbetsplats. Du v\u00e4ljer.<\/p>\n<p><strong>M\u00e5ste man ha certifikat?<br \/>\n<\/strong>Saknar man giltigt certifikat, eller bryter mot n\u00e5gon utav de 13 s\u00e4kerhetsreglerna, kan f\u00f6rs\u00e4kringsbolagen vid brand h\u00e5lla tillbaka en betydande del av ers\u00e4ttningen. Man kan ocks\u00e5 d\u00f6mas f\u00f6r t.ex. allm\u00e4nfarlig v\u00e5rdsl\u00f6shet d\u00e4r b\u00e5de f\u00e4ngelse och dagsb\u00f6ter finns p\u00e5 straffskalan.<\/p>\n<p><strong>Vad \u00e4r Brandfarliga Arbeten?<\/strong><br \/>\nDen nyaste utbildningen. Skillnaden \u00e4r i praktiken endast att det \u00e4r SVEBRA som \u00e4r koncept\u00e4gare ist\u00e4llet f\u00f6r Brandskyddsf\u00f6reningen.<\/p>\n<p><strong>Vad \u00e4r SVEBRA?<\/strong><br \/>\nSVEBRA \u00e4r medlemsorganisationen f\u00f6r f\u00f6retagen i Sverige som jobbar med brands\u00e4kerhet<\/p>\n<p><strong>Om man har Heta Arbeten tidigare?<br \/>\n<\/strong>Inga problem. Certifikaten \u00e4r helt kompatibla och ger samma beh\u00f6righet.<br \/>\nDet samma g\u00e4ller fr\u00f6st\u00e5s om du har Brandfarliga Arbeten tidigare och senare vill g\u00e5 Heta Arbeten.<\/p>\n<p><strong>Om n\u00e5gra har \u201cHeta\u201d och n\u00e5gra \u201cBrandfarliga\u201d p\u00e5 en arbetsplats?<\/strong><br \/>\nFunkar hur bra som helst. B\u00e5da koncept\u00e4garna godk\u00e4nner varandras certifikat, arbetss\u00e4ttet enligt de 13 s\u00e4kerhetsreglerna \u00e4r ocks\u00e5 de samma.<\/p>\n<p><strong>Har man tillst\u00e5ndslistor p\u00e5 samma s\u00e4tt?<\/strong><br \/>\nKunskapsm\u00e5len efter utbildningen \u00e4r de samma, arbetss\u00e4tt och s\u00e4kerhetsreglerna \u00e4r ocks\u00e5 de samma. Tillst\u00e5ndslistor skriver man idag b\u00e5de via papper som tidigare eller via en app i sin telefon.<\/p>\n<p><strong>Fungerar appen i telefonen f\u00f6r alla certifikat?<\/strong><br \/>\nJa. Anv\u00e4nder du Brandfarliga Arbetens app f\u00f6r tillst\u00e5ndslistor s\u00e5 kan du registrera personer som b\u00e5de har certifikat f\u00f6r Brandfarliga Arbeten och annat certifikat.<\/p>\n<p><strong>Hur ser certifikaten ut?<\/strong><br \/>\nN\u00e4r du genomg\u00e5tt utbildningen med godk\u00e4nt resultat f\u00e5r du b\u00e5de ett plastkort samt ett digitalt kort i din telefon. \u00d6nskar du \u00e4ven utbildningen registrerad i ID06 eller SSG Skillnation s\u00e5 ing\u00e5r det kostnadsfritt.<\/p>\n<p><strong>Vilka branscher g\u00e4ller det?<\/strong><br \/>\nOavsett om du jobbar inom bygg, industri eller annan bransch s\u00e5 \u00e4r certifikatet giltigt p\u00e5 samma s\u00e4tt som certifikat f\u00f6r Heta Arbeten<\/p>\n<p><strong>Godk\u00e4nner alla f\u00f6retag Brandfarliga Arbeten?<\/strong><br \/>\nDet \u00e4r f\u00f6rs\u00e4kingsbolagen som st\u00e4ller krav p\u00e5 Brandfarliga Heta Arbeten p\u00e5 tillf\u00e4llig arbetsplats. Samtliga svenska f\u00f6rs\u00e4kringsbolag godk\u00e4nner certifikat f\u00f6r Brandfarliga Arbeten.<\/p>\n<p><strong>Vad \u00e4r f\u00f6rdelen med Brandfarliga Arbeten?<\/strong><br \/>\nEn ny, modern och riktigt bra utbildning \u2013 dessutom med en l\u00e4gre certifieringsavgift.<\/p>\n<p><strong>Hur l\u00e4nge g\u00e4ller certifikatet?<\/strong><br \/>\nDet g\u00e4ller i 5 \u00e5r och det \u00e4r en absolut tid. Har 5\u00e5rs gr\u00e4nsen passerat \u00e4r certifikatet ogiltigt och man bryter mot s\u00e4kerhetsregel 2.<\/p>\n<p><strong>M\u00e5ste alla ha utbildning?<\/strong><br \/>\nTillst\u00e5ndsansvarig, utf\u00f6rare, brandvakt och efterbevakare m\u00e5ste samtliga ha giltigt certifikat f\u00f6r Brandfarliga Heta Arbeten. Enda undantaget \u00e4r om det tillst\u00e5ndsansvarig inte utf\u00e4rdar mer \u00e4n 3st tillst\u00e5nd per \u00e5r, men han\/hon m\u00e5ste \u00e4nd\u00e5 ha tillr\u00e4ckliga kunskaper om de risker som kan uppst\u00e5.<\/p>\n<p><strong>Finns det kortare kurser?<\/strong><br \/>\nNej, f\u00f6rs\u00e4kringsvillkoren s\u00e4ger att en utbildning skall p\u00e5g\u00e5 i minst 6 timmar. Hittar du en kortare kurs \u00e4r den inte godk\u00e4nd f\u00f6r certifikat f\u00f6r vare sig Brandfarliga Arbeten eller Heta Arbeten.<\/p>\n<p><strong>Vilka arbeten \u00e4r heta?<\/strong><br \/>\nSamtliga arbeten d\u00e4r vi anv\u00e4nder verktyg som avger v\u00e4rme eller gnistor r\u00e4knas som heta arbetsuppgifter. Om arbetet \u00e4r ett brandfarligt hett arbete avg\u00f6rs av den tillst\u00e5ndsansvarige som b\u00e5de skall ta h\u00e4nsyn till arbetsmetoden och milj\u00f6n man befinner sig i. Exempel p\u00e5 verktyg \u00e4r vinkelslip, svets, sk\u00e4rbr\u00e4nnare, varmluftspistol, gasolbr\u00e4nnare, tigers\u00e5g mm.<\/p>\n<p><strong>Brandvakt<\/strong><br \/>\n\u00c4ven brandvakten m\u00e5ste ha giltigt certifikat, brandvakten m\u00e5ste vara n\u00e4rvarande hela tiden n\u00e4r arbete utf\u00f6rs och f\u00e5r ej l\u00e4mna platsen. Om brand uppst\u00e5r skall brandvakten omedelbart p\u00e5b\u00f6rja sl\u00e4ckinsats och inom en minut kunna kontakta r\u00e4ddningstj\u00e4nsten.<\/p>\n<p><strong>Vilka sl\u00e4ckare skall man ha?<\/strong><br \/>\nMinsta antalet sl\u00e4ckare \u00e4r 2st 6kg pulversl\u00e4ckare alternativt en trycksatt vattenslang med s\u00e4ker tillg\u00e5ng till vatten. Vattenslangen skall ha en tjocklek om minst 19mm. Vid takl\u00e4ggning skall minst 3st 6kg pulversl\u00e4ckare anv\u00e4ndas, alternativt 2st 6kg pulversl\u00e4ckare samt en trycksatt vattenslang med s\u00e4ker tillg\u00e5ng till vatten.<\/p>\n<p><strong>\u00d6ppen l\u00e5ga vid t\u00e4tskiktsarbete<br \/>\n<\/strong>Vid t\u00e4tskiktsarbete skall innesluten l\u00e5ga anv\u00e4ndas vid anv\u00e4ndning av gasolverktyg, \u00f6ppen l\u00e5ga \u00e4r ej till\u00e5ten. Idag finns dock ett godk\u00e4nt gasolverktyg f\u00f6r t\u00e4tskiktsarbete d\u00e4r \u00f6ppen l\u00e5ga f\u00e5r anv\u00e4ndas, det skall vara m\u00e4rkt med symbolen SBF 2023. Vi rekommenderar att det anv\u00e4nds.<\/p>\n<p><strong>Tillst\u00e5ndslista<\/strong><br \/>\nEn tillst\u00e5ndslista m\u00e5ste alltid fyllas i innan arbete p\u00e5b\u00f6rjas, tillst\u00e5ndslistan fylls i av dentillst\u00e5ndsansvarige. Tillst\u00e5ndslistan skall fyllas i p\u00e5 plats d\u00e4r arbetet skall utf\u00f6ras, arbetet skall ocks\u00e5 f\u00f6ljas upp av den tillst\u00e5ndsansvarige och \u00e4ven slutkontroll skall genomf\u00f6ras n\u00e4r arbetet \u00e4r klart.<\/p>\n<hr \/>\n<p><strong><br \/>\nVad kostar\u00a0utbildningen?<\/strong><br \/>\nH\u00e4r p\u00e5 v\u00e5r hemsida kan du alltid se vad utbildningen kostar inkl certifieringsavgift. \u00c4r ni m\u00e5nga fr\u00e5n samma f\u00f6retag s\u00e5 kontakta oss f\u00f6r ett b\u00e4ttre pris.<\/p>\n<p><strong>P\u00e5 annan plats?<br \/>\n<\/strong>Vi utbildar g\u00e4rna \u00e4ven p\u00e5 plats hos dig, kontakta oss s\u00e5 ber\u00e4ttar vi mer.<br \/>\n<strong><br \/>\nUtbildningsinneh\u00e5ll<br \/>\n<\/strong>\u2013 Teori g\u00e4llande brandkunskap och de 13 s\u00e4kerhetsreglerna<br \/>\n\u2013 Sl\u00e4cknings\u00f6vning via VR<br \/>\n\u2013 Utbildningstid: Kl 08.00-15.00<\/p>\n<p>&nbsp;<\/p>\n<h3>Kursen levereras i samarbete med L\u00e4rid\u00e9<\/h3>\n<h2><\/h2>\n","protected":false},"excerpt":{"rendered":"<p><strong>Brandfarliga Arbeten \u00e4r den nyaste utbildningen f\u00f6r det certifikat som ger dig f\u00f6ruts\u00e4ttningar f\u00f6r att f\u00f6lja f\u00f6rs\u00e4kringsvillkoren f\u00f6r att arbeten med verktyg som som kan orsaka brand.<\/strong><\/p>\n<div class=\"fusion-text fusion-text-2 fusion-text-no-margin\">\n<p>1:a januari 2023 bytte konceptet\u00a0<em>Heta Arbeten<\/em>\u00a0namn till\u00a0<em>Brandfarliga Heta Arbeten p\u00e5 tillf\u00e4llig arbetsplats<\/em><strong>,\u00a0<\/strong>det finns idag tv\u00e5 godk\u00e4nda utbildningar som ger samma certifikat f\u00f6r sk. heta arbetsuppgifter.<\/p>\n<ul>\n<li><strong>Heta Arbeten\u00a0<\/strong>(Brandskyddsf\u00f6reningen)<\/li>\n<li><strong>Brandfarliga Arbeten\u00a0<\/strong>(SVEBRA \u2013 Svenska Brands\u00e4kerhetsf\u00f6retag)<\/li>\n<\/ul>\n<\/div>\n<div class=\"fusion-text fusion-text-3\">\n<p>&nbsp;<\/p>\n<p>Vilken utbildning du v\u00e4ljer spelar ingen roll enligt f\u00f6rs\u00e4kringsvillkoren. B\u00e5da utbildningarna \u00e4r helt kompatibla med varandra och du kan genomf\u00f6ra repetitionsutbildning med Brandfarliga Arbeten \u00e4ven om du har Heta Arbeten sedan tidigare och vice versa.<\/p>\n<\/div>\n","protected":false},"featured_media":9427,"comment_status":"open","ping_status":"closed","template":"","meta":{"wds_primary_product_brand":0,"wds_primary_product_cat":0},"product_brand":[],"product_cat":[91,213,203],"product_tag":[],"class_list":{"0":"post-10845","1":"product","2":"type-product","3":"status-publish","4":"has-post-thumbnail","6":"product_cat-arbetsmiljo","7":"product_cat-saker-arbetsmiljo","8":"product_cat-industri","10":"first","11":"instock","12":"taxable","13":"shipping-taxable","14":"purchasable","15":"product-type-simple"},"jetpack_sharing_enabled":true,"_links":{"self":[{"href":"https:\/\/republify.se\/index.php\/wp-json\/wp\/v2\/product\/10845","targetHints":{"allow":["GET"]}}],"collection":[{"href":"https:\/\/republify.se\/index.php\/wp-json\/wp\/v2\/product"}],"about":[{"href":"https:\/\/republify.se\/index.php\/wp-json\/wp\/v2\/types\/product"}],"replies":[{"embeddable":true,"href":"https:\/\/republify.se\/index.php\/wp-json\/wp\/v2\/comments?post=10845"}],"wp:featuredmedia":[{"embeddable":true,"href":"https:\/\/republify.se\/index.php\/wp-json\/wp\/v2\/media\/9427"}],"wp:attachment":[{"href":"https:\/\/republify.se\/index.php\/wp-json\/wp\/v2\/media?parent=10845"}],"wp:term":[{"taxonomy":"product_brand","embeddable":true,"href":"https:\/\/republify.se\/index.php\/wp-json\/wp\/v2\/product_brand?post=10845"},{"taxonomy":"product_cat","embeddable":true,"href":"https:\/\/republify.se\/index.php\/wp-json\/wp\/v2\/product_cat?post=10845"},{"taxonomy":"product_tag","embeddable":true,"href":"https:\/\/republify.se\/index.php\/wp-json\/wp\/v2\/product_tag?post=10845"}],"curies":[{"name":"wp","href":"https:\/\/api.w.org\/{rel}","templated":true}]}}