{"id":10806,"date":"2025-10-24T11:27:23","date_gmt":"2025-10-24T10:27:23","guid":{"rendered":"https:\/\/republify.se\/?post_type=product&#038;p=10806"},"modified":"2026-01-08T18:37:11","modified_gmt":"2026-01-08T17:37:11","slug":"aktivera-affaren-skapa-attraktionskraft-och-fart-i-forsaljning","status":"publish","type":"product","link":"https:\/\/republify.se\/index.php\/produkt\/aktivera-affaren-skapa-attraktionskraft-och-fart-i-forsaljning\/","title":{"rendered":"Aktivera Aff\u00e4ren &#8211; Skapa attraktionskraft och fart i f\u00f6rs\u00e4ljning"},"content":{"rendered":"<p>Du deltar i den h\u00e4r utbildningen f\u00f6r att framtiden inte v\u00e4ntar och f\u00f6r att du vill vara den som driver aff\u00e4ren fram\u00e5t ist\u00e4llet f\u00f6r att jaga efter konkurrenterna.<\/p>\n<p>N\u00e4r marknaden f\u00f6r\u00e4ndras snabbare \u00e4n n\u00e5gonsin r\u00e4cker det inte att ha en plan; du beh\u00f6ver ocks\u00e5 en kultur och ett beteende som oms\u00e4tter planen i verkliga resultat.<\/p>\n<p>Genom att st\u00e4rka ert gemensamma agerande, ert kundfokus och er attraktionskraft skapar ni f\u00f6rspr\u00e5ng i st\u00e4llet f\u00f6r att reagera p\u00e5 omv\u00e4rlden. Den h\u00e4r kursen ger dig modet, metoderna och momentumet att g\u00f6ra 2026 till ert starkaste \u00e5r hittills.<\/p>\n<p><strong>M\u00e5lgrupp \u2013 F\u00f6r vem \u00e4r utbildningen?<br \/>\n<\/strong>F\u00f6r team och ledare som ansvarar f\u00f6r f\u00f6rs\u00e4ljning, kundrelationer, aff\u00e4rer eller marknadsf\u00f6ring som vill v\u00e4xla upp sin p\u00e5verkan inf\u00f6r 2026. Denna utbildning levereras i anpassat gruppformat p\u00e5 plats i era lokaler eller p\u00e5 distans om det alternativet fungerar b\u00e4ttre!<\/p>\n<p><strong>F\u00f6rkunskaper<br \/>\n<\/strong>Inga formella krav, bara viljan att utveckla och driva aff\u00e4r.<\/p>\n<p><strong>Inneh\u00e5ll \u2013 Fokus under utbildningen<\/strong><\/p>\n<ul>\n<li>Attraktionskraft i praktiken \u2013 hur syns och v\u00e4ljs ni av r\u00e4tt m\u00e4nniskor?<\/li>\n<li>Beteenden som driver aff\u00e4ren fram\u00e5t \u2013 vad, n\u00e4r och hur ska vi g\u00f6ra?<\/li>\n<li>Den obehagliga sanningen \u2013 vad h\u00e4nder n\u00e4r vi inte agerar?<\/li>\n<li>\u00d6vningar och simuleringar som skapar mod, klarhet och samspel<\/li>\n<li>Bygg momentum \u2013 skapa en takt i kontakt, relation och n\u00e4sta steg<\/li>\n<li>Actionplan 2026 \u2013 ni l\u00e4mnar dagen med tydliga \u00e5taganden och energi<\/li>\n<\/ul>\n<p>&nbsp;<\/p>\n<p><strong>Kursledare<br \/>\n<\/strong>Lucas \u00c5hlstr\u00f6m, specialist p\u00e5 aff\u00e4rsaktivering och engagerande f\u00f6r\u00e4ndringsarbete.<\/p>\n<h2><\/h2>\n","protected":false},"excerpt":{"rendered":"<p><strong>2026 blir inget vanligt \u00e5r, det blir ett race om uppm\u00e4rksamhet, engagemang och kunder. <\/strong><\/p>\n<p>Den h\u00e4r grupputbildningsdagen f\u00f6r dig och ert team ger inte bara kunskap, utan energi och riktning f\u00f6r att skapa verklig r\u00f6relse i er aff\u00e4r.<\/p>\n<p>Vi arbetar hands-on med hur ni bygger attraktionskraft, v\u00e5gar utmana gamla beteenden och v\u00e5gar s\u00e4tta era kunder i r\u00f6relse mot er. Detta \u00e4r dagen som tar er fr\u00e5n planer till aktivering och resultat.<\/p>\n","protected":false},"featured_media":10763,"comment_status":"open","ping_status":"closed","template":"","meta":{"wds_primary_product_brand":0,"wds_primary_product_cat":0},"product_brand":[],"product_cat":[91,30,195,37,32,28],"product_tag":[],"class_list":{"0":"post-10806","1":"product","2":"type-product","3":"status-publish","4":"has-post-thumbnail","6":"product_cat-arbetsmiljo","7":"product_cat-business","8":"product_cat-forsaljning","9":"product_cat-kommunikation","10":"product_cat-ledarskap","11":"product_cat-teamship","13":"first","14":"instock","15":"taxable","16":"shipping-taxable","17":"purchasable","18":"product-type-simple"},"jetpack_sharing_enabled":true,"_links":{"self":[{"href":"https:\/\/republify.se\/index.php\/wp-json\/wp\/v2\/product\/10806","targetHints":{"allow":["GET"]}}],"collection":[{"href":"https:\/\/republify.se\/index.php\/wp-json\/wp\/v2\/product"}],"about":[{"href":"https:\/\/republify.se\/index.php\/wp-json\/wp\/v2\/types\/product"}],"replies":[{"embeddable":true,"href":"https:\/\/republify.se\/index.php\/wp-json\/wp\/v2\/comments?post=10806"}],"wp:featuredmedia":[{"embeddable":true,"href":"https:\/\/republify.se\/index.php\/wp-json\/wp\/v2\/media\/10763"}],"wp:attachment":[{"href":"https:\/\/republify.se\/index.php\/wp-json\/wp\/v2\/media?parent=10806"}],"wp:term":[{"taxonomy":"product_brand","embeddable":true,"href":"https:\/\/republify.se\/index.php\/wp-json\/wp\/v2\/product_brand?post=10806"},{"taxonomy":"product_cat","embeddable":true,"href":"https:\/\/republify.se\/index.php\/wp-json\/wp\/v2\/product_cat?post=10806"},{"taxonomy":"product_tag","embeddable":true,"href":"https:\/\/republify.se\/index.php\/wp-json\/wp\/v2\/product_tag?post=10806"}],"curies":[{"name":"wp","href":"https:\/\/api.w.org\/{rel}","templated":true}]}}