{"id":10785,"date":"2025-10-15T07:16:53","date_gmt":"2025-10-15T06:16:53","guid":{"rendered":"https:\/\/republify.se\/?post_type=product&#038;p=10785"},"modified":"2026-03-24T19:17:14","modified_gmt":"2026-03-24T18:17:14","slug":"it-sakerhet-for-administratorer-grundlaggande","status":"publish","type":"product","link":"https:\/\/republify.se\/index.php\/produkt\/it-sakerhet-for-administratorer-grundlaggande\/","title":{"rendered":"&#8211; IT-s\u00e4kerhet f\u00f6r administrat\u00f6rer &#8211; Grundl\u00e4ggande"},"content":{"rendered":"<p><script src='\/\/d31cr4zxq0qgev.cloudfront.net\/js\/reviews\/1.4.3\/widget.min.js'><span data-mce-type=\"bookmark\" style=\"display: inline-block; width: 0px; overflow: hidden; line-height: 0;\" class=\"mce_SELRES_start\">\ufeff<\/span>\n<\/script><\/p>\n<div style=\"float: right;\">\n<div id=\"widget-reviews\"><\/div>\n<p><script>\n    emgReviewWidget.setup({\n        targetElementId: 'widget-reviews',\n        customerId: '40730',\n        sourceCourseId: '1712129', \n        source: 'utbildning.se'\n    });\n<\/script><\/p>\n<\/div>\n<p>I denna l\u00e4rarledda utbildning f\u00e5r du som deltagare en f\u00f6rst\u00e5else f\u00f6r s\u00e4kerhetsarkitektur, brandv\u00e4ggar, kryptering, logghantering, incidenthantering och hur organisationen kan arbeta i linje med regelverk som NIS2 och ISO 27001. Kursen inneh\u00e5ller flera verklighetsn\u00e4ra exempel och passar \u00e4ven dig som saknar tidigare erfarenhet av cybers\u00e4kerhet.<\/p>\n<h3>M\u00e5lgrupp<\/h3>\n<p>Kursen v\u00e4nder sig till IT-personal, S\u00e4kerhetsansvariga, Produkt\u00e4gare, Chefer och Informationsansvariga<\/p>\n<h3>F\u00f6rkunskaper<\/h3>\n<p>Inga f\u00f6rkunskaper kr\u00e4vs \u2013 kursen b\u00f6rjar p\u00e5 en grundl\u00e4ggande niv\u00e5 och bygger successivt praktisk f\u00f6rst\u00e5else genom teori, demonstrationer och praktiska \u00f6vningar.<\/p>\n<h3>Kursledare<\/h3>\n<p>Kursledare \u00e4r P\u00e4r Bj\u00f6rklund och Jonas Wiktor ifr\u00e5n s\u00e4kerhetsf\u00f6retaget Picox och Republify som tagit fram och genomf\u00f6rt dessa utbildningar under flera \u00e5r f\u00f6r en stor del av Sveriges st\u00f6rre arbetsgivare inom b\u00e5de privat och offentlig verksamhet.<\/p>\n<h3>Efter kursen kan du<\/h3>\n<ul>\n<li style=\"list-style-type: none;\">\n<ul>\n<li>F\u00f6rst\u00e5 och f\u00f6rklara centrala begrepp inom IT-s\u00e4kerhet.<\/li>\n<li>Bygga ett b\u00e4ttre s\u00e4kerhetsmedvetande i din organisation.<\/li>\n<li>Identifiera och minska s\u00e5rbarheter i egna system.<\/li>\n<li>F\u00f6rst\u00e5 basen i att st\u00e5 emot Zero day attacker och hur man ska t\u00e4nka g\u00e4llande Zero Trust.<\/li>\n<li>Incident- och logghantering.<\/li>\n<li>Till\u00e4mpa grundl\u00e4ggande s\u00e4kerhetsprinciper.<\/li>\n<li>Bidra till organisationens s\u00e4kerhetskultur och efterlevnad av NIS2\/ISO 27001.<\/li>\n<\/ul>\n<\/li>\n<\/ul>\n<p>&nbsp;<\/p>\n<h2>Kursinneh\u00e5ll<\/h2>\n<h3>Dag 1 \u2013 Grundl\u00e4ggande s\u00e4kerhet &amp; skyddande \u00e5tg\u00e4rder<\/h3>\n<ul>\n<li>Introduktion till IT-s\u00e4kerhet \u2013 Grundbegrepp ex. hot, s\u00e5rbarhet, risk, incident, skydd.<\/li>\n<li>Hotbild och attacker \u2013 Vanliga attacktyper \u2013 skadlig kod, RAT, phishing, DDoS, insiderhot. Hur angripare t\u00e4nker och agerar.<\/li>\n<li>S\u00e5rbarhetsanalys och riskhantering \u2013 Identifiera och bed\u00f6ma risker (CVE, CVSS, patchning, prioritering).<\/li>\n<li>S\u00e4ker arkitektur och n\u00e4tverksdesign \u2013 Segmentering, DMZ-zoner, \u00e5tkomstniv\u00e5er, Zero Trust-principer.<\/li>\n<li>Brandv\u00e4ggar och skydd, proxy, VPN, IP-restriktioner, filtrering. L\u00e4ttf\u00f6rst\u00e5liga exempel p\u00e5 s\u00e4kra konfigurationer<\/li>\n<\/ul>\n<p>&nbsp;<\/p>\n<h3>Dag 2 \u2013 Detektion, incidenthantering &amp; s\u00e4kerhetskultur<\/h3>\n<ul>\n<li>Loggning och \u00f6vervakning \u2013 Vad som b\u00f6r loggas och varf\u00f6r. Introduktion till IDS\/IPS och logganalys i praktiken.<\/li>\n<li>Incidenthantering i praktiken \u2013 Roller och processer f\u00f6r incidentrespons<\/li>\n<li>Penetrationstest och h\u00e4rdning \u2013 \u00a0Tekniker som st\u00e5r emot attacker mot nya ok\u00e4nda typer av s\u00e5rbarheter.<\/li>\n<li>S\u00e4kerhetsstandarder och policys \u2013 Introduktion till ISO 27001, NIS2 och andra ramverk. Informationsklassificering, beh\u00f6righetsstyrning, styrdokument.<\/li>\n<li>S\u00e4kerhetskultur och ansvar \u2013 M\u00e4nskliga faktorn i IT-s\u00e4kerhet. Hur man bygger s\u00e4kerhetsmedvetenhet i vardagen. \u2019Lessons learned\u2019 efter incidenter<\/li>\n<\/ul>\n<p>&nbsp;<\/p>\n<h4>Kursen levereras i samarbete med<\/h4>\n<p><img decoding=\"async\" class=\"alignnone size-full wp-image-1201 lazyload\" data-src=\"https:\/\/republify.se\/wp-content\/uploads\/2022\/02\/Picox_Logo_2color_1_150.jpg\" alt=\"\" width=\"150\" height=\"50\" src=\"data:image\/svg+xml;base64,PHN2ZyB3aWR0aD0iMSIgaGVpZ2h0PSIxIiB4bWxucz0iaHR0cDovL3d3dy53My5vcmcvMjAwMC9zdmciPjwvc3ZnPg==\" style=\"--smush-placeholder-width: 150px; --smush-placeholder-aspect-ratio: 150\/50;\" \/><\/p>\n<h2><\/h2>\n","protected":false},"excerpt":{"rendered":"<p><strong>Cyberhoten \u00f6kar st\u00e4ndigt och kraven p\u00e5 s\u00e4ker drift har aldrig varit st\u00f6rre. Den h\u00e4r utbildningen ger dig som system- eller n\u00e4tverksadministrat\u00f6r en praktisk och helt\u00e4ckande introduktion till modern IT-s\u00e4kerhet \u2013 fr\u00e5n grundl\u00e4ggande principer till konkreta metoder f\u00f6r att f\u00f6rebygga, uppt\u00e4cka och hantera hot.<\/strong><\/p>\n<p>Denna tv\u00e5dagars introduktionskurs riktar sig till dig utan erfarenhet p\u00e5 omr\u00e5det och vi har \u00e4ven p\u00e5byggnadskursalternativ att jobba vidare med!<\/p>\n","protected":false},"featured_media":3478,"comment_status":"open","ping_status":"closed","template":"","meta":{"wds_primary_product_brand":0,"wds_primary_product_cat":0},"product_brand":[],"product_cat":[134,56,38,31,203],"product_tag":[],"class_list":{"0":"post-10785","1":"product","2":"type-product","3":"status-publish","4":"has-post-thumbnail","6":"product_cat-cyber-security","7":"product_cat-it-sakerhet","8":"product_cat-natverk-datakom","9":"product_cat-security","10":"product_cat-industri","12":"first","13":"instock","14":"taxable","15":"shipping-taxable","16":"purchasable","17":"product-type-simple"},"jetpack_sharing_enabled":true,"_links":{"self":[{"href":"https:\/\/republify.se\/index.php\/wp-json\/wp\/v2\/product\/10785","targetHints":{"allow":["GET"]}}],"collection":[{"href":"https:\/\/republify.se\/index.php\/wp-json\/wp\/v2\/product"}],"about":[{"href":"https:\/\/republify.se\/index.php\/wp-json\/wp\/v2\/types\/product"}],"replies":[{"embeddable":true,"href":"https:\/\/republify.se\/index.php\/wp-json\/wp\/v2\/comments?post=10785"}],"wp:featuredmedia":[{"embeddable":true,"href":"https:\/\/republify.se\/index.php\/wp-json\/wp\/v2\/media\/3478"}],"wp:attachment":[{"href":"https:\/\/republify.se\/index.php\/wp-json\/wp\/v2\/media?parent=10785"}],"wp:term":[{"taxonomy":"product_brand","embeddable":true,"href":"https:\/\/republify.se\/index.php\/wp-json\/wp\/v2\/product_brand?post=10785"},{"taxonomy":"product_cat","embeddable":true,"href":"https:\/\/republify.se\/index.php\/wp-json\/wp\/v2\/product_cat?post=10785"},{"taxonomy":"product_tag","embeddable":true,"href":"https:\/\/republify.se\/index.php\/wp-json\/wp\/v2\/product_tag?post=10785"}],"curies":[{"name":"wp","href":"https:\/\/api.w.org\/{rel}","templated":true}]}}