{"id":10760,"date":"2025-10-10T09:15:46","date_gmt":"2025-10-10T08:15:46","guid":{"rendered":"https:\/\/republify.se\/?post_type=product&#038;p=10760"},"modified":"2025-11-21T07:35:08","modified_gmt":"2025-11-21T06:35:08","slug":"adobe-photoshop-grundutbildning","status":"publish","type":"product","link":"https:\/\/republify.se\/index.php\/produkt\/adobe-photoshop-grundutbildning\/","title":{"rendered":"Adobe Photoshop &#8211; Grundutbildning"},"content":{"rendered":"<p>&#8211; Skillnad mellan Photoshop och Illustrator<br \/>\n&#8211; Orientering i Adobe Photoshop\/gr\u00e4nssnitt<br \/>\n&#8211; Olika markerings s\u00e5tt och deras anv\u00e4ndning<br \/>\n&#8211; Lager och deras anv\u00e4ndning<br \/>\n&#8211; Bilduppl\u00f6sningar och deras olika anv\u00e4ndningar<br \/>\n&#8211; Skapa, \u00f6ppna, spara\/exportera bilder<br \/>\n&#8211; Photoshops olika verktyg och deras anv\u00e4ndning<br \/>\n&#8211; Skillnad mellan bilder f\u00f6r tryck och web<br \/>\n&#8211; Egenskaper av olika bildformat och deras olika anv\u00e4ndning<br \/>\n&#8211; Enklare Bildbehandling<br \/>\n&#8211; Olika filter och deras anv\u00e4ndning<br \/>\n&#8211; AI i photoshop och dess anv\u00e4ndning<br \/>\n&#8211; Typsnitt och deras anv\u00e4ndning<br \/>\n&#8211; F\u00e4rger och olika f\u00e4rgsystem<\/p>\n<p>&nbsp;<\/p>\n<h3>Kursen levereras i samarbete med MultipleDesigns<\/h3>\n","protected":false},"excerpt":{"rendered":"<p><strong>I denna tv\u00e5dagarsutbilning g\u00e5r vi igenom de mest anv\u00e4nda functionerna i Adobe Photoshop. <\/strong><\/p>\n<p>Med \u00e4mnesexperten kan du repetera och \u00f6va med kursens bilder och kan d\u00e4refter applicera dina kunskaper p\u00e5 egna bilder.<\/p>\n<p>Kursen ger en god insikt i anv\u00e4ndningen av Photoshop och du kan efter genomg\u00e5ngen utbildning b\u00f6rja anv\u00e4nda Photoshop i ditt dagliga arbete.<\/p>\n","protected":false},"featured_media":10759,"comment_status":"open","ping_status":"closed","template":"","meta":{"wds_primary_product_brand":0,"wds_primary_product_cat":0},"product_brand":[],"product_cat":[209,211,29,84],"product_tag":[],"class_list":{"0":"post-10760","1":"product","2":"type-product","3":"status-publish","4":"has-post-thumbnail","6":"product_cat-adobe","7":"product_cat-photoshop","8":"product_cat-technical","9":"product_cat-microsoft_office_adobe","11":"first","12":"instock","13":"taxable","14":"shipping-taxable","15":"purchasable","16":"product-type-simple"},"jetpack_sharing_enabled":true,"_links":{"self":[{"href":"https:\/\/republify.se\/index.php\/wp-json\/wp\/v2\/product\/10760","targetHints":{"allow":["GET"]}}],"collection":[{"href":"https:\/\/republify.se\/index.php\/wp-json\/wp\/v2\/product"}],"about":[{"href":"https:\/\/republify.se\/index.php\/wp-json\/wp\/v2\/types\/product"}],"replies":[{"embeddable":true,"href":"https:\/\/republify.se\/index.php\/wp-json\/wp\/v2\/comments?post=10760"}],"wp:featuredmedia":[{"embeddable":true,"href":"https:\/\/republify.se\/index.php\/wp-json\/wp\/v2\/media\/10759"}],"wp:attachment":[{"href":"https:\/\/republify.se\/index.php\/wp-json\/wp\/v2\/media?parent=10760"}],"wp:term":[{"taxonomy":"product_brand","embeddable":true,"href":"https:\/\/republify.se\/index.php\/wp-json\/wp\/v2\/product_brand?post=10760"},{"taxonomy":"product_cat","embeddable":true,"href":"https:\/\/republify.se\/index.php\/wp-json\/wp\/v2\/product_cat?post=10760"},{"taxonomy":"product_tag","embeddable":true,"href":"https:\/\/republify.se\/index.php\/wp-json\/wp\/v2\/product_tag?post=10760"}],"curies":[{"name":"wp","href":"https:\/\/api.w.org\/{rel}","templated":true}]}}