{"id":10737,"date":"2025-10-10T08:32:08","date_gmt":"2025-10-10T07:32:08","guid":{"rendered":"https:\/\/republify.se\/?post_type=product&#038;p=10737"},"modified":"2025-11-21T07:35:22","modified_gmt":"2025-11-21T06:35:22","slug":"adobe-indesign-grundutbildning","status":"publish","type":"product","link":"https:\/\/republify.se\/index.php\/produkt\/adobe-indesign-grundutbildning\/","title":{"rendered":"Adobe InDesign &#8211; Grundutbildning"},"content":{"rendered":"<p>&#8211; Orientering i Adobe InDesign\/gr\u00e4nssnitt<br \/>\n&#8211; olika verktyg och deras anv\u00e4ndning<br \/>\n&#8211; storlek och anpassning<br \/>\n&#8211; lager och deras anv\u00e4ndning<br \/>\n&#8211; f\u00e4rger och deras anv\u00e4ndning<br \/>\n&#8211; typsnitt &#8211; olika typer och deras anv\u00e4ndning<br \/>\n&#8211; text spalter och textfl\u00f6den<br \/>\n&#8211; olika layout hj\u00e4lpmedel<br \/>\n&#8211; paginering och mallar<br \/>\n&#8211; delning och f\u00f6rhandsvisning<br \/>\n&#8211; export och publicering<\/p>\n<p>&nbsp;<\/p>\n<h3>Kursen levereras i samarbete med MultipleDesigns<\/h3>\n","protected":false},"excerpt":{"rendered":"<p><strong>I denna tv\u00e5dagarsutbilning g\u00e5r vi igenom de mest anv\u00e4nda funktionerna i Adobe InDesign. <\/strong><\/p>\n<p><strong>Du kan repetera och \u00f6va med kursens bilder och layout exempel och kan d\u00e4refter applicera kunskaperna p\u00e5 egna layouter eller skapa nya egna layouter.<\/strong><\/p>\n<p>Kursen ger en god insikt i anv\u00e4ndningen av InDesign och du kan efter genomg\u00e5ngen utbildning b\u00f6rja anv\u00e4nda InDesign i ditt dagliga arbete.<\/p>\n","protected":false},"featured_media":10759,"comment_status":"open","ping_status":"closed","template":"","meta":{"wds_primary_product_brand":0,"wds_primary_product_cat":0},"product_brand":[],"product_cat":[209,210,29,84],"product_tag":[],"class_list":{"0":"post-10737","1":"product","2":"type-product","3":"status-publish","4":"has-post-thumbnail","6":"product_cat-adobe","7":"product_cat-indesign","8":"product_cat-technical","9":"product_cat-microsoft_office_adobe","11":"first","12":"instock","13":"taxable","14":"shipping-taxable","15":"purchasable","16":"product-type-simple"},"jetpack_sharing_enabled":true,"_links":{"self":[{"href":"https:\/\/republify.se\/index.php\/wp-json\/wp\/v2\/product\/10737","targetHints":{"allow":["GET"]}}],"collection":[{"href":"https:\/\/republify.se\/index.php\/wp-json\/wp\/v2\/product"}],"about":[{"href":"https:\/\/republify.se\/index.php\/wp-json\/wp\/v2\/types\/product"}],"replies":[{"embeddable":true,"href":"https:\/\/republify.se\/index.php\/wp-json\/wp\/v2\/comments?post=10737"}],"wp:featuredmedia":[{"embeddable":true,"href":"https:\/\/republify.se\/index.php\/wp-json\/wp\/v2\/media\/10759"}],"wp:attachment":[{"href":"https:\/\/republify.se\/index.php\/wp-json\/wp\/v2\/media?parent=10737"}],"wp:term":[{"taxonomy":"product_brand","embeddable":true,"href":"https:\/\/republify.se\/index.php\/wp-json\/wp\/v2\/product_brand?post=10737"},{"taxonomy":"product_cat","embeddable":true,"href":"https:\/\/republify.se\/index.php\/wp-json\/wp\/v2\/product_cat?post=10737"},{"taxonomy":"product_tag","embeddable":true,"href":"https:\/\/republify.se\/index.php\/wp-json\/wp\/v2\/product_tag?post=10737"}],"curies":[{"name":"wp","href":"https:\/\/api.w.org\/{rel}","templated":true}]}}