{"id":10725,"date":"2025-10-08T06:48:29","date_gmt":"2025-10-08T05:48:29","guid":{"rendered":"https:\/\/republify.se\/?post_type=product&#038;p=10725"},"modified":"2026-04-15T15:19:19","modified_gmt":"2026-04-15T14:19:19","slug":"spring-ai-integrera-java-applikationer-med-generativ-ai-webinar","status":"publish","type":"product","link":"https:\/\/republify.se\/index.php\/produkt\/spring-ai-integrera-java-applikationer-med-generativ-ai-webinar\/","title":{"rendered":"Spring AI \u2013 integrera Java-applikationer med generativ AI (Webinar)"},"content":{"rendered":"<p>Under detta webinar tittar vi n\u00e4rmare p\u00e5 hur Spring AI g\u00f6r det m\u00f6jligt att bygga enterprise-l\u00f6sningar med generativ AI i Java-milj\u00f6.<\/p>\n<p>Bland annat f\u00e5r du se hur du kan:<\/p>\n<p>\ud83d\udd39\u00a0Anv\u00e4nda ChatClient mot olika LLM-leverant\u00f6rer (support finns f\u00f6r alla stora LLM-leverant\u00f6rer)<\/p>\n<p data-start=\"578\" data-end=\"632\">\ud83d\udd39\u00a0F\u00e5\u00a0strukturerat output fr\u00e5n en LLM direkt till dina POJOs<\/p>\n<p>\ud83d\udd39\u00a0Anv\u00e4nda Advisors f\u00f6r\u00a0exempelvis observability och chat memory<\/p>\n<p data-start=\"578\" data-end=\"632\">\ud83d\udd39\u00a0Integrera egen data via\u00a0prompt stuffing\u00a0och\u00a0Retrieval Augmented Generation (RAG)<\/p>\n<p>\ud83d\udd39\u00a0Integrera egna funktioner med tools\/function calling<\/p>\n<p data-start=\"748\" data-end=\"812\">\ud83d\udd39\u00a0Bygga integrationer med\u00a0Model Context Protocol (MCP) f\u00f6r b\u00e5de klient och server<\/p>\n<p><strong>M\u00e5lgrupp<br \/>\n<\/strong>Oavsett om du \u00e4r utvecklare, arkitekt eller beslutsfattare f\u00e5r du nya insikter och konkreta exempel p\u00e5 hur Spring AI kan bli en nyckelkomponent i f\u00f6retagets Java-system.<\/p>\n<p><strong>Metod<\/strong><br \/>\nF\u00f6rel\u00e4sning varvat med fr\u00e5gor.<\/p>\n<p><strong>Sessionens l\u00e4ngd<\/strong><br \/>\n60 minuter plus tid f\u00f6r fr\u00e5gor &amp; diskussion<\/p>\n<p><strong>Om f\u00f6rel\u00e4saren<br \/>\n<\/strong>Andreas Olsson har arbetat professionellt med Java och Spring i \u00f6ver 20 \u00e5r och utbildat utvecklare inom dessa \u00e4mnen sedan 2016. Genom \u00e5ren har han hj\u00e4lpt b\u00e5de team och organisationer att snabbt ta till sig ny teknik och oms\u00e4tta den i verkliga system, fr\u00e4mst i Sverige men \u00e4ven internationellt.<\/p>\n<h2><\/h2>\n","protected":false},"excerpt":{"rendered":"<p><strong>I detta webinar f\u00e5r du en praktisk introduktion till hur f\u00f6retagets Java-applikationer kan integreras med generativ AI, helt i Java och Spring, och utan behov av Python eller andra tekniker. <\/strong><\/p>\n<p>Du f\u00e5r se hur Spring AI f\u00f6renklar arbetet med att koppla f\u00f6retagets system mot olika LLM-leverant\u00f6rer, hantera kontext och minne i konversationer, integrera egna funktioner och data, samt skapa strukturerad output som enkelt kan anv\u00e4ndas i dina system.<\/p>\n","protected":false},"featured_media":10770,"comment_status":"open","ping_status":"closed","template":"","meta":{"wds_primary_product_brand":0,"wds_primary_product_cat":0},"product_brand":[],"product_cat":[73,29],"product_tag":[],"class_list":{"0":"post-10725","1":"product","2":"type-product","3":"status-publish","4":"has-post-thumbnail","6":"product_cat-java","7":"product_cat-technical","9":"first","10":"instock","11":"taxable","12":"shipping-taxable","13":"purchasable","14":"product-type-simple"},"jetpack_sharing_enabled":true,"_links":{"self":[{"href":"https:\/\/republify.se\/index.php\/wp-json\/wp\/v2\/product\/10725","targetHints":{"allow":["GET"]}}],"collection":[{"href":"https:\/\/republify.se\/index.php\/wp-json\/wp\/v2\/product"}],"about":[{"href":"https:\/\/republify.se\/index.php\/wp-json\/wp\/v2\/types\/product"}],"replies":[{"embeddable":true,"href":"https:\/\/republify.se\/index.php\/wp-json\/wp\/v2\/comments?post=10725"}],"wp:featuredmedia":[{"embeddable":true,"href":"https:\/\/republify.se\/index.php\/wp-json\/wp\/v2\/media\/10770"}],"wp:attachment":[{"href":"https:\/\/republify.se\/index.php\/wp-json\/wp\/v2\/media?parent=10725"}],"wp:term":[{"taxonomy":"product_brand","embeddable":true,"href":"https:\/\/republify.se\/index.php\/wp-json\/wp\/v2\/product_brand?post=10725"},{"taxonomy":"product_cat","embeddable":true,"href":"https:\/\/republify.se\/index.php\/wp-json\/wp\/v2\/product_cat?post=10725"},{"taxonomy":"product_tag","embeddable":true,"href":"https:\/\/republify.se\/index.php\/wp-json\/wp\/v2\/product_tag?post=10725"}],"curies":[{"name":"wp","href":"https:\/\/api.w.org\/{rel}","templated":true}]}}