{"id":10713,"date":"2025-10-03T06:56:33","date_gmt":"2025-10-03T05:56:33","guid":{"rendered":"https:\/\/republify.se\/?post_type=product&#038;p=10713"},"modified":"2026-01-08T18:39:26","modified_gmt":"2026-01-08T17:39:26","slug":"zoom-for-dig-som-kan-teams","status":"publish","type":"product","link":"https:\/\/republify.se\/index.php\/produkt\/zoom-for-dig-som-kan-teams\/","title":{"rendered":"Zoom \u2014 f\u00f6r dig som kan Teams"},"content":{"rendered":"<h2 data-start=\"1216\" data-end=\"1231\">F\u00f6rkunskaper<\/h2>\n<ul data-start=\"1232\" data-end=\"1349\">\n<li data-start=\"1232\" data-end=\"1322\">\n<p data-start=\"1234\" data-end=\"1322\">God vana att anv\u00e4nda Microsoft Teams (deltagande och drift av m\u00f6ten, chatt, fildelning).<\/p>\n<\/li>\n<li data-start=\"1323\" data-end=\"1349\">\n<p data-start=\"1325\" data-end=\"1349\">Grundl\u00e4ggande datorvana.<\/p>\n<\/li>\n<\/ul>\n<h2 data-start=\"1351\" data-end=\"1393\">M\u00e5l \/ Efter kursen ska deltagaren kunna<\/h2>\n<ul data-start=\"1394\" data-end=\"1970\">\n<li data-start=\"1394\" data-end=\"1451\">\n<p data-start=\"1396\" data-end=\"1451\">F\u00f6rst\u00e5 Zooms grundstruktur och j\u00e4mf\u00f6ra den med Teams.<\/p>\n<\/li>\n<li data-start=\"1452\" data-end=\"1526\">\n<p data-start=\"1454\" data-end=\"1526\">Starta, boka och driva effektiva Zoom-m\u00f6ten (inkl. externa deltagare).<\/p>\n<\/li>\n<li data-start=\"1527\" data-end=\"1600\">\n<p data-start=\"1529\" data-end=\"1600\">Hantera ljud, bild, sk\u00e4rmdelning, whiteboard och breakout-rum i Zoom.<\/p>\n<\/li>\n<li data-start=\"1601\" data-end=\"1692\">\n<p data-start=\"1603\" data-end=\"1692\">Dela och samarbeta med filer i Zoom och k\u00e4nna skillnader mot Teams\/SharePoint\/OneDrive.<\/p>\n<\/li>\n<li data-start=\"1693\" data-end=\"1761\">\n<p data-start=\"1695\" data-end=\"1761\">Spela in m\u00f6ten korrekt och veta var inspelningar sparas\/kan n\u00e5s.<\/p>\n<\/li>\n<li data-start=\"1762\" data-end=\"1878\">\n<p data-start=\"1764\" data-end=\"1878\">Anv\u00e4nda Zooms s\u00e4kerhetsinst\u00e4llningar f\u00f6r att minimera st\u00f6rningar (waiting room, l\u00f6senord, deltagarbeh\u00f6righeter).<\/p>\n<\/li>\n<li data-start=\"1879\" data-end=\"1970\">\n<p data-start=\"1881\" data-end=\"1970\">Fels\u00f6ka vanliga problem och ge tips f\u00f6r bra m\u00f6tesupplevelser f\u00f6r b\u00e5de v\u00e4rd och deltagare.<\/p>\n<\/li>\n<\/ul>\n<h2 data-start=\"1972\" data-end=\"2014\">Kursinneh\u00e5ll<\/h2>\n<ol data-start=\"2015\" data-end=\"3541\">\n<li data-start=\"2015\" data-end=\"2214\">\n<p data-start=\"2018\" data-end=\"2047\"><strong data-start=\"2018\" data-end=\"2045\">Introduktion &amp; \u00f6versikt<\/strong><\/p>\n<ul data-start=\"2051\" data-end=\"2214\">\n<li data-start=\"2051\" data-end=\"2130\">\n<p data-start=\"2053\" data-end=\"2130\">Vad \u00e4r Zoom? Kort j\u00e4mf\u00f6relse med Teams (arkitektur och anv\u00e4ndningsomr\u00e5den).<\/p>\n<\/li>\n<li data-start=\"2134\" data-end=\"2214\">\n<p data-start=\"2136\" data-end=\"2214\">Terminologi: Host, Co-host, Participants, Waiting Room, Breakout rooms, Polls.<\/p>\n<\/li>\n<\/ul>\n<\/li>\n<li data-start=\"2216\" data-end=\"2390\">\n<p data-start=\"2219\" data-end=\"2245\"><strong data-start=\"2219\" data-end=\"2243\">M\u00f6tesbokning &amp; start<\/strong><\/p>\n<ul data-start=\"2249\" data-end=\"2390\">\n<li data-start=\"2249\" data-end=\"2308\">\n<p data-start=\"2251\" data-end=\"2308\">Boka via Zoom-klienten och via Outlook\/Google-kalender.<\/p>\n<\/li>\n<li data-start=\"2312\" data-end=\"2390\">\n<p data-start=\"2314\" data-end=\"2390\">Inst\u00e4llningar vid bokning: meeting ID, passcode, waiting room, registrering.<\/p>\n<\/li>\n<\/ul>\n<\/li>\n<li data-start=\"2392\" data-end=\"2552\">\n<p data-start=\"2395\" data-end=\"2439\"><strong data-start=\"2395\" data-end=\"2437\">Dagligt anv\u00e4ndande \u2014 chatt &amp; kontakter<\/strong><\/p>\n<ul data-start=\"2443\" data-end=\"2552\">\n<li data-start=\"2443\" data-end=\"2509\">\n<p data-start=\"2445\" data-end=\"2509\">Direktmeddelanden, kanal-\/gruppchattar i j\u00e4mf\u00f6relse med Teams.<\/p>\n<\/li>\n<li data-start=\"2513\" data-end=\"2552\">\n<p data-start=\"2515\" data-end=\"2552\">Hantering av kontaktlista och status.<\/p>\n<\/li>\n<\/ul>\n<\/li>\n<li data-start=\"2554\" data-end=\"2714\">\n<p data-start=\"2557\" data-end=\"2604\"><strong data-start=\"2557\" data-end=\"2602\">Mikrofons-\/kamerahantering &amp; b\u00e4sta praxis<\/strong><\/p>\n<ul data-start=\"2608\" data-end=\"2714\">\n<li data-start=\"2608\" data-end=\"2644\">\n<p data-start=\"2610\" data-end=\"2644\">Tips f\u00f6r ljud- och bildkvalitet.<\/p>\n<\/li>\n<li data-start=\"2648\" data-end=\"2714\">\n<p data-start=\"2650\" data-end=\"2714\">Hantera flera deltagare, demuta\/dela ljud, virtuella bakgrunder.<\/p>\n<\/li>\n<\/ul>\n<\/li>\n<li data-start=\"2716\" data-end=\"2870\">\n<p data-start=\"2719\" data-end=\"2760\"><strong data-start=\"2719\" data-end=\"2758\">Dela sk\u00e4rm, dokument och whiteboard<\/strong><\/p>\n<ul data-start=\"2764\" data-end=\"2870\">\n<li data-start=\"2764\" data-end=\"2823\">\n<p data-start=\"2766\" data-end=\"2823\">Skillnader i filhantering j\u00e4mf\u00f6rt med Teams\/SharePoint.<\/p>\n<\/li>\n<li data-start=\"2827\" data-end=\"2870\">\n<p data-start=\"2829\" data-end=\"2870\">Anv\u00e4nda Zoom Whiteboard och annoteringar.<\/p>\n<\/li>\n<\/ul>\n<\/li>\n<li data-start=\"2872\" data-end=\"3045\">\n<p data-start=\"2875\" data-end=\"2912\"><strong data-start=\"2875\" data-end=\"2910\">Breakout rooms &amp; interaktivitet<\/strong><\/p>\n<ul data-start=\"2916\" data-end=\"3045\">\n<li data-start=\"2916\" data-end=\"2996\">\n<p data-start=\"2918\" data-end=\"2996\">Skapa\/administrera Breakout rooms, flytta deltagare, \u00e5terkalla till plenary.<\/p>\n<\/li>\n<li data-start=\"3000\" data-end=\"3045\">\n<p data-start=\"3002\" data-end=\"3045\">Anv\u00e4nda omr\u00f6stningar (Polls) och reactions.<\/p>\n<\/li>\n<\/ul>\n<\/li>\n<li data-start=\"3047\" data-end=\"3220\">\n<p data-start=\"3050\" data-end=\"3085\"><strong data-start=\"3050\" data-end=\"3083\">Inspelning &amp; efterbearbetning<\/strong><\/p>\n<ul data-start=\"3089\" data-end=\"3220\">\n<li data-start=\"3089\" data-end=\"3164\">\n<p data-start=\"3091\" data-end=\"3164\">Lokal vs cloud-inspelning, var sparas filerna, r\u00e4ttigheter och delning.<\/p>\n<\/li>\n<li data-start=\"3168\" data-end=\"3220\">\n<p data-start=\"3170\" data-end=\"3220\">Tips f\u00f6r filnamn, transkribering och distribution.<\/p>\n<\/li>\n<\/ul>\n<\/li>\n<li data-start=\"3222\" data-end=\"3395\">\n<p data-start=\"3225\" data-end=\"3251\"><strong data-start=\"3225\" data-end=\"3249\">S\u00e4kerhet &amp; sekretess<\/strong><\/p>\n<ul data-start=\"3255\" data-end=\"3395\">\n<li data-start=\"3255\" data-end=\"3321\">\n<p data-start=\"3257\" data-end=\"3321\">Waiting room, passcodes, l\u00e5sa m\u00f6ten, rulla tillbaka deltagare.<\/p>\n<\/li>\n<li data-start=\"3325\" data-end=\"3395\">\n<p data-start=\"3327\" data-end=\"3395\">GDPR-relaterade fr\u00e5gor kring inspelningar och tredjelands\u00f6verf\u00f6ring.<\/p>\n<\/li>\n<\/ul>\n<\/li>\n<li data-start=\"3397\" data-end=\"3513\">\n<p data-start=\"3400\" data-end=\"3424\"><strong data-start=\"3400\" data-end=\"3422\">Praktiska \u00f6vningar<\/strong><\/p>\n<ul data-start=\"3428\" data-end=\"3513\">\n<li data-start=\"3428\" data-end=\"3513\">\n<p data-start=\"3430\" data-end=\"3513\">Deltagarstyrda \u00f6vningar: boka m\u00f6te, starta m\u00f6te, breakout, spela in, dela material.<\/p>\n<\/li>\n<\/ul>\n<\/li>\n<li data-start=\"3515\" data-end=\"3541\">\n<p data-start=\"3519\" data-end=\"3541\"><strong data-start=\"3519\" data-end=\"3539\">Avslutning &amp; Q\/A<\/strong><\/p>\n<\/li>\n<\/ol>\n<ul data-start=\"3545\" data-end=\"3602\">\n<li data-start=\"3545\" data-end=\"3602\">\n<p data-start=\"3547\" data-end=\"3602\">Sammanfattning, b\u00e4sta tipslista, checklista f\u00f6r v\u00e4rdar.<\/p>\n<\/li>\n<\/ul>\n<h2 data-start=\"3604\" data-end=\"3623\">Material &amp; intyg<\/h2>\n<ul data-start=\"3624\" data-end=\"3828\">\n<li data-start=\"3624\" data-end=\"3712\">\n<p data-start=\"3626\" data-end=\"3712\">Kursdeltagarna f\u00e5r elektroniskt kursmaterial (checklistor och steg-f\u00f6r-steg-guider).<\/p>\n<\/li>\n<li data-start=\"3713\" data-end=\"3828\">\n<p data-start=\"3715\" data-end=\"3828\">Kursintyg utf\u00e4rdas efter genomf\u00f6rd utbildning. Eventuellt kunskapsprov\/momenter markeras p\u00e5 intyget om s\u00e5 \u00f6nskas.<\/p>\n<\/li>\n<\/ul>\n<p>&nbsp;<\/p>\n<h3>Kursen levereras i samarbete med<\/h3>\n<p><img decoding=\"async\" class=\"alignnone size-medium wp-image-1221 lazyload\" data-src=\"https:\/\/republify.se\/wp-content\/uploads\/2022\/02\/humandata_logo-300x62.jpg\" alt=\"\" width=\"300\" height=\"62\" data-srcset=\"https:\/\/republify.se\/wp-content\/uploads\/2022\/02\/humandata_logo-300x62.jpg 300w, https:\/\/republify.se\/wp-content\/uploads\/2022\/02\/humandata_logo.jpg 319w\" data-sizes=\"(max-width: 300px) 100vw, 300px\" src=\"data:image\/svg+xml;base64,PHN2ZyB3aWR0aD0iMSIgaGVpZ2h0PSIxIiB4bWxucz0iaHR0cDovL3d3dy53My5vcmcvMjAwMC9zdmciPjwvc3ZnPg==\" style=\"--smush-placeholder-width: 300px; --smush-placeholder-aspect-ratio: 300\/62;\" \/><\/p>\n<h2><\/h2>\n","protected":false},"excerpt":{"rendered":"<p><strong>Detta \u00e4r kursen f\u00f6r dig som \u00e4r van vid att h\u00e5lla och delta i distansm\u00f6ten med Microsoft Teams men som nu beh\u00f6ver arbeta effektivt i Zoom. <\/strong><\/p>\n<p>Kursen visar hur Zooms arbetsfl\u00f6den och funktioner motsvarar Teams \u2014 vi fokuserar p\u00e5 de snabbaste v\u00e4garna att utf\u00f6ra samma uppgifter, undviker vanliga fallgropar och l\u00e4r ut smarta arbetsrutiner f\u00f6r samarbete och inspelning.<\/p>\n<p>Kursen v\u00e4nder sig till medarbetare, projektledare och administrat\u00f6rer som dagligen anv\u00e4nder Microsoft Teams och snabbt beh\u00f6ver kunna arbeta i Zoom vid kundkontakter, samarbeten med externa parter eller n\u00e4r Zoom \u00e4r organisationens val f\u00f6r videom\u00f6ten.<\/p>\n","protected":false},"featured_media":9440,"comment_status":"open","ping_status":"closed","template":"","meta":{"wds_primary_product_brand":0,"wds_primary_product_cat":0},"product_brand":[],"product_cat":[43,48,29,84,207],"product_tag":[],"class_list":{"0":"post-10713","1":"product","2":"type-product","3":"status-publish","4":"has-post-thumbnail","6":"product_cat-microsoft","7":"product_cat-ms-teams","8":"product_cat-technical","9":"product_cat-microsoft_office_adobe","10":"product_cat-zoom","12":"first","13":"instock","14":"taxable","15":"shipping-taxable","16":"purchasable","17":"product-type-simple"},"jetpack_sharing_enabled":true,"_links":{"self":[{"href":"https:\/\/republify.se\/index.php\/wp-json\/wp\/v2\/product\/10713","targetHints":{"allow":["GET"]}}],"collection":[{"href":"https:\/\/republify.se\/index.php\/wp-json\/wp\/v2\/product"}],"about":[{"href":"https:\/\/republify.se\/index.php\/wp-json\/wp\/v2\/types\/product"}],"replies":[{"embeddable":true,"href":"https:\/\/republify.se\/index.php\/wp-json\/wp\/v2\/comments?post=10713"}],"wp:featuredmedia":[{"embeddable":true,"href":"https:\/\/republify.se\/index.php\/wp-json\/wp\/v2\/media\/9440"}],"wp:attachment":[{"href":"https:\/\/republify.se\/index.php\/wp-json\/wp\/v2\/media?parent=10713"}],"wp:term":[{"taxonomy":"product_brand","embeddable":true,"href":"https:\/\/republify.se\/index.php\/wp-json\/wp\/v2\/product_brand?post=10713"},{"taxonomy":"product_cat","embeddable":true,"href":"https:\/\/republify.se\/index.php\/wp-json\/wp\/v2\/product_cat?post=10713"},{"taxonomy":"product_tag","embeddable":true,"href":"https:\/\/republify.se\/index.php\/wp-json\/wp\/v2\/product_tag?post=10713"}],"curies":[{"name":"wp","href":"https:\/\/api.w.org\/{rel}","templated":true}]}}