{"id":10661,"date":"2025-09-16T08:38:36","date_gmt":"2025-09-16T07:38:36","guid":{"rendered":"https:\/\/republify.se\/?post_type=product&#038;p=10661"},"modified":"2026-04-15T15:10:14","modified_gmt":"2026-04-15T14:10:14","slug":"nyckeln-till-framgangsrika-projekt-planera-med-syfte-webinar","status":"publish","type":"product","link":"https:\/\/republify.se\/index.php\/produkt\/nyckeln-till-framgangsrika-projekt-planera-med-syfte-webinar\/","title":{"rendered":"Nyckeln till framg\u00e5ngsrika projekt &#8211; planera med syfte (Webinar)"},"content":{"rendered":"<p>Det operativa arbetet bedrivs alltmer i projektform, och kunskaper i projektledning har blivit en aff\u00e4rskritisk kunskap. Projektledarens f\u00f6rm\u00e5ga att planera och styra projektet och leda projektmedlemmarna \u00e4r avg\u00f6rande f\u00f6r resultatet, f\u00f6r att n\u00e5 den \u00f6nskade effekten av projektet.<\/p>\n<p><em>Syftet med webinaret \u00e4r att se f\u00f6rbi de verktyg och metoder som projektledaren anv\u00e4nder, och ist\u00e4llet fokusera p\u00e5 varf\u00f6r de anv\u00e4nds och vilket v\u00e4rde de tillf\u00f6r.<\/em><\/p>\n<p><strong>M\u00e5lgrupp<\/strong><br \/>\nNyblivna Projektledare, du som \u00e4r nyfiken p\u00e5 \u00e4mnet eller st\u00e5r i begrepp att vidareutbilda dig eller \u00e4ndra karri\u00e4rv\u00e4g.<\/p>\n<p><strong>Metod<\/strong><br \/>\nF\u00f6rel\u00e4sning varvat med fr\u00e5gor.<\/p>\n<p><strong>Sessionens l\u00e4ngd<\/strong><br \/>\n60 minuter plus tid f\u00f6r fr\u00e5gor &amp; diskussion<\/p>\n<p><strong>Om f\u00f6rel\u00e4saren<\/strong><br \/>\nLars Hallin, (Projektledare, Pedagog och f\u00f6rfattare Antartica Solutions) har arbetat som konsult och utbildare sedan 1998, med tyngdpunkten p\u00e5 projektledning, kommunikation och presentationsteknik.<\/p>\n<p><img decoding=\"async\" class=\"alignnone wp-image-9254 size-thumbnail lazyload\" data-src=\"https:\/\/republify.se\/wp-content\/uploads\/2025\/02\/Lars_Hallin-150x150.jpg\" alt=\"\" width=\"150\" height=\"150\" data-srcset=\"https:\/\/republify.se\/wp-content\/uploads\/2025\/02\/Lars_Hallin-150x150.jpg 150w, https:\/\/republify.se\/wp-content\/uploads\/2025\/02\/Lars_Hallin-100x100.jpg 100w, https:\/\/republify.se\/wp-content\/uploads\/2025\/02\/Lars_Hallin.jpg 236w\" data-sizes=\"(max-width: 150px) 100vw, 150px\" src=\"data:image\/svg+xml;base64,PHN2ZyB3aWR0aD0iMSIgaGVpZ2h0PSIxIiB4bWxucz0iaHR0cDovL3d3dy53My5vcmcvMjAwMC9zdmciPjwvc3ZnPg==\" style=\"--smush-placeholder-width: 150px; --smush-placeholder-aspect-ratio: 150\/150;\" \/><\/p>\n<h2><\/h2>\n","protected":false},"excerpt":{"rendered":"<p><strong>Som projektledare vet du att framg\u00e5ng handlar om mer \u00e4n att bara f\u00f6lja en metod eller fylla i en planeringsmall, det handlar om att f\u00f6rst\u00e5 varf\u00f6r vi g\u00f6r som vi g\u00f6r och vilket v\u00e4rde det skapar f\u00f6r projektet och organisationen. <\/strong><\/p>\n<p>I detta webinar f\u00e5r du nya insikter i hur planering kan bli ett kraftfullt verktyg f\u00f6r att b\u00e5de styra arbetet och engagera teamet. Med erfarne konsulten och utbildaren Lars Hallin som guide f\u00e5r du p\u00e5 60 minuter en inspirerande genomg\u00e5ng som ger dig perspektiv, verktyg och konkreta l\u00e4rdomar att ta med till dina egna projekt. <em>Ta chansen att v\u00e4ssa dina f\u00e4rdigheter och utvecklas i rollen som projektledare!<\/em><\/p>\n","protected":false},"featured_media":10409,"comment_status":"open","ping_status":"closed","template":"","meta":{"wds_primary_product_brand":0,"wds_primary_product_cat":0},"product_brand":[],"product_cat":[33,37,32,51],"product_tag":[],"class_list":{"0":"post-10661","1":"product","2":"type-product","3":"status-publish","4":"has-post-thumbnail","6":"product_cat-agila-metoder","7":"product_cat-kommunikation","8":"product_cat-ledarskap","9":"product_cat-projektledning","11":"first","12":"instock","13":"taxable","14":"shipping-taxable","15":"purchasable","16":"product-type-simple"},"jetpack_sharing_enabled":true,"_links":{"self":[{"href":"https:\/\/republify.se\/index.php\/wp-json\/wp\/v2\/product\/10661","targetHints":{"allow":["GET"]}}],"collection":[{"href":"https:\/\/republify.se\/index.php\/wp-json\/wp\/v2\/product"}],"about":[{"href":"https:\/\/republify.se\/index.php\/wp-json\/wp\/v2\/types\/product"}],"replies":[{"embeddable":true,"href":"https:\/\/republify.se\/index.php\/wp-json\/wp\/v2\/comments?post=10661"}],"wp:featuredmedia":[{"embeddable":true,"href":"https:\/\/republify.se\/index.php\/wp-json\/wp\/v2\/media\/10409"}],"wp:attachment":[{"href":"https:\/\/republify.se\/index.php\/wp-json\/wp\/v2\/media?parent=10661"}],"wp:term":[{"taxonomy":"product_brand","embeddable":true,"href":"https:\/\/republify.se\/index.php\/wp-json\/wp\/v2\/product_brand?post=10661"},{"taxonomy":"product_cat","embeddable":true,"href":"https:\/\/republify.se\/index.php\/wp-json\/wp\/v2\/product_cat?post=10661"},{"taxonomy":"product_tag","embeddable":true,"href":"https:\/\/republify.se\/index.php\/wp-json\/wp\/v2\/product_tag?post=10661"}],"curies":[{"name":"wp","href":"https:\/\/api.w.org\/{rel}","templated":true}]}}