{"id":10634,"date":"2025-09-03T14:54:32","date_gmt":"2025-09-03T13:54:32","guid":{"rendered":"https:\/\/republify.se\/?post_type=product&#038;p=10634"},"modified":"2026-04-28T16:08:25","modified_gmt":"2026-04-28T15:08:25","slug":"natverk-pa-en-dag-grunderna-varje-utvecklare-behover","status":"publish","type":"product","link":"https:\/\/republify.se\/index.php\/produkt\/natverk-pa-en-dag-grunderna-varje-utvecklare-behover\/","title":{"rendered":"N\u00e4tverk p\u00e5 en dag \u2013 grunderna varje utvecklare beh\u00f6ver"},"content":{"rendered":"<p><strong>Syfte: <\/strong><\/p>\n<p>Grundl\u00e4ggande genomg\u00e5ng av N\u00e4tverksomr\u00e5det och dess komponenter.<\/p>\n<p><strong>Schema f\u00f6r dagen:<\/strong><\/p>\n<p>Tv\u00e5 lektioner p\u00e5 f\u00f6rmiddagen och tre lektioner p\u00e5 eftermiddagen och s\u00e5 kompletterat med \u00f6vningar som deltagarna g\u00f6r p\u00e5 sin egna maskiner. Allts\u00e5 ingen specifik labbmilj\u00f6.<\/p>\n<p>&nbsp;<\/p>\n<p><strong>Fysiska n\u00e4tverk<\/strong><\/p>\n<ul>\n<li>Kopparkabel<\/li>\n<li>Fiber<\/li>\n<li>Tr\u00e5dl\u00f6st<\/li>\n<li>Ramar\/Jumbo frames<\/li>\n<\/ul>\n<p>&nbsp;<\/p>\n<p><strong>OSI modellen<\/strong><\/p>\n<ul>\n<li>Ethernet<\/li>\n<li>Switchar<\/li>\n<li>Routrar<\/li>\n<li>Brandv\u00e4ggar<\/li>\n<\/ul>\n<p>&nbsp;<\/p>\n<p><strong>TCP\/IP<\/strong><\/p>\n<ul>\n<li>IP<\/li>\n<li>TCP<\/li>\n<li>UDP<\/li>\n<li>ARP<\/li>\n<li>ICMP<\/li>\n<li>V\u00e4gval<\/li>\n<li>IP-SEC<\/li>\n<\/ul>\n<p>&nbsp;<\/p>\n<p><strong>Applikationer<\/strong><\/p>\n<ul>\n<li>Web<\/li>\n<li>Mail<\/li>\n<li>DNS<\/li>\n<li>FTP<\/li>\n<li>Telnet<\/li>\n<\/ul>\n<p>&nbsp;<\/p>\n<p><strong>Anpassningar<\/strong><\/p>\n<ul>\n<li>Jumboframes<\/li>\n<li>F\u00f6nsterstorlek<\/li>\n<li>Clusterstorlek<\/li>\n<li>DO \/ DON\u2019T<\/li>\n<\/ul>\n<p>&nbsp;<\/p>\n<h2><\/h2>\n","protected":false},"excerpt":{"rendered":"<p><strong>F\u00f6r att bygga stabila system r\u00e4cker det inte att kunna koden \u2013 du beh\u00f6ver ocks\u00e5 f\u00f6rst\u00e5 n\u00e4tverkens grunder. Den h\u00e4r intensiva endagskursen guidar dig genom de viktigaste komponenterna inom n\u00e4tverk, fr\u00e5n kablar och protokoll till s\u00e4kerhet och applikationer. <\/strong><\/p>\n<p>Du f\u00e5r en tydlig \u00f6versikt \u00f6ver hur allt h\u00e4nger ihop i praktiken och vilka fallgropar du b\u00f6r undvika. Kursen ger dig den f\u00f6rst\u00e5else som g\u00f6r att du kan utveckla, fels\u00f6ka och samarbeta effektivare i dina IT-projekt.<\/p>\n","protected":false},"featured_media":4252,"comment_status":"open","ping_status":"closed","template":"","meta":{"wds_primary_product_brand":0,"wds_primary_product_cat":0},"product_brand":[],"product_cat":[38,29,203],"product_tag":[],"class_list":{"0":"post-10634","1":"product","2":"type-product","3":"status-publish","4":"has-post-thumbnail","6":"product_cat-natverk-datakom","7":"product_cat-technical","8":"product_cat-industri","10":"first","11":"instock","12":"taxable","13":"shipping-taxable","14":"purchasable","15":"product-type-simple"},"jetpack_sharing_enabled":true,"_links":{"self":[{"href":"https:\/\/republify.se\/index.php\/wp-json\/wp\/v2\/product\/10634","targetHints":{"allow":["GET"]}}],"collection":[{"href":"https:\/\/republify.se\/index.php\/wp-json\/wp\/v2\/product"}],"about":[{"href":"https:\/\/republify.se\/index.php\/wp-json\/wp\/v2\/types\/product"}],"replies":[{"embeddable":true,"href":"https:\/\/republify.se\/index.php\/wp-json\/wp\/v2\/comments?post=10634"}],"wp:featuredmedia":[{"embeddable":true,"href":"https:\/\/republify.se\/index.php\/wp-json\/wp\/v2\/media\/4252"}],"wp:attachment":[{"href":"https:\/\/republify.se\/index.php\/wp-json\/wp\/v2\/media?parent=10634"}],"wp:term":[{"taxonomy":"product_brand","embeddable":true,"href":"https:\/\/republify.se\/index.php\/wp-json\/wp\/v2\/product_brand?post=10634"},{"taxonomy":"product_cat","embeddable":true,"href":"https:\/\/republify.se\/index.php\/wp-json\/wp\/v2\/product_cat?post=10634"},{"taxonomy":"product_tag","embeddable":true,"href":"https:\/\/republify.se\/index.php\/wp-json\/wp\/v2\/product_tag?post=10634"}],"curies":[{"name":"wp","href":"https:\/\/api.w.org\/{rel}","templated":true}]}}