{"id":10633,"date":"2025-09-03T14:46:16","date_gmt":"2025-09-03T13:46:16","guid":{"rendered":"https:\/\/republify.se\/?post_type=product&#038;p=10633"},"modified":"2026-01-08T18:43:47","modified_gmt":"2026-01-08T17:43:47","slug":"cybersakerhet-pa-en-dag-grunderna-alla-utvecklare-maste-forsta","status":"publish","type":"product","link":"https:\/\/republify.se\/index.php\/produkt\/cybersakerhet-pa-en-dag-grunderna-alla-utvecklare-maste-forsta\/","title":{"rendered":"&#8211; Cybers\u00e4kerhet p\u00e5 en dag, grunderna alla utvecklare m\u00e5ste f\u00f6rst\u00e5"},"content":{"rendered":"<p>Syfte: Grundl\u00e4ggande genomg\u00e5ng av s\u00e4kerhet i allm\u00e4nhet och f\u00f6r IT milj\u00f6er i synnerhet.<\/p>\n<p>En grundl\u00e4ggande genomg\u00e5ng av s\u00e4kerhet i allm\u00e4nhet och f\u00f6r IT milj\u00f6er i synnerhet syftar till att ge deltagarna en insikt i de krav som st\u00e4lls f\u00f6r att uppr\u00e4tth\u00e5lla s\u00e4kerheten i fr\u00e4mst IT milj\u00f6er.<\/p>\n<p>Kursen v\u00e4nder sig till dig som just har b\u00f6rjat din bana och inte har s\u00e4kerhet som huvudsaklig arbetsuppgift och syftar till att ge dig f\u00f6rst\u00e5else och instinkt om b\u00e5de de hot och risker en IT milj\u00f6 uts\u00e4tts f\u00f6r och de verktyg och metoder som kan anv\u00e4ndas f\u00f6r att m\u00f6ta hoten och hantera riskerna.<\/p>\n<p>Ingen kedja \u00e4r starkare \u00e4n sin svagaste l\u00e4nk. S\u00e4kerhet m\u00e5ste byggas b\u00e5de p\u00e5 bredden och p\u00e5 djupet samtidigt som det inte ska begr\u00e4nsa anv\u00e4ndarnas m\u00f6jlighet att utf\u00f6ra sina arbetsuppgifter. Det r\u00e4cker inte med sofistikerad utrustning om vi inte ocks\u00e5 ser till att alla medarbetare arbetar p\u00e5 ett s\u00e4kert s\u00e4tt.<\/p>\n<p>Hur duktig man \u00e4n \u00e4r och hur bra utrustning som installerats finns \u00e4nd\u00e5 alltid en risk f\u00f6r att n\u00e5got inte g\u00e5r s\u00e5 som man t\u00e4nkt sig. Hur bra en s\u00e5dan situation kan hanteras beror helt och h\u00e5llet p\u00e5 hur bra man \u00e4r f\u00f6rberedd. Till detta kommer den of\u00f6rklarliga sanningen att slumpen tenderar att gynna den som \u00e4r f\u00f6rberedd.<\/p>\n<p>F\u00f6ruts\u00e4ttningarna f\u00f6r ett f\u00f6retag fortsatta framlevnad p\u00e5verkas v\u00e4ldigt negativt av en st\u00f6rre s\u00e4kerhetsincident. Alla organisationer beh\u00f6ver g\u00f6ra en analys av sim verksamhet och sin framtid f\u00f6r att bli medvetna om sin situation och anpassa sin nuvarande verksamhet.<\/p>\n<h3>Introduktion till s\u00e4kerhet<\/h3>\n<ul>\n<li>Grundl\u00e4ggande behov av s\u00e4kerhet<\/li>\n<li>Hot och h\u00e5l<\/li>\n<li>S\u00e4kerhet p\u00e5 agendan<\/li>\n<li>Allt annat \u00e4r dyrare<\/li>\n<\/ul>\n<p>&nbsp;<\/p>\n<h3>Organisationen<\/h3>\n<ul>\n<li>Utbildning<\/li>\n<li>Policy och processer<\/li>\n<li>Verktyg<\/li>\n<li>Svaghet och styrka<\/li>\n<li>Vad kan g\u00e5 illa<\/li>\n<li>Alla m\u00e5ste f\u00f6rst\u00e5<\/li>\n<\/ul>\n<p>&nbsp;<\/p>\n<h3>\u00c5tg\u00e4rder<\/h3>\n<ul>\n<li>Implementera nu, inte senare<\/li>\n<li>Arbeta med anv\u00e4ndarna, inte mot<\/li>\n<li>Skydd av utrustning<\/li>\n<li>Skydd av information<\/li>\n<li>Kryptering, smart kort, PKI<\/li>\n<li>Hur s\u00e4krar vi vardagen<\/li>\n<\/ul>\n<p>&nbsp;<\/p>\n<h3>N\u00e4r det g\u00e5tt illa<\/h3>\n<ul>\n<li>Vad har h\u00e4nt<\/li>\n<li>Vad p\u00e5verkas, vi, kunder, kunders kunder<\/li>\n<li>Vad skall g\u00f6ras, legala \u00e5tg\u00e4rder<\/li>\n<li>Vilka krav st\u00e4lls p\u00e5 oss och vad inneb\u00e4r de<\/li>\n<li>M\u00f6jlighet f\u00f6r \u00f6verlevnad<\/li>\n<li>Praktikfall<\/li>\n<\/ul>\n<p>&nbsp;<\/p>\n<h3>Framtid<\/h3>\n<ul>\n<li>Proaktivt arbete, s\u00e4kerhet st\u00e4ndigt p\u00e5 agendan<\/li>\n<li>Kan AI hj\u00e4lpa oss i s\u00e4kerhetsarbetet<\/li>\n<li>Hackarna sover aldrig<\/li>\n<\/ul>\n<p>&nbsp;<\/p>\n<h2><\/h2>\n","protected":false},"excerpt":{"rendered":"<p><strong>Cybers\u00e4kerhet \u00e4r inte l\u00e4ngre ett specialistomr\u00e5de \u2013 alla som arbetar med systemutveckling och IT beh\u00f6ver ha koll p\u00e5 grunderna. Den h\u00e4r endagskursen ger dig en komprimerad och l\u00e4ttillg\u00e4nglig introduktion till hot, risker och skydd i moderna IT-milj\u00f6er. <\/strong><\/p>\n<p>Du f\u00e5r insikt i hur s\u00e4kerhetsarbete bygger b\u00e5de p\u00e5 teknik, processer och anv\u00e4ndarnas beteenden \u2013 och varf\u00f6r det \u00e4r lika viktigt f\u00f6r organisationens \u00f6verlevnad som f\u00f6r kundernas trygghet. Efter dagen st\u00e5r du b\u00e4ttre rustad att bidra till en s\u00e4ker vardag i dina projekt och i din verksamhet.<\/p>\n","protected":false},"featured_media":3476,"comment_status":"open","ping_status":"closed","template":"","meta":{"wds_primary_product_brand":0,"wds_primary_product_cat":0},"product_brand":[],"product_cat":[91,134,56,38,31],"product_tag":[],"class_list":{"0":"post-10633","1":"product","2":"type-product","3":"status-publish","4":"has-post-thumbnail","6":"product_cat-arbetsmiljo","7":"product_cat-cyber-security","8":"product_cat-it-sakerhet","9":"product_cat-natverk-datakom","10":"product_cat-security","12":"first","13":"instock","14":"taxable","15":"shipping-taxable","16":"purchasable","17":"product-type-simple"},"jetpack_sharing_enabled":true,"_links":{"self":[{"href":"https:\/\/republify.se\/index.php\/wp-json\/wp\/v2\/product\/10633","targetHints":{"allow":["GET"]}}],"collection":[{"href":"https:\/\/republify.se\/index.php\/wp-json\/wp\/v2\/product"}],"about":[{"href":"https:\/\/republify.se\/index.php\/wp-json\/wp\/v2\/types\/product"}],"replies":[{"embeddable":true,"href":"https:\/\/republify.se\/index.php\/wp-json\/wp\/v2\/comments?post=10633"}],"wp:featuredmedia":[{"embeddable":true,"href":"https:\/\/republify.se\/index.php\/wp-json\/wp\/v2\/media\/3476"}],"wp:attachment":[{"href":"https:\/\/republify.se\/index.php\/wp-json\/wp\/v2\/media?parent=10633"}],"wp:term":[{"taxonomy":"product_brand","embeddable":true,"href":"https:\/\/republify.se\/index.php\/wp-json\/wp\/v2\/product_brand?post=10633"},{"taxonomy":"product_cat","embeddable":true,"href":"https:\/\/republify.se\/index.php\/wp-json\/wp\/v2\/product_cat?post=10633"},{"taxonomy":"product_tag","embeddable":true,"href":"https:\/\/republify.se\/index.php\/wp-json\/wp\/v2\/product_tag?post=10633"}],"curies":[{"name":"wp","href":"https:\/\/api.w.org\/{rel}","templated":true}]}}