{"id":10632,"date":"2025-09-03T14:39:58","date_gmt":"2025-09-03T13:39:58","guid":{"rendered":"https:\/\/republify.se\/?post_type=product&#038;p=10632"},"modified":"2026-01-08T18:44:17","modified_gmt":"2026-01-08T17:44:17","slug":"c-pa-en-dag-intensiv-introduktion-for-systemutvecklare","status":"publish","type":"product","link":"https:\/\/republify.se\/index.php\/produkt\/c-pa-en-dag-intensiv-introduktion-for-systemutvecklare\/","title":{"rendered":"C++ p\u00e5 en dag \u2013 intensiv introduktion f\u00f6r systemutvecklare"},"content":{"rendered":"<div class=\"elementor-element elementor-element-7723ba8 elementor-widget elementor-widget-text-editor\" data-id=\"7723ba8\" data-element_type=\"widget\" data-widget_type=\"text-editor.default\">\n<div class=\"elementor-widget-container\">\n<div class=\"elementor-element elementor-element-70419e9c elementor-widget elementor-widget-text-editor\" data-id=\"70419e9c\" data-element_type=\"widget\" data-widget_type=\"text-editor.default\">\n<div class=\"elementor-widget-container\">\n<div class=\"elementor-element elementor-element-4b939308 elementor-widget elementor-widget-text-editor\" data-id=\"4b939308\" data-element_type=\"widget\" data-widget_type=\"text-editor.default\"><\/div>\n<div class=\"elementor-element elementor-element-4b939308 elementor-widget elementor-widget-text-editor\" data-id=\"4b939308\" data-element_type=\"widget\" data-widget_type=\"text-editor.default\">\n<div class=\"elementor-widget-container\">\n<p><strong>M\u00e5lgrupp<br \/>\n<\/strong>Utvecklare som har viss C++ kompetens, som vill repetera och fr\u00e4scha upp sina kunskaper.<br \/>\n<strong><br \/>\nM\u00e5l<br \/>\n<\/strong>Efter kursen slut har du f\u00e5tt en genomg\u00e5ng av C++ samt en f\u00f6rst\u00e5else f\u00f6r hur du utvecklar professionellt i C++ och skriver effektiv C++-kod.<\/p>\n<p><strong>Bakgrundskunskaper<br \/>\n<\/strong>Du beh\u00f6ver ha lite erfarenhet fr\u00e5n programmering i n\u00e5got programmeringsspr\u00e5k. Kunskap om objektorienterad utveckling \u00e4r en f\u00f6rdel.<\/p>\n<p>Spr\u00e5k<br \/>\nUtbildningsmaterialet \u00e4r skrivet p\u00e5 engelska. Utbildningen kan genomf\u00f6ras antingen p\u00e5 svenska eller engelska.<\/p>\n<p>Kursl\u00e4ngd<br \/>\nKursen genomf\u00f6rs under en dag<strong>.<\/strong><\/p>\n<p>Inneh\u00e5ll<br \/>\nI kursen g\u00e5r vi igenom teorin och varvar med praktiska \u00f6vningar. Fokus \u00e4r mer teori \u00e4n praktik.<\/p>\n<p><strong>\u00a0<\/strong><\/p>\n<p><strong>Vi g\u00e5r igenom:<\/strong><\/p>\n<p><strong>C++<br \/>\n<\/strong>\u00a0 \u00a0 Spr\u00e5kets utveckling och versioner<br \/>\nIntroduktion till objektorienterad programmering<\/p>\n<p>Typer och variabler<\/p>\n<p>Deklaration vs definition<br \/>\nPekare och referenser<br \/>\nSynlighet och livstid<\/p>\n<p>Skapa klasser<br \/>\nMedlemsvariabler<br \/>\nInkapsling<br \/>\nMedlemsfunktioner och fria funktioner<br \/>\nKonstruktorer<\/p>\n<p>Att bygga st\u00f6rre C++-program<br \/>\nKompilator och l\u00e4nkare<br \/>\nBibliotek<strong><br \/>\nAtt dela kod<\/strong><\/p>\n<p>Mer om klassser<br \/>\nKonstruktorer p\u00e5 djupet<br \/>\nDestruktorer<br \/>\nKlasser som medlemmar<br \/>\n\u00d6verlagring av funktioner<br \/>\nDefaultargument<\/p>\n<p>Minne<br \/>\nStack, heap och statiskt minne<br \/>\nMer om pekare och referenser<br \/>\nDynamiskt allokerat minne<\/p>\n<p>Introduktion till standardbiblioteket<br \/>\n\u00d6versikt<br \/>\nAtt anv\u00e4nda templates<br \/>\nSamlingsklasser, iteratorer och algoritmer<\/p>\n<p>Arv<br \/>\nUt\u00f6kning av en befintlig klass<br \/>\nKomposition\/aggregat som alternativ till arv<br \/>\nTypkonverteringar<\/p>\n<p>Polymorfism<br \/>\n\u00d6verlagra implementation<br \/>\nAbstrakta basklasser<br \/>\nInterface<\/p>\n<p>Exceptions<br \/>\nJ\u00e4mf\u00f6relse med traditionell felhantering<br \/>\nKasta och f\u00e5nga exceptions<br \/>\nExceptionklasser<\/p>\n<p>Samlingsklasser och iteratorer i standardbiblioteket<br \/>\nSyfte och egenskaper f\u00f6r de olika samlingsklasserna<br \/>\nIteratortyper<br \/>\nAvancerade iteratorer<\/p>\n<p>Algorithmer i standardbiblioteket<br \/>\nAlgorithmernas arbetss\u00e4tt<br \/>\n&#8221;In-place&#8221; and kopiering<br \/>\nPredikat<br \/>\nKortfattad introduktion till C++ &#8221;ranges&#8221;<\/p>\n<\/div>\n<\/div>\n<\/div>\n<\/div>\n<\/div>\n<\/div>\n<h2><\/h2>\n","protected":false},"excerpt":{"rendered":"<p><strong>\u00c4r du systemutvecklare med erfarenhet fr\u00e5n andra spr\u00e5k och vill snabbt komma in i C++? Den h\u00e4r intensiva endagskursen ger dig en komprimerad men helt\u00e4ckande introduktion till spr\u00e5ket och dess viktigaste koncept. <\/strong><\/p>\n<p>Du f\u00e5r en tydlig f\u00f6rst\u00e5else f\u00f6r hur C++ anv\u00e4nds professionellt och hur du skriver effektiv och h\u00e5llbar kod. Kursen kombinerar teori och \u00f6vningar i h\u00f6gt tempo, vilket g\u00f6r att du snabbt kan oms\u00e4tta dina kunskaper i praktiken.<\/p>\n","protected":false},"featured_media":9438,"comment_status":"open","ping_status":"closed","template":"","meta":{"wds_primary_product_brand":0,"wds_primary_product_cat":0},"product_brand":[],"product_cat":[77,29],"product_tag":[],"class_list":{"0":"post-10632","1":"product","2":"type-product","3":"status-publish","4":"has-post-thumbnail","6":"product_cat-c-technical","7":"product_cat-technical","9":"first","10":"instock","11":"taxable","12":"shipping-taxable","13":"purchasable","14":"product-type-simple"},"jetpack_sharing_enabled":true,"_links":{"self":[{"href":"https:\/\/republify.se\/index.php\/wp-json\/wp\/v2\/product\/10632","targetHints":{"allow":["GET"]}}],"collection":[{"href":"https:\/\/republify.se\/index.php\/wp-json\/wp\/v2\/product"}],"about":[{"href":"https:\/\/republify.se\/index.php\/wp-json\/wp\/v2\/types\/product"}],"replies":[{"embeddable":true,"href":"https:\/\/republify.se\/index.php\/wp-json\/wp\/v2\/comments?post=10632"}],"wp:featuredmedia":[{"embeddable":true,"href":"https:\/\/republify.se\/index.php\/wp-json\/wp\/v2\/media\/9438"}],"wp:attachment":[{"href":"https:\/\/republify.se\/index.php\/wp-json\/wp\/v2\/media?parent=10632"}],"wp:term":[{"taxonomy":"product_brand","embeddable":true,"href":"https:\/\/republify.se\/index.php\/wp-json\/wp\/v2\/product_brand?post=10632"},{"taxonomy":"product_cat","embeddable":true,"href":"https:\/\/republify.se\/index.php\/wp-json\/wp\/v2\/product_cat?post=10632"},{"taxonomy":"product_tag","embeddable":true,"href":"https:\/\/republify.se\/index.php\/wp-json\/wp\/v2\/product_tag?post=10632"}],"curies":[{"name":"wp","href":"https:\/\/api.w.org\/{rel}","templated":true}]}}