{"id":10609,"date":"2025-08-28T07:27:38","date_gmt":"2025-08-28T06:27:38","guid":{"rendered":"https:\/\/republify.se\/?post_type=product&#038;p=10609"},"modified":"2026-01-08T18:44:36","modified_gmt":"2026-01-08T17:44:36","slug":"ai-for-smartare-systemrenovering-webinar","status":"publish","type":"product","link":"https:\/\/republify.se\/index.php\/produkt\/ai-for-smartare-systemrenovering-webinar\/","title":{"rendered":"AI f\u00f6r smartare systemrenovering (Webinar)"},"content":{"rendered":"<p><strong>Vi tittar bland annat p\u00e5:<\/strong><br \/>\n\ud83d\udd39 Hur AI kan analysera och f\u00f6rst\u00e5 befintliga system baserat p\u00e5 arkitekturdiagram<br \/>\n\ud83d\udd39 Att skapa och justera arkitekturer baserat p\u00e5 \u00f6nskad m\u00e5larkitektur<br \/>\n\ud83d\udd39 Hur kod kan \u00f6vers\u00e4ttas till nya spr\u00e5k och samtidigt kontrolleras och f\u00f6rb\u00e4ttras<br \/>\n\ud83d\udd39 Generering och verifiering av testfall med hj\u00e4lp av AI<\/p>\n<p>Oavsett om du \u00e4r utvecklare, arkitekt eller beslutsfattare f\u00e5r du nya perspektiv och praktiska exempel p\u00e5 hur AI kan hj\u00e4lpa er konvertera era legacy system till framtidens plattformar.<\/p>\n<p><strong>Datum\/tid:<\/strong> 25 september \u2013 11.00-12.00<\/p>\n<p><strong>Om f\u00f6rel\u00e4saren<\/strong><\/p>\n<p><strong>Patrik Jonsson<\/strong> har under mer \u00e4n tre decennier arbetat med verksamhets- och l\u00f6sningsarkitekturer, organisations\u00adtransformation, teamutveckling och AI-baserade l\u00f6sningar. Han \u00e4r medf\u00f6rfattare till <em>Software Reuse: Architecture, Process and Organization for Business Success<\/em> och har en praktisk, resultatorienterad syn p\u00e5 hur AI och moderna arbetss\u00e4tt kan optimera utvecklingsprocessen.<\/p>\n<h2><\/h2>\n","protected":false},"excerpt":{"rendered":"<p>I detta inspirerande webbinarium visar <strong>Patrik Jonsson<\/strong> fr\u00e5n v\u00e5r partner Brivalo hur AI-drivna verktyg kan st\u00f6dja b\u00e5de analys av befintliga system och konvertering av mjukvara till nya spr\u00e5k och plattformar.<\/p>\n<p>Med mer \u00e4n 37 \u00e5rs erfarenhet av mjukvaru- och verksamhetsutveckling samt 9 \u00e5rs erfarenhet av AI delar Patrik insikter om hur vi kan ta oss ur de slukh\u00e5l som dagens legacy system utg\u00f6r.<\/p>\n<p><strong>Datum\/tid: 25 september &#8211; 11.00-12.00<\/strong><\/p>\n","protected":false},"featured_media":7776,"comment_status":"open","ping_status":"closed","template":"","meta":{"wds_primary_product_brand":0,"wds_primary_product_cat":0},"product_brand":[],"product_cat":[137,29],"product_tag":[],"class_list":{"0":"post-10609","1":"product","2":"type-product","3":"status-publish","4":"has-post-thumbnail","6":"product_cat-ai","7":"product_cat-technical","9":"first","10":"instock","11":"taxable","12":"shipping-taxable","13":"purchasable","14":"product-type-simple"},"jetpack_sharing_enabled":true,"_links":{"self":[{"href":"https:\/\/republify.se\/index.php\/wp-json\/wp\/v2\/product\/10609","targetHints":{"allow":["GET"]}}],"collection":[{"href":"https:\/\/republify.se\/index.php\/wp-json\/wp\/v2\/product"}],"about":[{"href":"https:\/\/republify.se\/index.php\/wp-json\/wp\/v2\/types\/product"}],"replies":[{"embeddable":true,"href":"https:\/\/republify.se\/index.php\/wp-json\/wp\/v2\/comments?post=10609"}],"wp:featuredmedia":[{"embeddable":true,"href":"https:\/\/republify.se\/index.php\/wp-json\/wp\/v2\/media\/7776"}],"wp:attachment":[{"href":"https:\/\/republify.se\/index.php\/wp-json\/wp\/v2\/media?parent=10609"}],"wp:term":[{"taxonomy":"product_brand","embeddable":true,"href":"https:\/\/republify.se\/index.php\/wp-json\/wp\/v2\/product_brand?post=10609"},{"taxonomy":"product_cat","embeddable":true,"href":"https:\/\/republify.se\/index.php\/wp-json\/wp\/v2\/product_cat?post=10609"},{"taxonomy":"product_tag","embeddable":true,"href":"https:\/\/republify.se\/index.php\/wp-json\/wp\/v2\/product_tag?post=10609"}],"curies":[{"name":"wp","href":"https:\/\/api.w.org\/{rel}","templated":true}]}}