{"id":10523,"date":"2025-07-03T11:52:52","date_gmt":"2025-07-03T10:52:52","guid":{"rendered":"https:\/\/republify.se\/?post_type=product&#038;p=10523"},"modified":"2026-01-08T18:44:56","modified_gmt":"2026-01-08T17:44:56","slug":"certifierad-produktagare-i-scrum-cspo","status":"publish","type":"product","link":"https:\/\/republify.se\/index.php\/produkt\/certifierad-produktagare-i-scrum-cspo\/","title":{"rendered":"Certifierad Produkt\u00e4gare i Scrum (CSPO)"},"content":{"rendered":"<h3>Utbildningsm\u00e5l<\/h3>\n<p>Som produkt\u00e4gare i Scrum styr du projekt- eller utvecklingsarbetet sj\u00e4lv ist\u00e4llet f\u00f6r att f\u00f6rlita dig p\u00e5 en projektledare, och har till din hj\u00e4lp en agil coach (ScrumMaster) som hj\u00e4lper teamet att arbeta effektivt och st\u00f6djer samarbetet inom och utom teamet.\u00d6vningar, fallstudier och exempel anv\u00e4nds f\u00f6r att ge en konkret uppfattning om denna yrkesroll.Genom att sammankoppla produktledningen med produktutvecklingen minskar Scrum den klyfta som traditionellt funnits mellan marknads- och teknik\/utvecklingssidan i m\u00e5nga verksamheter.<\/p>\n<p>Deltagare f\u00e5r ett exemplar av boken Agile Product Leadership som sammanfattar utbildningen och inneh\u00e5ller m\u00e5nga konkreta verktyg och tips<\/p>\n<p>Kursen behandlar agila organisationsformer kring produktledningen och en praktisk genomg\u00e5ng av Levlas egna modell f\u00f6r kapacitetsdriven portf\u00f6ljstyrning \u2013 Levlamodellen<\/p>\n<h3 id=\"YWLHT\" class=\"f28 center\">Inneh\u00e5ll<\/h3>\n<ul>\n<li class=\"f28 center\">F\u00f6rst\u00e5else f\u00f6r ramverket Scrum, dess ursprung och relation\u00a0till Lean produktutveckling<\/li>\n<li>Rollerna i Scrum och deras samspel och interaktion med organisationen i stort<\/li>\n<li>Att vara produkt\u00e4gare \u2013 vi tittar p\u00e5 grundl\u00e4ggande ansvar och befogenheter och g\u00e5r igenom exempel p\u00e5 hur rollen implementerats och skalats upp i s\u00e5v\u00e4l sm\u00e5 som stora verksamheter<\/li>\n<li>Scrum s\u00e4tts i relation till andra popul\u00e4ra agila ramverk s\u00e5som SAFe, LeSS och Kanban<br \/>\nHur kombinerar f\u00f6retag dessa tekniker f\u00f6r att bli framg\u00e5ngsrika? Varf\u00f6r och n\u00e4r?<br \/>\nLean Startup f\u00f6r innovation \u2013 \u00e4ven f\u00f6r verksamheter med etablerade produkter, eller produkter med l\u00e5nga utvecklingscykler<\/li>\n<li>Vi djupdyker i praktiska verktyg f\u00f6r behovsanalys, komplexitetsanalys, prioritering och v\u00e4rdering av krav.<br \/>\nVi g\u00e5r igenom ett brett spektrum av verktyg fr\u00e5n effektkartl\u00e4ggning till anv\u00e4ndarstorys och g\u00e5r igenom hur beteende-driven design b\u00f6rjar f\u00e5 genomslag i v\u00e5ra organisationer<\/li>\n<li>Du l\u00e4r dig att arbeta praktiskt med kravbilden f\u00f6r din produkt, hantera en mix av stora och sm\u00e5 krav, och anv\u00e4nda den f\u00f6r att leda utvecklings- och f\u00f6rvaltningsarbetetHur skiljer sig en roadmap fr\u00e5n en backlogg, och hur samverkar de?Vikten av att arbeta i iterationer om prognos\/uppf\u00f6ljning<br \/>\nProduktfamiljer, tekniska produkter, samt hur man arbetar agilt med omr\u00e5den som inte sorterar under termen \u201dprodukt\u201d<\/li>\n<li>Dessutom g\u00e5r vi igenom agilt\u00a0samarbete, upphandling och kontraktering, visuell planering, prognos, uppf\u00f6ljning och st\u00e4ndig f\u00f6rb\u00e4ttring, agil marknadsf\u00f6ring.<\/li>\n<li>Du f\u00e5r m\u00e5nga praktiska tips och ber\u00e4ttelser fr\u00e5n verkligheten i form av fallstudier och historier fr\u00e5n kursledarens m\u00e5ng\u00e5riga erfarenhet inom omr\u00e5det.<\/li>\n<\/ul>\n<h2><\/h2>\n","protected":false},"excerpt":{"rendered":"<p><strong>Som deltagare i denna utbildning f\u00e5r du en praktisk inblick i rollen som produkt\u00e4gare i Scrum och hur du tillsammans med ScrumMaster leder ett eller flera agila, l\u00e4ttr\u00f6rliga, utvecklingsteam och samverkar i en agil organisation.<\/strong><\/p>\n<p>CSPO \u00e4r en standardiserad kurs som ursprungligen tagits fram av Scrum Alliance. Denna kurs har vidareutvecklats av Mikael Lundgren, med utg\u00e5ngspunkt i kursledarens egna erfarenheter, med st\u00f6d och inspiration fr\u00e5n Ken Schwaber, Mike Cohn, Stefan B\u00fckk, Don Reinertsen mfl.<\/p>\n<p>F\u00f6r CSPO blir man direkt certifierad f\u00f6rutsatt att man deltar i samtliga moment under utbildningens tv\u00e5 dagar.<\/p>\n","protected":false},"featured_media":9438,"comment_status":"open","ping_status":"closed","template":"","meta":{"wds_primary_product_brand":0,"wds_primary_product_cat":0},"product_brand":[],"product_cat":[33,32,28],"product_tag":[],"class_list":{"0":"post-10523","1":"product","2":"type-product","3":"status-publish","4":"has-post-thumbnail","6":"product_cat-agila-metoder","7":"product_cat-ledarskap","8":"product_cat-teamship","10":"first","11":"instock","12":"taxable","13":"shipping-taxable","14":"purchasable","15":"product-type-simple"},"jetpack_sharing_enabled":true,"_links":{"self":[{"href":"https:\/\/republify.se\/index.php\/wp-json\/wp\/v2\/product\/10523","targetHints":{"allow":["GET"]}}],"collection":[{"href":"https:\/\/republify.se\/index.php\/wp-json\/wp\/v2\/product"}],"about":[{"href":"https:\/\/republify.se\/index.php\/wp-json\/wp\/v2\/types\/product"}],"replies":[{"embeddable":true,"href":"https:\/\/republify.se\/index.php\/wp-json\/wp\/v2\/comments?post=10523"}],"wp:featuredmedia":[{"embeddable":true,"href":"https:\/\/republify.se\/index.php\/wp-json\/wp\/v2\/media\/9438"}],"wp:attachment":[{"href":"https:\/\/republify.se\/index.php\/wp-json\/wp\/v2\/media?parent=10523"}],"wp:term":[{"taxonomy":"product_brand","embeddable":true,"href":"https:\/\/republify.se\/index.php\/wp-json\/wp\/v2\/product_brand?post=10523"},{"taxonomy":"product_cat","embeddable":true,"href":"https:\/\/republify.se\/index.php\/wp-json\/wp\/v2\/product_cat?post=10523"},{"taxonomy":"product_tag","embeddable":true,"href":"https:\/\/republify.se\/index.php\/wp-json\/wp\/v2\/product_tag?post=10523"}],"curies":[{"name":"wp","href":"https:\/\/api.w.org\/{rel}","templated":true}]}}