{"id":10446,"date":"2025-06-26T15:13:44","date_gmt":"2025-06-26T14:13:44","guid":{"rendered":"https:\/\/republify.se\/?post_type=product&#038;p=10446"},"modified":"2026-03-09T14:32:08","modified_gmt":"2026-03-09T13:32:08","slug":"unicode-risker-och-skydd-webinar","status":"publish","type":"product","link":"https:\/\/republify.se\/index.php\/produkt\/unicode-risker-och-skydd-webinar\/","title":{"rendered":"Unicode \u2013 risker och skydd! (Webinar)"},"content":{"rendered":"<p>Vi jobbar alla med tecken och texter i v\u00e5ra system. Vi chattar med emojis, hanterar olika spr\u00e5k, och bygger system som ska fungera \u00f6verallt. Men vad \u00e4r egentligen en emoji? Hur lagras tecken? Och vad beh\u00f6ver vi som utvecklare f\u00f6rst\u00e5 f\u00f6r att bygga s\u00e4kra system?<\/p>\n<p>I den h\u00e4r presentationen g\u00e5r vi igenom grunderna i Unicode, skillnaden mellan UTF-8 och UTF-16, och hur tecken kan bli en s\u00e4kerhetsrisk. Vi visar ocks\u00e5 hur Unicode anv\u00e4nds i phishingattacker genom att lura anv\u00e4ndare med snarlika tecken.<\/p>\n<p>En session f\u00f6r dig som vill f\u00e5 koll p\u00e5 tecken, kodning, och s\u00e4kerhet.<\/p>\n<p><strong>Om f\u00f6rel\u00e4saren: Tore Nestenius \u2013 Microsoft .NET MVP<\/strong><\/p>\n<p>Tore \u00e4r en oberoende utbildare och konsult via sitt f\u00f6retag TN-Datakonsult. Han \u00e4r specialiserad p\u00e5 att utbilda utvecklare inom .NET, webbs\u00e4kerhet, OpenID Connect, arkitektur med mera. Tore delar regelbundet med sig av sin kunskap om .NET p\u00e5 sin blogg <a href=\"https:\/\/nestenius.se\">https:\/\/nestenius.se<\/a>, med fokus p\u00e5 s\u00e4kerhet och autentisering.<\/p>\n<h2><\/h2>\n","protected":false},"excerpt":{"rendered":"<p><strong>Republify bjuder in till webinar!! I takt med att vi bygger allt mer globala och textintensiva system \u00f6kar ocks\u00e5 risken f\u00f6r att tecken och symboler anv\u00e4nds i attacker. <\/strong><\/p>\n<p>I detta webinar med .NET-experten Tore Nestenius f\u00e5r du en \u00f6gon\u00f6ppnande genomg\u00e5ng av Unicode, teckenkodning och hur emojis och snarlika tecken kan anv\u00e4ndas i phishing. Du f\u00e5r konkreta exempel p\u00e5 risker och l\u00e4r dig hur du som utvecklare bygger s\u00e4krare system med r\u00e4tt f\u00f6rst\u00e5else f\u00f6r tecken och kodning.<\/p>\n","protected":false},"featured_media":9433,"comment_status":"open","ping_status":"closed","template":"","meta":{"wds_primary_product_brand":0,"wds_primary_product_cat":0},"product_brand":[],"product_cat":[41,177,40,183,73,138,89,135,39,29,182,130],"product_tag":[],"class_list":{"0":"post-10446","1":"product","2":"type-product","3":"status-publish","4":"has-post-thumbnail","6":"product_cat-net","7":"product_cat-angular","8":"product_cat-c","9":"product_cat-go-golang","10":"product_cat-java","11":"product_cat-javascript","12":"product_cat-kql","13":"product_cat-seminarium","14":"product_cat-systemutveckling","15":"product_cat-technical","16":"product_cat-typescript","17":"product_cat-ux","19":"first","20":"instock","21":"taxable","22":"shipping-taxable","23":"purchasable","24":"product-type-simple"},"jetpack_sharing_enabled":true,"_links":{"self":[{"href":"https:\/\/republify.se\/index.php\/wp-json\/wp\/v2\/product\/10446","targetHints":{"allow":["GET"]}}],"collection":[{"href":"https:\/\/republify.se\/index.php\/wp-json\/wp\/v2\/product"}],"about":[{"href":"https:\/\/republify.se\/index.php\/wp-json\/wp\/v2\/types\/product"}],"replies":[{"embeddable":true,"href":"https:\/\/republify.se\/index.php\/wp-json\/wp\/v2\/comments?post=10446"}],"wp:featuredmedia":[{"embeddable":true,"href":"https:\/\/republify.se\/index.php\/wp-json\/wp\/v2\/media\/9433"}],"wp:attachment":[{"href":"https:\/\/republify.se\/index.php\/wp-json\/wp\/v2\/media?parent=10446"}],"wp:term":[{"taxonomy":"product_brand","embeddable":true,"href":"https:\/\/republify.se\/index.php\/wp-json\/wp\/v2\/product_brand?post=10446"},{"taxonomy":"product_cat","embeddable":true,"href":"https:\/\/republify.se\/index.php\/wp-json\/wp\/v2\/product_cat?post=10446"},{"taxonomy":"product_tag","embeddable":true,"href":"https:\/\/republify.se\/index.php\/wp-json\/wp\/v2\/product_tag?post=10446"}],"curies":[{"name":"wp","href":"https:\/\/api.w.org\/{rel}","templated":true}]}}