{"id":10422,"date":"2025-06-19T07:11:40","date_gmt":"2025-06-19T06:11:40","guid":{"rendered":"https:\/\/republify.se\/?post_type=product&#038;p=10422"},"modified":"2026-04-15T15:18:45","modified_gmt":"2026-04-15T14:18:45","slug":"sluta-koda-borja-rakna-webinar","status":"publish","type":"product","link":"https:\/\/republify.se\/index.php\/produkt\/sluta-koda-borja-rakna-webinar\/","title":{"rendered":"Sluta koda, b\u00f6rja r\u00e4kna! (Webinar)"},"content":{"rendered":"<p>Man brukar ibland s\u00e4ga att programmering angr\u00e4nsar till matematik, men hur ligger det till egentligen? Med avstamp i ett enkelt exempel kommer vi se hur ober\u00e4kneliga (bokstavligen!) program kan vara, och hur vi kan ta inspiration fr\u00e5n matematiken f\u00f6r att g\u00f6ra v\u00e5ra program enklare att f\u00f6rst\u00e5 och resonera kring.<\/p>\n<p>M\u00e5let med webinariet \u00e4r att deltagarna ska f\u00e5 l\u00e4ra sig hur vanliga funktioner i programspr\u00e5k kan g\u00f6ra kod mer sv\u00e5rbegriplig, s\u00e5som:<\/p>\n<p>\u2022 Dynamisk typning<br \/>\n\u2022 Undantag<br \/>\n\u2022 Null-pekare<br \/>\n\u2022 Mutation<\/p>\n<p>Deltagarna kommer att f\u00e5 tips p\u00e5 hur man undviker dessa, samt vilka tekniker man kan anv\u00e4nda sig av ist\u00e4llet.<\/p>\n<p>Webinariet \u00e4r l\u00e4mpligt f\u00f6r programmerare fr\u00e5n alla erfarenhetsniv\u00e5er fr\u00e5n juniora till seniora systemutvecklare som kan ha nytta av den h\u00e4r f\u00f6rel\u00e4sningen<\/p>\n<p>Exemplen genomf\u00f6rs i en m\u00e4ngd olika programspr\u00e5k; beh\u00e4rskar du n\u00e5got modern spr\u00e5k kommer du att ha alla f\u00f6rkunskaper som beh\u00f6vs f\u00f6r att ta till dig denna dragning!<\/p>\n<p><strong>Om f\u00f6rel\u00e4saren<\/strong><\/p>\n<p>Christoffer Ekeroth \u00e4r en senior utvecklare som har jobbat med att bygga system sedan 2011. De senaste \u00e5ren har han specialiserat sig p\u00e5 funktionell programmering, samt hur man kan bygga s\u00e4krare och mer stabila system med hj\u00e4lp av statiska typsystem. N\u00e4r han inte programmerar driver Christoffer rekryteringsbolaget Functional Software.<\/p>\n<h2><\/h2>\n","protected":false},"excerpt":{"rendered":"<p><strong>V\u00e4lkommen till ett kostnadsfritt webinar hos Republify med fokus kring hur vanliga funktioner i programspr\u00e5k kan g\u00f6ra kod mer sv\u00e5rbegriplig och hur vi ser till att undvika detta!<\/strong><\/p>\n<p>Vad h\u00e4nder n\u00e4r vi slutar t\u00e4nka p\u00e5 kod som instruktioner och ist\u00e4llet b\u00f6rjar se den som matematik? I detta inspirerande webbinarium visar Christoffer Ekeroth hur du kan undvika vanliga fallgropar som <code data-start=\"382\" data-end=\"388\">null<\/code>, undantag och mutation \u2013 och ist\u00e4llet bygga stabilare system med hj\u00e4lp av tekniker h\u00e4mtade fr\u00e5n funktionell programmering och statiska typsystem. Oavsett vilket spr\u00e5k du skriver i idag kommer du att k\u00e4nna igen dig \u2013 och f\u00e5 nya verktyg f\u00f6r att t\u00e4nka klarare kring din kod.<\/p>\n","protected":false},"featured_media":9023,"comment_status":"open","ping_status":"closed","template":"","meta":{"wds_primary_product_brand":0,"wds_primary_product_cat":0},"product_brand":[],"product_cat":[41,33,177,40,183,73,138,89,135,39,29,182,130],"product_tag":[],"class_list":{"0":"post-10422","1":"product","2":"type-product","3":"status-publish","4":"has-post-thumbnail","6":"product_cat-net","7":"product_cat-agila-metoder","8":"product_cat-angular","9":"product_cat-c","10":"product_cat-go-golang","11":"product_cat-java","12":"product_cat-javascript","13":"product_cat-kql","14":"product_cat-seminarium","15":"product_cat-systemutveckling","16":"product_cat-technical","17":"product_cat-typescript","18":"product_cat-ux","20":"first","21":"instock","22":"taxable","23":"shipping-taxable","24":"purchasable","25":"product-type-simple"},"jetpack_sharing_enabled":true,"_links":{"self":[{"href":"https:\/\/republify.se\/index.php\/wp-json\/wp\/v2\/product\/10422","targetHints":{"allow":["GET"]}}],"collection":[{"href":"https:\/\/republify.se\/index.php\/wp-json\/wp\/v2\/product"}],"about":[{"href":"https:\/\/republify.se\/index.php\/wp-json\/wp\/v2\/types\/product"}],"replies":[{"embeddable":true,"href":"https:\/\/republify.se\/index.php\/wp-json\/wp\/v2\/comments?post=10422"}],"wp:featuredmedia":[{"embeddable":true,"href":"https:\/\/republify.se\/index.php\/wp-json\/wp\/v2\/media\/9023"}],"wp:attachment":[{"href":"https:\/\/republify.se\/index.php\/wp-json\/wp\/v2\/media?parent=10422"}],"wp:term":[{"taxonomy":"product_brand","embeddable":true,"href":"https:\/\/republify.se\/index.php\/wp-json\/wp\/v2\/product_brand?post=10422"},{"taxonomy":"product_cat","embeddable":true,"href":"https:\/\/republify.se\/index.php\/wp-json\/wp\/v2\/product_cat?post=10422"},{"taxonomy":"product_tag","embeddable":true,"href":"https:\/\/republify.se\/index.php\/wp-json\/wp\/v2\/product_tag?post=10422"}],"curies":[{"name":"wp","href":"https:\/\/api.w.org\/{rel}","templated":true}]}}