{"id":10388,"date":"2025-06-10T12:59:17","date_gmt":"2025-06-10T11:59:17","guid":{"rendered":"https:\/\/republify.se\/?post_type=product&#038;p=10388"},"modified":"2026-01-08T18:47:49","modified_gmt":"2026-01-08T17:47:49","slug":"iso-3834-serien-med-praktisk-tillampning-for-svetsande-verksamheter","status":"publish","type":"product","link":"https:\/\/republify.se\/index.php\/produkt\/iso-3834-serien-med-praktisk-tillampning-for-svetsande-verksamheter\/","title":{"rendered":"ISO 3834-serien med praktisk till\u00e4mpning f\u00f6r svetsande verksamheter"},"content":{"rendered":"<p>Hela standarden och dess krav g\u00e5s metodiskt igenom. Utbildaren varvar praktiska exempel med hur kraven kan tolkas f\u00f6r att s\u00e4tta pr\u00e4gel p\u00e5 ett bra ledningssystem.<\/p>\n<p>Vi g\u00e5r b.la. igenom:<\/p>\n<ul class=\"wp-block-list\">\n<li>Standardseriens uppbyggnad<\/li>\n<li>Skillnaden mellan de olika komponenterna i 3834-serien<\/li>\n<li>Typiska krav f\u00f6r de olika delarna i 3834-serien<\/li>\n<li>Vanliga fallgropar vid framtagning av ledningssystemet<\/li>\n<li>Certifieringsprocessen<\/li>\n<\/ul>\n<h3 class=\"wp-block-heading\">Enskilt uppf\u00f6ljningsm\u00f6te<\/h3>\n<p>I utbildningen ing\u00e5r \u00e4ven 1 timma uppf\u00f6ljningsm\u00f6te eller fri r\u00e5dgivning f\u00f6r att f\u00e5nga upp dina eventuella fr\u00e5gor eller funderingar kring vad du l\u00e4rt dig.\u00a0Teamsm\u00f6te bokas separat med utbildare.<\/p>\n<h3 class=\"wp-block-heading\">Vem g\u00e5r denna utbildning?<\/h3>\n<p>Svetsansvariga, Arbetsledare mekaniska verkstad, Projektledare, Kvalitetschefer m.m.<\/p>\n<h3 class=\"wp-block-heading\">Utbildningsmaterial<\/h3>\n<p>Du f\u00e5r utbildningsmaterial i digital form och utbildningsintyg, efter genomg\u00e5ngen kurs. Inget kunskapsprov g\u00f6rs.<\/p>\n<h3 class=\"wp-block-heading\">F\u00f6rkunskaper<\/h3>\n<p>Inga f\u00f6rkunskaper kr\u00e4vs f\u00f6r denna utbildning.<\/p>\n<h3 class=\"wp-block-heading\">F\u00f6rt\u00e4ring<\/h3>\n<p>F\u00f6rmiddagsfika, lunch och eftermiddagsfika ing\u00e5r.<\/p>\n<p>&nbsp;<\/p>\n<h3>Kursen levereras i samarbete med AKDMI<\/h3>\n<h2><\/h2>\n","protected":false},"excerpt":{"rendered":"<p class=\"has-medium-font-size\"><strong>Utbildningen belyser standardens inneh\u00e5ll och koppling till kundkrav och till\u00e4mpningsomr\u00e5den samt koppling till krav i olika produktstandarder, t. ex st\u00e5lbyggnationer, industrir\u00f6r, tryckk\u00e4rl, fj\u00e4rrv\u00e4rme, naturgasledningar.<\/strong><\/p>\n<p>En mycket givande kurs f\u00f6r dig som \u00e4r relativt ny p\u00e5 omr\u00e5det eller beh\u00f6ver b\u00e4ttre f\u00f6rst\u00e5else av standarden.\u00a0Vi g\u00e5r ocks\u00e5 igenom hur ett fungerande ledningssystem f\u00f6r ISO 3834 \u00e4r uppbyggt samt praktiska till\u00e4mpningar fr\u00e5n verkliga exempel.<\/p>\n","protected":false},"featured_media":7778,"comment_status":"open","ping_status":"closed","template":"","meta":{"wds_primary_product_brand":0,"wds_primary_product_cat":0},"product_brand":[],"product_cat":[91,30,32,203],"product_tag":[],"class_list":{"0":"post-10388","1":"product","2":"type-product","3":"status-publish","4":"has-post-thumbnail","6":"product_cat-arbetsmiljo","7":"product_cat-business","8":"product_cat-ledarskap","9":"product_cat-industri","11":"first","12":"instock","13":"taxable","14":"shipping-taxable","15":"purchasable","16":"product-type-simple"},"jetpack_sharing_enabled":true,"_links":{"self":[{"href":"https:\/\/republify.se\/index.php\/wp-json\/wp\/v2\/product\/10388","targetHints":{"allow":["GET"]}}],"collection":[{"href":"https:\/\/republify.se\/index.php\/wp-json\/wp\/v2\/product"}],"about":[{"href":"https:\/\/republify.se\/index.php\/wp-json\/wp\/v2\/types\/product"}],"replies":[{"embeddable":true,"href":"https:\/\/republify.se\/index.php\/wp-json\/wp\/v2\/comments?post=10388"}],"wp:featuredmedia":[{"embeddable":true,"href":"https:\/\/republify.se\/index.php\/wp-json\/wp\/v2\/media\/7778"}],"wp:attachment":[{"href":"https:\/\/republify.se\/index.php\/wp-json\/wp\/v2\/media?parent=10388"}],"wp:term":[{"taxonomy":"product_brand","embeddable":true,"href":"https:\/\/republify.se\/index.php\/wp-json\/wp\/v2\/product_brand?post=10388"},{"taxonomy":"product_cat","embeddable":true,"href":"https:\/\/republify.se\/index.php\/wp-json\/wp\/v2\/product_cat?post=10388"},{"taxonomy":"product_tag","embeddable":true,"href":"https:\/\/republify.se\/index.php\/wp-json\/wp\/v2\/product_tag?post=10388"}],"curies":[{"name":"wp","href":"https:\/\/api.w.org\/{rel}","templated":true}]}}