{"id":10387,"date":"2025-06-10T12:55:52","date_gmt":"2025-06-10T11:55:52","guid":{"rendered":"https:\/\/republify.se\/?post_type=product&#038;p=10387"},"modified":"2026-01-08T18:48:08","modified_gmt":"2026-01-08T17:48:08","slug":"en-1090-tolkning-och-forstaelse-for-god-tillampning","status":"publish","type":"product","link":"https:\/\/republify.se\/index.php\/produkt\/en-1090-tolkning-och-forstaelse-for-god-tillampning\/","title":{"rendered":"EN 1090 \u2013 Tolkning och f\u00f6rst\u00e5else f\u00f6r god till\u00e4mpning"},"content":{"rendered":"<p>Under utbildningen kommer vi bl.a. g\u00e5 igenom:<\/p>\n<ul class=\"wp-block-list\">\n<li>Standardseriens uppbyggnad<\/li>\n<li>Skillnaden mellan de olika delarna i 3834-serien<\/li>\n<li>Typiska krav f\u00f6r de olika delarna i 3834-serien<\/li>\n<li>Vanliga fallgropar vid framtagning av ledningssystemet<\/li>\n<li>Certifieringsprocessen<\/li>\n<\/ul>\n<p>&nbsp;<\/p>\n<h3 class=\"wp-block-heading\">Enskilt uppf\u00f6ljningsm\u00f6te<\/h3>\n<p>I utbildningen ing\u00e5r \u00e4ven 1 timma uppf\u00f6ljningsm\u00f6te eller fri r\u00e5dgivning f\u00f6r att f\u00e5nga upp dina eventuella fr\u00e5gor eller funderingar kring vad du l\u00e4rt dig.\u00a0Teamsm\u00f6te bokas separat med utbildare.<\/p>\n<h3 class=\"wp-block-heading\">Vem g\u00e5r denna utbildning?<\/h3>\n<p>Svetsansvariga, Arbetsledare mekaniska verkstad, Projektledare, Kvalitetschefer m.m.<\/p>\n<h3 class=\"wp-block-heading\">Utbildningsmaterial<\/h3>\n<p>Du kommer f\u00e5 utbildningsmaterial i digital form och utbildningsintyg erh\u00e5lls efter genomg\u00e5ngen kursen. Inget kunskapsprov g\u00f6rs.<\/p>\n<h3 class=\"wp-block-heading\">F\u00f6rkunskaper<\/h3>\n<p>Inga f\u00f6rkunskaper kr\u00e4vs f\u00f6r denna utbildning.<\/p>\n<h3 class=\"wp-block-heading\">F\u00f6rt\u00e4ring<\/h3>\n<p>F\u00f6rmiddagsfika, lunch och eftermiddagsfika ing\u00e5r.<\/p>\n<p>&nbsp;<\/p>\n<h3>Kursen levereras i samarbete med AKDMI<\/h3>\n<h2><\/h2>\n","protected":false},"excerpt":{"rendered":"<p class=\"has-medium-font-size\"><strong>Den h\u00e4r utbildningen hj\u00e4lper dig att f\u00e5 en gedigen \u00f6versikt d\u00e4r vi bl.a. g\u00e5r igenom certifieringsprocessen, fallgropar och mycket mer som r\u00f6r EN 1090-serien.<\/strong><\/p>\n<p>Vem har koll p\u00e5 bevakningen av f\u00f6r\u00e4ndringar av standardkrav? Finns det tillr\u00e4cklig kompetens f\u00f6r svetstillsyn, projektering, utf\u00f6rande och kontroll? Ber\u00f6rs du och din verksamhet av EN 1090?\u00a0 De flesta f\u00f6retag inom byggnadssmide ber\u00f6rs direkt eller indirekt.<\/p>\n","protected":false},"featured_media":9433,"comment_status":"open","ping_status":"closed","template":"","meta":{"wds_primary_product_brand":0,"wds_primary_product_cat":0},"product_brand":[],"product_cat":[91,30,32,203],"product_tag":[],"class_list":{"0":"post-10387","1":"product","2":"type-product","3":"status-publish","4":"has-post-thumbnail","6":"product_cat-arbetsmiljo","7":"product_cat-business","8":"product_cat-ledarskap","9":"product_cat-industri","11":"first","12":"instock","13":"taxable","14":"shipping-taxable","15":"purchasable","16":"product-type-simple"},"jetpack_sharing_enabled":true,"_links":{"self":[{"href":"https:\/\/republify.se\/index.php\/wp-json\/wp\/v2\/product\/10387","targetHints":{"allow":["GET"]}}],"collection":[{"href":"https:\/\/republify.se\/index.php\/wp-json\/wp\/v2\/product"}],"about":[{"href":"https:\/\/republify.se\/index.php\/wp-json\/wp\/v2\/types\/product"}],"replies":[{"embeddable":true,"href":"https:\/\/republify.se\/index.php\/wp-json\/wp\/v2\/comments?post=10387"}],"wp:featuredmedia":[{"embeddable":true,"href":"https:\/\/republify.se\/index.php\/wp-json\/wp\/v2\/media\/9433"}],"wp:attachment":[{"href":"https:\/\/republify.se\/index.php\/wp-json\/wp\/v2\/media?parent=10387"}],"wp:term":[{"taxonomy":"product_brand","embeddable":true,"href":"https:\/\/republify.se\/index.php\/wp-json\/wp\/v2\/product_brand?post=10387"},{"taxonomy":"product_cat","embeddable":true,"href":"https:\/\/republify.se\/index.php\/wp-json\/wp\/v2\/product_cat?post=10387"},{"taxonomy":"product_tag","embeddable":true,"href":"https:\/\/republify.se\/index.php\/wp-json\/wp\/v2\/product_tag?post=10387"}],"curies":[{"name":"wp","href":"https:\/\/api.w.org\/{rel}","templated":true}]}}