{"id":10386,"date":"2025-06-10T12:52:19","date_gmt":"2025-06-10T11:52:19","guid":{"rendered":"https:\/\/republify.se\/?post_type=product&#038;p=10386"},"modified":"2026-01-08T18:48:29","modified_gmt":"2026-01-08T17:48:29","slug":"fr2000-en-orientering-i-grunderna-for-okad-forstaelse","status":"publish","type":"product","link":"https:\/\/republify.se\/index.php\/produkt\/fr2000-en-orientering-i-grunderna-for-okad-forstaelse\/","title":{"rendered":"FR2000 \u2013 En orientering i grunderna f\u00f6r \u00f6kad f\u00f6rst\u00e5else"},"content":{"rendered":"<p class=\"has-medium-font-size\"><strong>Alternativet till ISO!<\/strong><\/p>\n<p>FR2000 \u00e4r ett utm\u00e4rkt alternativ f\u00f6r ditt f\u00f6retag att utg\u00e5 ifr\u00e5n f\u00f6r att skapa ett komplett ledningsystem f\u00f6r kvalitet, milj\u00f6 och arbetsmilj\u00f6 och bli certifierade. Ett FR2000 certifikat har samma st\u00e4llning som ISO i samband med offentliga upphandlingar.<\/p>\n<h3 class=\"wp-block-heading\">Beskrivning<\/h3>\n<p>Standarden \u00e4r skriven p\u00e5 ett mer begripligt s\u00e4tt \u00e4n ISO och passar f\u00f6r b\u00e5de sm\u00e5 och mellanstora f\u00f6retag som inte har krav fr\u00e5n utl\u00e4ndska kunder.<\/p>\n<p>G\u00e5 g\u00e4rna in p\u00e5\u00a0<a href=\"http:\/\/www.fr2000.se\/\" target=\"_blank\" rel=\"noreferrer noopener\">www.fr2000.se<\/a>\u00a0f\u00f6r mer info. Standarden finns ocks\u00e5 att ladda ned helt gratis.<\/p>\n<h3 class=\"wp-block-heading\">Kursinneh\u00e5ll<\/h3>\n<p>Hela standarden och dess krav kommer metodiskt att g\u00e5s igenom. Utbildaren kommer varva praktiska exempel med och hur kraven kan tolkas f\u00f6r att s\u00e4tta pr\u00e4gel p\u00e5 ett bra ledningssystem. Vi kommer bla g\u00e5 igenom:<\/p>\n<ul class=\"wp-block-list\">\n<li>Kvalitetsrelaterade krav<\/li>\n<li>Arbetsmilj\u00f6relaterade krav<\/li>\n<li>Milj\u00f6relaterade krav<\/li>\n<li>Avvikelsehantering<\/li>\n<li>Dokumentation<\/li>\n<li>F\u00f6rb\u00e4ttringsarbete<\/li>\n<li>M\u00e5l och handlingsplaner<\/li>\n<li>Policy<\/li>\n<li>Processorientering<\/li>\n<li>Lagefterlevnad<\/li>\n<li>mm<\/li>\n<\/ul>\n<p>&nbsp;<\/p>\n<h3 class=\"wp-block-heading\">Enskilt uppf\u00f6ljningsm\u00f6te<\/h3>\n<p>I utbildningen ing\u00e5r \u00e4ven 1 timma uppf\u00f6ljningsm\u00f6te eller fri r\u00e5dgivning f\u00f6r att f\u00e5nga upp dina eventuella fr\u00e5gor eller funderingar kring vad du l\u00e4rt dig.\u00a0Teamsm\u00f6te bokas separat med utbildare.<\/p>\n<h3 class=\"wp-block-heading\">Vem g\u00e5r denna utbildning?<\/h3>\n<p>Denna utbildning v\u00e4nder sig till dig som beh\u00f6ver grundl\u00e4ggande kunskaper kring ledningssystem och\u00a0 FR2000.\u00a0 En bra baskurs f\u00f6r dig som skall implementera FR2000 p\u00e5 ditt f\u00f6retag.<\/p>\n<h3 class=\"wp-block-heading\">Utbildningsmaterial<\/h3>\n<p>Du kommer f\u00e5 utbildningsmaterial i digital form och vi rekommenderar att du laddar ner\u00a0<a href=\"https:\/\/www.fr2000.se\/wp-content\/uploads\/fr2000-2022-kravstandard.pdf\">standarden FR2000 h\u00e4r.<\/a><\/p>\n<h3 class=\"wp-block-heading\">F\u00f6rkunskaper<\/h3>\n<p>Inga f\u00f6rkunskaper kr\u00e4vs f\u00f6r denna utbildning.<\/p>\n<h3 class=\"wp-block-heading\">F\u00f6rt\u00e4ring<\/h3>\n<p>F\u00f6rmiddagsfika, lunch och eftermiddagsfika ing\u00e5r.<\/p>\n<p>&nbsp;<\/p>\n<h3>Kursen levereras i samarbete med AKDMI<\/h3>\n<h2><\/h2>\n","protected":false},"excerpt":{"rendered":"<p class=\"has-medium-font-size\"><strong>FR2000 \u00e4r ett utm\u00e4rkt alternativ f\u00f6r ditt f\u00f6retag att utg\u00e5 ifr\u00e5n f\u00f6r att skapa ett komplett ledningsystem f\u00f6r kvalitet, milj\u00f6 och arbetsmilj\u00f6 och bli certifierade. Ett FR2000 certifikat har samma st\u00e4llning som ISO i samband med offentliga upphandlingar.<\/strong><\/p>\n<p>Standarden \u00e4r skriven p\u00e5 ett mer begripligt s\u00e4tt \u00e4n ISO och passar f\u00f6r b\u00e5de sm\u00e5 och mellanstora f\u00f6retag som inte har krav fr\u00e5n utl\u00e4ndska kunder.<\/p>\n","protected":false},"featured_media":9441,"comment_status":"open","ping_status":"closed","template":"","meta":{"wds_primary_product_brand":0,"wds_primary_product_cat":0},"product_brand":[],"product_cat":[91,30,32,203],"product_tag":[],"class_list":{"0":"post-10386","1":"product","2":"type-product","3":"status-publish","4":"has-post-thumbnail","6":"product_cat-arbetsmiljo","7":"product_cat-business","8":"product_cat-ledarskap","9":"product_cat-industri","11":"first","12":"instock","13":"taxable","14":"shipping-taxable","15":"purchasable","16":"product-type-simple"},"jetpack_sharing_enabled":true,"_links":{"self":[{"href":"https:\/\/republify.se\/index.php\/wp-json\/wp\/v2\/product\/10386","targetHints":{"allow":["GET"]}}],"collection":[{"href":"https:\/\/republify.se\/index.php\/wp-json\/wp\/v2\/product"}],"about":[{"href":"https:\/\/republify.se\/index.php\/wp-json\/wp\/v2\/types\/product"}],"replies":[{"embeddable":true,"href":"https:\/\/republify.se\/index.php\/wp-json\/wp\/v2\/comments?post=10386"}],"wp:featuredmedia":[{"embeddable":true,"href":"https:\/\/republify.se\/index.php\/wp-json\/wp\/v2\/media\/9441"}],"wp:attachment":[{"href":"https:\/\/republify.se\/index.php\/wp-json\/wp\/v2\/media?parent=10386"}],"wp:term":[{"taxonomy":"product_brand","embeddable":true,"href":"https:\/\/republify.se\/index.php\/wp-json\/wp\/v2\/product_brand?post=10386"},{"taxonomy":"product_cat","embeddable":true,"href":"https:\/\/republify.se\/index.php\/wp-json\/wp\/v2\/product_cat?post=10386"},{"taxonomy":"product_tag","embeddable":true,"href":"https:\/\/republify.se\/index.php\/wp-json\/wp\/v2\/product_tag?post=10386"}],"curies":[{"name":"wp","href":"https:\/\/api.w.org\/{rel}","templated":true}]}}