{"id":10384,"date":"2025-06-10T12:45:15","date_gmt":"2025-06-10T11:45:15","guid":{"rendered":"https:\/\/republify.se\/?post_type=product&#038;p=10384"},"modified":"2026-01-08T18:49:10","modified_gmt":"2026-01-08T17:49:10","slug":"iso-9001-en-orientering-i-grunderna-for-okad-forstaelse","status":"publish","type":"product","link":"https:\/\/republify.se\/index.php\/produkt\/iso-9001-en-orientering-i-grunderna-for-okad-forstaelse\/","title":{"rendered":"ISO 9001 \u2013 En orientering i grunderna f\u00f6r \u00f6kad f\u00f6rst\u00e5else"},"content":{"rendered":"<p>Genomg\u00e5ng av strukturen i ISO 9001:2015 med belysning p\u00e5 de krav som har st\u00f6rst betydelse. Vi g\u00e5r igenom grundl\u00e4ggande definitioner och aff\u00e4rsnyttan f\u00f6r att ha ett effektivt kvalitetsledningssystem. Dagen inneh\u00e5ller bl.a.<\/p>\n<ul class=\"wp-block-list\">\n<li>Processorientering och dess betydelse.<\/li>\n<li>Vad menas med de 7 grundprinciperna?<\/li>\n<li>Kunden i fokus. Vilka \u00e4r v\u00e5ra kunder och hur s\u00e4kerst\u00e4ller vi en god kundn\u00f6jdhet?<\/li>\n<li>Verksamhetsprocesser. Hur vi s\u00e4kerst\u00e4ller att v\u00e5ra viktigaste verksamhetsprocesser fungerar som vi t\u00e4nkt.<\/li>\n<li>Hur vi vet att organisationens medarbetare tar ansvar f\u00f6r kvalitet\u00a7sarbetet utifr\u00e5n sina roller.<\/li>\n<li>Vad inneb\u00e4r ledningens engagemang?<\/li>\n<li>N\u00e4r och i vilken utstr\u00e4ckning\u202fdokumentation skall g\u00f6ras i ett ledningssystem.<\/li>\n<li>Beh\u00f6vs det skrivna rutiner eller inte?<\/li>\n<li>Hur vi aktivt kan arbeta med att minimera risk i v\u00e5r verksamhet.<\/li>\n<li>F\u00f6r\u00e4ndringar av krav fr\u00e5n omv\u00e4rlden och hur ledningssystemet p\u00e5verkas.<\/li>\n<li>SWOT-analys.<\/li>\n<li>Interna revisioner \u2013 varf\u00f6r det \u00e4r bra.<\/li>\n<li>F\u00f6rb\u00e4ttringsarbete p\u00e5 riktigt och hur vi kan koppla det till era verksamhetsm\u00e5l.<\/li>\n<li>Hur vi f\u00f6rebygger reklamationer genom aktiv risk- och avvikelsehantering.<\/li>\n<\/ul>\n<h3 class=\"wp-block-heading\">Enskilt uppf\u00f6ljningsm\u00f6te<\/h3>\n<p>I utbildningen ing\u00e5r \u00e4ven 1 timma uppf\u00f6ljningsm\u00f6te eller fri r\u00e5dgivning f\u00f6r att f\u00e5nga upp dina eventuella fr\u00e5gor eller funderingar kring vad du l\u00e4rt dig.\u00a0Teamsm\u00f6te bokas separat med utbildare.<\/p>\n<h3 class=\"wp-block-heading\">Vem g\u00e5r denna utbildning?<\/h3>\n<p>Denna utbildning v\u00e4nder sig till dig som beh\u00f6ver grundl\u00e4ggande baskunskaper kring ledningssystem och kvalitetsarbete. Alla medarbetare inom alla niv\u00e5er inom ett f\u00f6retag \u2013 fr\u00e5n ledningsgruppen till specialister<\/p>\n<h3 class=\"wp-block-heading\">Utbildningsmaterial<\/h3>\n<p>Du kommer f\u00e5 utbildningsmaterial i digital form samt e-boken \u201cEn introduktion till 9001\u201d\u00a0som en pre-read innan utbildningsstart.<\/p>\n<h3 class=\"wp-block-heading\">F\u00f6rkunskaper<\/h3>\n<p>Inga f\u00f6rkunskaper kr\u00e4vs f\u00f6r denna utbildning.<\/p>\n<h3 class=\"wp-block-heading\">F\u00f6rt\u00e4ring<\/h3>\n<p>F\u00f6rmiddagsfika, lunch och eftermiddagsfika ing\u00e5r.<\/p>\n<p>&nbsp;<\/p>\n<h3>Kursen levereras i samarbete med AKDMI<\/h3>\n<h2><\/h2>\n","protected":false},"excerpt":{"rendered":"<p class=\"has-medium-font-size\"><strong>F\u00f6r dig som \u00e5kt p\u00e5 det d\u00e4r \u201d ISO:t\u201d p\u00e5 jobbet\u2026<\/strong><\/p>\n<p class=\"has-medium-font-size\">Du kanske jobbar med helt andra omr\u00e5den, men skall nu ta \u00f6ver driften av ett befintligt ledningssystem eller till och med skall ansvara f\u00f6r en kommande ISO 9001 certifiering.<\/p>\n<p>Utbildningen \u00e4r \u00e4ven bra f\u00f6r dig som redan jobbar med dessa fr\u00e5gor men inte riktigt f\u00f6rst\u00e5tt andemeningen och grunder i tillr\u00e4cklig utstr\u00e4ckning.<\/p>\n<p>Du vet v\u00e4l att ISO 9001 \u00e4r ett fantastiskt bra underlag f\u00f6r att driva framg\u00e5ngsrika verksamheter? V\u00e5r utbildare guidar dig genom standardens inneh\u00e5ll och struktur.<\/p>\n","protected":false},"featured_media":9431,"comment_status":"open","ping_status":"closed","template":"","meta":{"wds_primary_product_brand":0,"wds_primary_product_cat":0},"product_brand":[],"product_cat":[91,30,32,203],"product_tag":[],"class_list":{"0":"post-10384","1":"product","2":"type-product","3":"status-publish","4":"has-post-thumbnail","6":"product_cat-arbetsmiljo","7":"product_cat-business","8":"product_cat-ledarskap","9":"product_cat-industri","11":"first","12":"instock","13":"taxable","14":"shipping-taxable","15":"purchasable","16":"product-type-simple"},"jetpack_sharing_enabled":true,"_links":{"self":[{"href":"https:\/\/republify.se\/index.php\/wp-json\/wp\/v2\/product\/10384","targetHints":{"allow":["GET"]}}],"collection":[{"href":"https:\/\/republify.se\/index.php\/wp-json\/wp\/v2\/product"}],"about":[{"href":"https:\/\/republify.se\/index.php\/wp-json\/wp\/v2\/types\/product"}],"replies":[{"embeddable":true,"href":"https:\/\/republify.se\/index.php\/wp-json\/wp\/v2\/comments?post=10384"}],"wp:featuredmedia":[{"embeddable":true,"href":"https:\/\/republify.se\/index.php\/wp-json\/wp\/v2\/media\/9431"}],"wp:attachment":[{"href":"https:\/\/republify.se\/index.php\/wp-json\/wp\/v2\/media?parent=10384"}],"wp:term":[{"taxonomy":"product_brand","embeddable":true,"href":"https:\/\/republify.se\/index.php\/wp-json\/wp\/v2\/product_brand?post=10384"},{"taxonomy":"product_cat","embeddable":true,"href":"https:\/\/republify.se\/index.php\/wp-json\/wp\/v2\/product_cat?post=10384"},{"taxonomy":"product_tag","embeddable":true,"href":"https:\/\/republify.se\/index.php\/wp-json\/wp\/v2\/product_tag?post=10384"}],"curies":[{"name":"wp","href":"https:\/\/api.w.org\/{rel}","templated":true}]}}