{"id":10382,"date":"2025-06-10T12:29:12","date_gmt":"2025-06-10T11:29:12","guid":{"rendered":"https:\/\/republify.se\/?post_type=product&#038;p=10382"},"modified":"2026-01-08T18:49:54","modified_gmt":"2026-01-08T17:49:54","slug":"informationssakerhet-nis2-vs-iso-27001-grundutbildning","status":"publish","type":"product","link":"https:\/\/republify.se\/index.php\/produkt\/informationssakerhet-nis2-vs-iso-27001-grundutbildning\/","title":{"rendered":"Informationss\u00e4kerhet \u2013 NIS2 vs ISO 27001 (grundutbildning)"},"content":{"rendered":"<p><span data-contrast=\"auto\">Informationss\u00e4kerhetsfr\u00e5gor \u00e4r nu en kritisk del av f\u00f6retagsstrategin f\u00f6r att m\u00f6ta kraven fr\u00e5n kunder, myndigheter och andra organisationer. Denna utbildning med Fredrik H\u00f6gbom syftar till att ge en grundl\u00e4ggande f\u00f6rst\u00e5else av informationss\u00e4kerhet i det kommande NIS2-direktivet och ISO 27001-standarden. Utbildningen kombinerar teori med praktisk till\u00e4mpning.<\/span><span data-ccp-props=\"{&quot;201341983&quot;:0,&quot;335559739&quot;:160,&quot;335559740&quot;:259}\">\u00a0<\/span><\/p>\n<p><b><span data-contrast=\"auto\">Utbildare:<\/span><\/b><span data-contrast=\"auto\">\u00a0Fredrik H\u00f6gbom, expert p\u00e5 informationss\u00e4kerhet<\/span><span data-ccp-props=\"{&quot;201341983&quot;:0,&quot;335559739&quot;:160,&quot;335559740&quot;:259}\">\u00a0<\/span><\/p>\n<p><b><span data-contrast=\"auto\">Kursuppl\u00e4gg<\/span><\/b><span data-ccp-props=\"{&quot;201341983&quot;:0,&quot;335559739&quot;:160,&quot;335559740&quot;:259}\">\u00a0<\/span><\/p>\n<p><b><span data-contrast=\"auto\">Grundl\u00e4ggande utbildning i informationss\u00e4kerhet och j\u00e4mf\u00f6relse mellan NIS2 och ISO 27001<\/span><\/b><span data-ccp-props=\"{&quot;201341983&quot;:0,&quot;335559739&quot;:160,&quot;335559740&quot;:259}\">\u00a0<\/span><\/p>\n<ul>\n<li data-leveltext=\"\uf0b7\" data-font=\"Symbol\" data-listid=\"2\" data-list-defn-props=\"{&quot;335552541&quot;:1,&quot;335559685&quot;:720,&quot;335559991&quot;:360,&quot;469769226&quot;:&quot;Symbol&quot;,&quot;469769242&quot;:[8226],&quot;469777803&quot;:&quot;left&quot;,&quot;469777804&quot;:&quot;\uf0b7&quot;,&quot;469777815&quot;:&quot;multilevel&quot;}\" aria-setsize=\"-1\" data-aria-posinset=\"1\" data-aria-level=\"1\"><b><span data-contrast=\"auto\">F\u00f6rmiddag: Grundkurs i Informationss\u00e4kerhet<\/span><\/b><br \/>\n<span data-contrast=\"auto\">Vi b\u00f6rjar med en \u00f6versikt av informationss\u00e4kerhetens grundprinciper, hotbilden och de utmaningar som organisationer st\u00e5r inf\u00f6r i dagens digitala milj\u00f6. Fokus ligger p\u00e5 att f\u00f6rst\u00e5 de grundl\u00e4ggande begreppen och metoderna f\u00f6r att skydda k\u00e4nslig information.<\/span><span data-ccp-props=\"{&quot;201341983&quot;:0,&quot;335559739&quot;:160,&quot;335559740&quot;:259}\">\u00a0<\/span><\/li>\n<\/ul>\n<ul>\n<li data-leveltext=\"\uf0b7\" data-font=\"Symbol\" data-listid=\"2\" data-list-defn-props=\"{&quot;335552541&quot;:1,&quot;335559685&quot;:720,&quot;335559991&quot;:360,&quot;469769226&quot;:&quot;Symbol&quot;,&quot;469769242&quot;:[8226],&quot;469777803&quot;:&quot;left&quot;,&quot;469777804&quot;:&quot;\uf0b7&quot;,&quot;469777815&quot;:&quot;multilevel&quot;}\" aria-setsize=\"-1\" data-aria-posinset=\"2\" data-aria-level=\"1\"><b><span data-contrast=\"auto\">Eftermiddag: NIS2 vs ISO 27001<\/span><\/b><br \/>\n<span data-contrast=\"auto\">En detaljerad genomg\u00e5ng av NIS2-direktivet och ISO 27001. Vi kommer att j\u00e4mf\u00f6ra dessa tv\u00e5 ramverk och diskutera hur de kompletterar varandra. Dessutom t\u00e4cker vi praktiska verktyg och strategier f\u00f6r att implementera och efterleva kraven i b\u00e5da ramverken.<\/span><span data-ccp-props=\"{&quot;201341983&quot;:0,&quot;335559739&quot;:160,&quot;335559740&quot;:259}\">\u00a0<\/span><\/li>\n<\/ul>\n<p><b><span data-contrast=\"auto\">Omfattning<\/span><\/b><span data-contrast=\"auto\">:\u00a0<\/span><span data-ccp-props=\"{&quot;201341983&quot;:0,&quot;335559739&quot;:160,&quot;335559740&quot;:259}\">\u00a0<\/span><\/p>\n<p><span data-contrast=\"auto\">Heldag klockan 09:00 \u2013 17:00. F\u00f6rmiddagsfika, lunch och eftermiddagsfika serveras under dagen. Plats meddelas senast 2 veckor innan kursstart.\u00a0<\/span><span data-ccp-props=\"{&quot;201341983&quot;:0,&quot;335559739&quot;:160,&quot;335559740&quot;:259}\">\u00a0<\/span><\/p>\n<p><span data-ccp-props=\"{&quot;201341983&quot;:0,&quot;335559739&quot;:160,&quot;335559740&quot;:259}\">\u00a0<\/span><\/p>\n<p><b><span data-contrast=\"auto\">F\u00f6rkunskaper<\/span><\/b><span data-ccp-props=\"{&quot;201341983&quot;:0,&quot;335559739&quot;:160,&quot;335559740&quot;:259}\">\u00a0<\/span><\/p>\n<p><span data-contrast=\"auto\">Inga specifika f\u00f6rkunskaper kr\u00e4vs. Vi rekommenderar dock att deltagare funderar \u00f6ver vilken typ av information som hanteras i deras organisation och eventuella fr\u00e5gor de kan ha inf\u00f6r utbildningen.<\/span><span data-ccp-props=\"{&quot;201341983&quot;:0,&quot;335559739&quot;:160,&quot;335559740&quot;:259}\">\u00a0<\/span><\/p>\n<p><b><span data-contrast=\"auto\">M\u00e5lgrupp<\/span><\/b><span data-ccp-props=\"{&quot;201341983&quot;:0,&quot;335559739&quot;:160,&quot;335559740&quot;:259}\">\u00a0<\/span><\/p>\n<p><span data-contrast=\"auto\">Denna utbildning \u00e4r idealisk f\u00f6r f\u00f6retagsledning, IT-ansvariga, personer som arbetar med informationss\u00e4kerhet, internrevisorer, styrelse och andra som \u00e4r involverade i att skydda och hantera information hos er.<\/span><span data-ccp-props=\"{&quot;201341983&quot;:0,&quot;335559739&quot;:160,&quot;335559740&quot;:259}\">\u00a0<\/span><\/p>\n<p><b><span data-contrast=\"auto\">Utbildningsmaterial och Intyg<\/span><\/b><span data-ccp-props=\"{&quot;201341983&quot;:0,&quot;335559739&quot;:160,&quot;335559740&quot;:259}\">\u00a0<\/span><\/p>\n<p><span data-contrast=\"auto\">Digitalt kursmaterial tillhandah\u00e5lls. Efter genomf\u00f6rd kurs erh\u00e5lls intyg\/diplom (inga kunskapsprov kr\u00e4vs).<\/span><span data-ccp-props=\"{&quot;201341983&quot;:0,&quot;335559739&quot;:160,&quot;335559740&quot;:259}\">\u00a0<\/span><\/p>\n<p>&nbsp;<\/p>\n<h3>Kursen levereras i samarbete med AKDMI<\/h3>\n<h2><\/h2>\n","protected":false},"excerpt":{"rendered":"<p><strong>Informationss\u00e4kerhetsfr\u00e5gor \u00e4r nu en kritisk del av f\u00f6retagsstrategin f\u00f6r att m\u00f6ta kraven fr\u00e5n kunder, myndigheter och andra organisationer. <\/strong><\/p>\n<p><span data-contrast=\"auto\">Denna utbildning med Fredrik H\u00f6gbom syftar till att ge en grundl\u00e4ggande f\u00f6rst\u00e5else av informationss\u00e4kerhet i det kommande NIS2-direktivet och ISO 27001-standarden. Utbildningen kombinerar teori med praktisk till\u00e4mpning.<\/span><span data-ccp-props=\"{&quot;201341983&quot;:0,&quot;335559739&quot;:160,&quot;335559740&quot;:259}\">\u00a0<\/span><\/p>\n","protected":false},"featured_media":9432,"comment_status":"open","ping_status":"closed","template":"","meta":{"wds_primary_product_brand":0,"wds_primary_product_cat":0},"product_brand":[],"product_cat":[56,32,31,203],"product_tag":[],"class_list":{"0":"post-10382","1":"product","2":"type-product","3":"status-publish","4":"has-post-thumbnail","6":"product_cat-it-sakerhet","7":"product_cat-ledarskap","8":"product_cat-security","9":"product_cat-industri","11":"first","12":"instock","13":"taxable","14":"shipping-taxable","15":"purchasable","16":"product-type-simple"},"jetpack_sharing_enabled":true,"_links":{"self":[{"href":"https:\/\/republify.se\/index.php\/wp-json\/wp\/v2\/product\/10382","targetHints":{"allow":["GET"]}}],"collection":[{"href":"https:\/\/republify.se\/index.php\/wp-json\/wp\/v2\/product"}],"about":[{"href":"https:\/\/republify.se\/index.php\/wp-json\/wp\/v2\/types\/product"}],"replies":[{"embeddable":true,"href":"https:\/\/republify.se\/index.php\/wp-json\/wp\/v2\/comments?post=10382"}],"wp:featuredmedia":[{"embeddable":true,"href":"https:\/\/republify.se\/index.php\/wp-json\/wp\/v2\/media\/9432"}],"wp:attachment":[{"href":"https:\/\/republify.se\/index.php\/wp-json\/wp\/v2\/media?parent=10382"}],"wp:term":[{"taxonomy":"product_brand","embeddable":true,"href":"https:\/\/republify.se\/index.php\/wp-json\/wp\/v2\/product_brand?post=10382"},{"taxonomy":"product_cat","embeddable":true,"href":"https:\/\/republify.se\/index.php\/wp-json\/wp\/v2\/product_cat?post=10382"},{"taxonomy":"product_tag","embeddable":true,"href":"https:\/\/republify.se\/index.php\/wp-json\/wp\/v2\/product_tag?post=10382"}],"curies":[{"name":"wp","href":"https:\/\/api.w.org\/{rel}","templated":true}]}}