{"id":10380,"date":"2025-06-10T12:20:51","date_gmt":"2025-06-10T11:20:51","guid":{"rendered":"https:\/\/republify.se\/?post_type=product&#038;p=10380"},"modified":"2026-01-08T18:50:31","modified_gmt":"2026-01-08T17:50:31","slug":"bygg-ditt-ledningssystem-i-sharepoint-online","status":"publish","type":"product","link":"https:\/\/republify.se\/index.php\/produkt\/bygg-ditt-ledningssystem-i-sharepoint-online\/","title":{"rendered":"Bygg ditt ledningssystem i SharePoint Online"},"content":{"rendered":"<p>SharePoint Online \u00e4r i botten ett dokumenthanteringsystem som kan anpassas till m\u00e5nga olika syften. Med SharePoint Online v\u00e4ljer man att modernisera sin hantering dokument, delning, samarbete och s\u00e4kerhet med hj\u00e4lp av inbyggda funktioner i tj\u00e4nsten.<\/p>\n<h3 class=\"wp-block-heading\"><strong>Kursinneh\u00e5ll<\/strong><\/h3>\n<ul>\n<li>\n<ul>\n<li>\n<ul>\n<li>Introduktion till SharePoint Online<\/li>\n<\/ul>\n<\/li>\n<\/ul>\n<ul>\n<li>\n<ul>\n<li>Grundl\u00e4ggande design av en webbplats<\/li>\n<\/ul>\n<\/li>\n<\/ul>\n<ul>\n<li>\n<ul>\n<li>F\u00f6rst\u00e5 och skapa en funktionell navigering<\/li>\n<\/ul>\n<\/li>\n<\/ul>\n<ul>\n<li>\n<ul>\n<li>Grundl\u00e4ggande design av sidor<\/li>\n<\/ul>\n<\/li>\n<\/ul>\n<ul>\n<li>\n<ul>\n<li>Skapa dedikerade processidor<\/li>\n<\/ul>\n<\/li>\n<\/ul>\n<ul>\n<li>\n<ul>\n<li>Skapa och anv\u00e4nda dokumentbibliotek<\/li>\n<\/ul>\n<\/li>\n<\/ul>\n<ul>\n<li>\n<ul>\n<li>Arbeta med dokumentvyer<\/li>\n<\/ul>\n<\/li>\n<\/ul>\n<ul>\n<li>\n<ul>\n<li>Arbeta med filtreringsfunktioner<\/li>\n<\/ul>\n<\/li>\n<\/ul>\n<ul>\n<li>\n<ul>\n<li>Skapa processrelaterade kolumner (hanterad metadata)<\/li>\n<\/ul>\n<\/li>\n<\/ul>\n<ul>\n<li>\n<ul>\n<li>S\u00e4tta r\u00e4tt beh\u00f6righet till person och grupp<\/li>\n<\/ul>\n<\/li>\n<\/ul>\n<ul>\n<li>\n<ul>\n<li>Dela beh\u00f6righet till interna och externa anv\u00e4ndare<\/li>\n<\/ul>\n<\/li>\n<\/ul>\n<ul>\n<li>\n<ul>\n<li>Kommunikationsfunktioner, nyheter och nyhetsbrev<\/li>\n<\/ul>\n<\/li>\n<\/ul>\n<ul>\n<li>\n<ul>\n<li>Att s\u00f6ka i hela eller delar av SharePoint<\/li>\n<li>SharePoint i Teams<\/li>\n<\/ul>\n<\/li>\n<\/ul>\n<\/li>\n<\/ul>\n<h3 class=\"wp-block-heading\">Vem g\u00e5r denna utbildning?<\/h3>\n<p>Denna utbildning v\u00e4nder sig till dig som beh\u00f6ver grundkunskap i hur SharePoint fungerar s\u00e5 att du snabbt kommer ig\u00e5ng med ditt nya ledningssystem.<\/p>\n<h3 class=\"wp-block-heading\">Utbildningsmaterial<\/h3>\n<p>V\u00e5r milj\u00f6 kommer att vara en skarp version av SharePoint Online som \u00e4r tillg\u00e4nglig 30 dagar efter utbildningen f\u00f6r egna labbar. Vi h\u00e4nvisar till Microsofts egna online-material. Intyg\/diplom erh\u00e5lles efter genomf\u00f6rd kurs. Inget kunskapsprov g\u00f6rs.<\/p>\n<h3 class=\"wp-block-heading\">F\u00f6rkunskaper<\/h3>\n<p>Grundl\u00e4ggande Windows-kunskaper<\/p>\n<h3 class=\"wp-block-heading\">Tekniska Krav<\/h3>\n<p>Windows 10 eller 11 med skrivbordsversion av Office i svensk version.<\/p>\n<h3 class=\"wp-block-heading\">\u00d6vrigt<\/h3>\n<p>Denna utbildning \u00e4r online.<\/p>\n<p>&nbsp;<\/p>\n<h3>Kursen levereras i samarbete med AKDMI<\/h3>\n<h2><\/h2>\n","protected":false},"excerpt":{"rendered":"<p><strong>Detta \u00e4r en utbildning f\u00f6r\u00a0dig som vill strukturera dokument och information i SharePoint Online enligt\u00a0befintliga processer i din verksamhet.<\/strong><\/p>\n<p>I kursen fokuserar vi p\u00e5 att bygga en dokumentstruktur inriktad mot ett speciellt syfte, att skapa en dokumentportal som filtrerar fram information som \u00e4r kopplade mot en eller flera processer som ing\u00e5r i ett ISO-relaterat arbete. Detta inkluderar avvikelsehantering, nyhetsfl\u00f6de och omv\u00e4rldsbevakning.<\/p>\n","protected":false},"featured_media":2709,"comment_status":"open","ping_status":"closed","template":"","meta":{"wds_primary_product_brand":0,"wds_primary_product_cat":0},"product_brand":[],"product_cat":[32,43,48,85,49,29,84,203],"product_tag":[],"class_list":{"0":"post-10380","1":"product","2":"type-product","3":"status-publish","4":"has-post-thumbnail","6":"product_cat-ledarskap","7":"product_cat-microsoft","8":"product_cat-ms-teams","9":"product_cat-onedrive","10":"product_cat-sharepoint","11":"product_cat-technical","12":"product_cat-microsoft_office_adobe","13":"product_cat-industri","15":"first","16":"instock","17":"taxable","18":"shipping-taxable","19":"purchasable","20":"product-type-simple"},"jetpack_sharing_enabled":true,"_links":{"self":[{"href":"https:\/\/republify.se\/index.php\/wp-json\/wp\/v2\/product\/10380","targetHints":{"allow":["GET"]}}],"collection":[{"href":"https:\/\/republify.se\/index.php\/wp-json\/wp\/v2\/product"}],"about":[{"href":"https:\/\/republify.se\/index.php\/wp-json\/wp\/v2\/types\/product"}],"replies":[{"embeddable":true,"href":"https:\/\/republify.se\/index.php\/wp-json\/wp\/v2\/comments?post=10380"}],"wp:featuredmedia":[{"embeddable":true,"href":"https:\/\/republify.se\/index.php\/wp-json\/wp\/v2\/media\/2709"}],"wp:attachment":[{"href":"https:\/\/republify.se\/index.php\/wp-json\/wp\/v2\/media?parent=10380"}],"wp:term":[{"taxonomy":"product_brand","embeddable":true,"href":"https:\/\/republify.se\/index.php\/wp-json\/wp\/v2\/product_brand?post=10380"},{"taxonomy":"product_cat","embeddable":true,"href":"https:\/\/republify.se\/index.php\/wp-json\/wp\/v2\/product_cat?post=10380"},{"taxonomy":"product_tag","embeddable":true,"href":"https:\/\/republify.se\/index.php\/wp-json\/wp\/v2\/product_tag?post=10380"}],"curies":[{"name":"wp","href":"https:\/\/api.w.org\/{rel}","templated":true}]}}