{"id":10235,"date":"2025-05-06T14:50:05","date_gmt":"2025-05-06T13:50:05","guid":{"rendered":"https:\/\/republify.se\/?post_type=product&#038;p=10235"},"modified":"2026-01-08T18:51:41","modified_gmt":"2026-01-08T17:51:41","slug":"praktisk-kommunikation-for-chefer-och-ledare-inom-industrin","status":"publish","type":"product","link":"https:\/\/republify.se\/index.php\/produkt\/praktisk-kommunikation-for-chefer-och-ledare-inom-industrin\/","title":{"rendered":"Praktisk kommunikation f\u00f6r chefer och ledare inom industrin"},"content":{"rendered":"<p class=\"\" data-start=\"140\" data-end=\"220\"><strong data-start=\"140\" data-end=\"150\">L\u00e4ngd:<\/strong><br data-start=\"150\" data-end=\"153\" \/>4 dagar (2 + 2 dagar), kl. 08.30\u201316.30. Anpassningsbar efter behov.<\/p>\n<p class=\"\" data-start=\"222\" data-end=\"372\"><strong data-start=\"222\" data-end=\"234\">F\u00f6r vem:<\/strong><br data-start=\"234\" data-end=\"237\" \/>F\u00f6r dig som \u00e4r chef, arbetsledare, teamledare eller produktionsledare \u2013 och vill bli tydligare, tryggare och starkare i ditt ledarskap.<\/p>\n<hr class=\"\" data-start=\"374\" data-end=\"377\" \/>\n<h3 class=\"\" data-start=\"379\" data-end=\"409\"><strong data-start=\"383\" data-end=\"409\">Syfte med utbildningen<\/strong><\/h3>\n<p class=\"\" data-start=\"410\" data-end=\"645\">Den h\u00e4r kursen \u00e4r f\u00f6r dig som kommunicerar varje dag \u2013 i korridoren, fikarummet, vid tavlan eller p\u00e5 avdelningsm\u00f6tet \u2013 och ibland undrar: <em data-start=\"548\" data-end=\"599\">&#8221;H\u00f6rde de vad jag sa? F\u00f6rstod de vad jag menade?&#8221;<\/em><br data-start=\"599\" data-end=\"602\" \/>M\u00e5let \u00e4r att g\u00f6ra dig \u00e4nnu b\u00e4ttre p\u00e5 att:<\/p>\n<ul data-start=\"646\" data-end=\"880\">\n<li class=\"\" data-start=\"646\" data-end=\"724\">\n<p class=\"\" data-start=\"648\" data-end=\"724\">N\u00e5 fram med dina budskap \u2013 \u00e4ven i stressade eller f\u00f6r\u00e4nderliga situationer<\/p>\n<\/li>\n<li class=\"\" data-start=\"725\" data-end=\"777\">\n<p class=\"\" data-start=\"727\" data-end=\"777\">H\u00e5lla m\u00f6ten som folk lyssnar p\u00e5 och agerar efter<\/p>\n<\/li>\n<li class=\"\" data-start=\"778\" data-end=\"835\">\n<p class=\"\" data-start=\"780\" data-end=\"835\">Ta tag i tuffa samtal p\u00e5 ett tydligt men schysst s\u00e4tt<\/p>\n<\/li>\n<li class=\"\" data-start=\"836\" data-end=\"880\">\n<p class=\"\" data-start=\"838\" data-end=\"880\">Kommunicera b\u00e5de med hj\u00e4rta och riktning<\/p>\n<\/li>\n<\/ul>\n<hr class=\"\" data-start=\"882\" data-end=\"885\" \/>\n<h3 class=\"\" data-start=\"887\" data-end=\"907\"><strong data-start=\"891\" data-end=\"907\">Kursinneh\u00e5ll<\/strong><\/h3>\n<p class=\"\" data-start=\"909\" data-end=\"949\"><strong data-start=\"909\" data-end=\"947\">Dag 1\u20132: Kommunikation i praktiken<\/strong><\/p>\n<ul data-start=\"950\" data-end=\"1295\">\n<li class=\"\" data-start=\"950\" data-end=\"1001\">\n<p class=\"\" data-start=\"952\" data-end=\"1001\">Vad k\u00e4nnetecknar bra kommunikation i industrin?<\/p>\n<\/li>\n<li class=\"\" data-start=\"1002\" data-end=\"1041\">\n<p class=\"\" data-start=\"1004\" data-end=\"1041\">Tydliga budskap \u2013 utan att bli h\u00e5rd<\/p>\n<\/li>\n<li class=\"\" data-start=\"1042\" data-end=\"1100\">\n<p class=\"\" data-start=\"1044\" data-end=\"1100\">Att skapa psykologisk trygghet med ord och kroppsspr\u00e5k<\/p>\n<\/li>\n<li class=\"\" data-start=\"1101\" data-end=\"1176\">\n<p class=\"\" data-start=\"1103\" data-end=\"1176\">Verktyg f\u00f6r sv\u00e5ra samtal \u2013 n\u00e4r du beh\u00f6ver s\u00e4ga ifr\u00e5n eller visa omtanke<\/p>\n<\/li>\n<li class=\"\" data-start=\"1177\" data-end=\"1249\">\n<p class=\"\" data-start=\"1179\" data-end=\"1249\">S\u00e5 bygger du tillit \u2013 \u00e4ven om du \u00e4r ny som chef eller leder kollegor<\/p>\n<\/li>\n<li class=\"\" data-start=\"1250\" data-end=\"1295\">\n<p class=\"\" data-start=\"1252\" data-end=\"1295\">\u00d6vningar i vardagsn\u00e4ra samtalssituationer<\/p>\n<\/li>\n<\/ul>\n<p>&nbsp;<\/p>\n<p class=\"\" data-start=\"1297\" data-end=\"1349\"><strong data-start=\"1297\" data-end=\"1347\">Dag 3\u20134: Att p\u00e5verka, motivera och leda fram\u00e5t<\/strong><\/p>\n<ul data-start=\"1350\" data-end=\"1725\">\n<li class=\"\" data-start=\"1350\" data-end=\"1400\">\n<p class=\"\" data-start=\"1352\" data-end=\"1400\">Hur du f\u00e5r folk att lyssna \u2013 och f\u00f6rst\u00e5 varf\u00f6r<\/p>\n<\/li>\n<li class=\"\" data-start=\"1401\" data-end=\"1474\">\n<p class=\"\" data-start=\"1403\" data-end=\"1474\">Retorik i arbetsvardagen \u2013 logos, ethos och pathos p\u00e5 verkstadsgolvet<\/p>\n<\/li>\n<li class=\"\" data-start=\"1475\" data-end=\"1543\">\n<p class=\"\" data-start=\"1477\" data-end=\"1543\">Storytelling i produktionen \u2013 skapa engagemang genom ber\u00e4ttelser<\/p>\n<\/li>\n<li class=\"\" data-start=\"1544\" data-end=\"1601\">\n<p class=\"\" data-start=\"1546\" data-end=\"1601\">Praktisk tr\u00e4ning i att h\u00e5lla presentationer och m\u00f6ten<\/p>\n<\/li>\n<li class=\"\" data-start=\"1602\" data-end=\"1663\">\n<p class=\"\" data-start=\"1604\" data-end=\"1663\">Feedback som st\u00e4rker \u2013 och hur du f\u00e5r andra att ta ansvar<\/p>\n<\/li>\n<li class=\"\" data-start=\"1664\" data-end=\"1725\">\n<p class=\"\" data-start=\"1666\" data-end=\"1725\">Din kommunikationsstil \u2013 s\u00e5 anv\u00e4nder du dina styrkor r\u00e4tt<\/p>\n<\/li>\n<\/ul>\n<hr class=\"\" data-start=\"1727\" data-end=\"1730\" \/>\n<h3 class=\"\" data-start=\"1732\" data-end=\"1762\"><strong data-start=\"1736\" data-end=\"1762\">Verktyg du f\u00e5r med dig<\/strong><\/h3>\n<ol data-start=\"1763\" data-end=\"2230\">\n<li class=\"\" data-start=\"1763\" data-end=\"1862\">\n<p class=\"\" data-start=\"1766\" data-end=\"1862\"><strong data-start=\"1766\" data-end=\"1807\">Tydlighet i budskap och f\u00f6rv\u00e4ntningar<\/strong><br data-start=\"1807\" data-end=\"1810\" \/>\u2192 Minskar fel, missf\u00f6rst\u00e5nd och s\u00e4kerhetsrisker<\/p>\n<\/li>\n<li class=\"\" data-start=\"1863\" data-end=\"1954\">\n<p class=\"\" data-start=\"1866\" data-end=\"1954\"><strong data-start=\"1866\" data-end=\"1910\">N\u00e4rvaro p\u00e5 golvet \u2013 inte bara i m\u00f6tesrum<\/strong><br data-start=\"1910\" data-end=\"1913\" \/>\u2192 Skapar tillit och st\u00e4rker kulturen<\/p>\n<\/li>\n<li class=\"\" data-start=\"1955\" data-end=\"2039\">\n<p class=\"\" data-start=\"1958\" data-end=\"2039\"><strong data-start=\"1958\" data-end=\"1999\">Balans mellan formellt och personligt<\/strong><br data-start=\"1999\" data-end=\"2002\" \/>\u2192 Kombinera struktur med omtanke<\/p>\n<\/li>\n<li class=\"\" data-start=\"2040\" data-end=\"2130\">\n<p class=\"\" data-start=\"2043\" data-end=\"2130\"><strong data-start=\"2043\" data-end=\"2086\">Lyh\u00f6rdhet och respekt f\u00f6r yrkesstolthet<\/strong><br data-start=\"2086\" data-end=\"2089\" \/>\u2192 \u00d6kar motivation och ansvarstagande<\/p>\n<\/li>\n<li class=\"\" data-start=\"2131\" data-end=\"2230\">\n<p class=\"\" data-start=\"2134\" data-end=\"2230\"><strong data-start=\"2134\" data-end=\"2188\">F\u00f6rm\u00e5ga att f\u00f6rklara f\u00f6r\u00e4ndring och skapa riktning<\/strong><br data-start=\"2188\" data-end=\"2191\" \/>\u2192 F\u00e5 med dig teamet i utvecklingen<\/p>\n<\/li>\n<\/ol>\n<hr class=\"\" data-start=\"2232\" data-end=\"2235\" \/>\n<h3 class=\"\" data-start=\"2237\" data-end=\"2272\"><strong data-start=\"2241\" data-end=\"2272\">V\u00e4rde f\u00f6r dig som deltagare<\/strong><\/h3>\n<ul data-start=\"2273\" data-end=\"2530\">\n<li class=\"\" data-start=\"2273\" data-end=\"2324\">\n<p class=\"\" data-start=\"2275\" data-end=\"2324\">Du slipper l\u00e4gga energi p\u00e5 att bli missf\u00f6rst\u00e5dd<\/p>\n<\/li>\n<li class=\"\" data-start=\"2325\" data-end=\"2375\">\n<p class=\"\" data-start=\"2327\" data-end=\"2375\">Du v\u00e5gar ta sv\u00e5ra samtal \u2013 utan att det skaver<\/p>\n<\/li>\n<li class=\"\" data-start=\"2376\" data-end=\"2425\">\n<p class=\"\" data-start=\"2378\" data-end=\"2425\">Du f\u00e5r b\u00e4ttre geh\u00f6r f\u00f6r dina id\u00e9er och beslut<\/p>\n<\/li>\n<li class=\"\" data-start=\"2426\" data-end=\"2471\">\n<p class=\"\" data-start=\"2428\" data-end=\"2471\">Du k\u00e4nner dig tryggare och mer lyssnad p\u00e5<\/p>\n<\/li>\n<li class=\"\" data-start=\"2472\" data-end=\"2530\">\n<p class=\"\" data-start=\"2474\" data-end=\"2530\">Du blir en ledare som folk vill lyssna p\u00e5 \u2013 inte m\u00e5ste<\/p>\n<\/li>\n<\/ul>\n<hr class=\"\" data-start=\"2532\" data-end=\"2535\" \/>\n<h3 class=\"\" data-start=\"2537\" data-end=\"2577\"><strong data-start=\"2541\" data-end=\"2577\">Nyckelf\u00f6rb\u00e4ttringar efter kursen<\/strong><\/h3>\n<ul data-start=\"2578\" data-end=\"2813\">\n<li class=\"\" data-start=\"2578\" data-end=\"2637\">\n<p class=\"\" data-start=\"2580\" data-end=\"2637\"><strong data-start=\"2580\" data-end=\"2603\">B\u00e4ttre arbetsmilj\u00f6:<\/strong> Mindre stress, f\u00e4rre konflikter<\/p>\n<\/li>\n<li class=\"\" data-start=\"2638\" data-end=\"2686\">\n<p class=\"\" data-start=\"2640\" data-end=\"2686\"><strong data-start=\"2640\" data-end=\"2660\">\u00d6kad motivation:<\/strong> Mer engagemang i teamet<\/p>\n<\/li>\n<li class=\"\" data-start=\"2687\" data-end=\"2749\">\n<p class=\"\" data-start=\"2689\" data-end=\"2749\"><strong data-start=\"2689\" data-end=\"2714\">F\u00f6rb\u00e4ttrade resultat:<\/strong> Effektivare m\u00f6ten, tydligare m\u00e5l<\/p>\n<\/li>\n<li class=\"\" data-start=\"2750\" data-end=\"2813\">\n<p class=\"\" data-start=\"2752\" data-end=\"2813\"><strong data-start=\"2752\" data-end=\"2769\">Snabbare ROI:<\/strong> Kommunikation som landar r\u00e4tt fr\u00e5n b\u00f6rjan<\/p>\n<\/li>\n<\/ul>\n<hr class=\"\" data-start=\"2815\" data-end=\"2818\" \/>\n<h3 class=\"\" data-start=\"2820\" data-end=\"2858\"><strong data-start=\"2824\" data-end=\"2858\">Ekonomisk effekt f\u00f6r f\u00f6retaget<\/strong><\/h3>\n<ul data-start=\"2859\" data-end=\"3100\">\n<li class=\"\" data-start=\"2859\" data-end=\"2915\">\n<p class=\"\" data-start=\"2861\" data-end=\"2915\">F\u00e4rre missf\u00f6rst\u00e5nd och omtag \u2013 sparar tid och pengar<\/p>\n<\/li>\n<li class=\"\" data-start=\"2916\" data-end=\"2966\">\n<p class=\"\" data-start=\"2918\" data-end=\"2966\">Effektivare m\u00f6ten \u2013 mindre sl\u00f6seri p\u00e5 resurser<\/p>\n<\/li>\n<li class=\"\" data-start=\"2967\" data-end=\"3027\">\n<p class=\"\" data-start=\"2969\" data-end=\"3027\">H\u00f6gre motivation \u2013 \u00f6kad produktivitet och ansvarstagande<\/p>\n<\/li>\n<li class=\"\" data-start=\"3028\" data-end=\"3100\">\n<p class=\"\" data-start=\"3030\" data-end=\"3100\"><strong data-start=\"3030\" data-end=\"3061\">Avkastning inom 1\u20132 m\u00e5nader<\/strong> \u2013 investering som snabbt betalar sig<\/p>\n<\/li>\n<\/ul>\n<p>&nbsp;<\/p>\n<p>&nbsp;<\/p>\n<h3>Kursen levereras i samarbete med Kronkvist kommunikation AB<\/h3>\n<h2><\/h2>\n","protected":false},"excerpt":{"rendered":"<p><strong>Vill du bli tydligare, tryggare och mer lyssnad p\u00e5 som ledare i industrin? I den h\u00e4r praktiska utbildningen f\u00e5r du verktyg f\u00f6r att n\u00e5 fram i vardagens kommunikation \u2013 fr\u00e5n tavlan ute i produktionen till de sv\u00e5ra samtalen p\u00e5 kontoret. <\/strong><\/p>\n<p>Du l\u00e4r dig kommunicera med b\u00e5de sk\u00e4rpa och omtanke, skapa tillit och f\u00f6rklara f\u00f6r\u00e4ndring s\u00e5 att folk vill vara med. N\u00e4r ledare i industrin blir starkare i sin kommunikation s\u00e5 minskar missf\u00f6rst\u00e5nd, engagemanget \u00f6kar \u2013 och resultaten f\u00f6rb\u00e4ttras direkt.<\/p>\n","protected":false},"featured_media":2646,"comment_status":"open","ping_status":"closed","template":"","meta":{"wds_primary_product_brand":0,"wds_primary_product_cat":0},"product_brand":[],"product_cat":[30,37,32,113,203],"product_tag":[],"class_list":{"0":"post-10235","1":"product","2":"type-product","3":"status-publish","4":"has-post-thumbnail","6":"product_cat-business","7":"product_cat-kommunikation","8":"product_cat-ledarskap","9":"product_cat-presentationsteknik","10":"product_cat-industri","12":"first","13":"instock","14":"taxable","15":"shipping-taxable","16":"purchasable","17":"product-type-simple"},"jetpack_sharing_enabled":true,"_links":{"self":[{"href":"https:\/\/republify.se\/index.php\/wp-json\/wp\/v2\/product\/10235","targetHints":{"allow":["GET"]}}],"collection":[{"href":"https:\/\/republify.se\/index.php\/wp-json\/wp\/v2\/product"}],"about":[{"href":"https:\/\/republify.se\/index.php\/wp-json\/wp\/v2\/types\/product"}],"replies":[{"embeddable":true,"href":"https:\/\/republify.se\/index.php\/wp-json\/wp\/v2\/comments?post=10235"}],"wp:featuredmedia":[{"embeddable":true,"href":"https:\/\/republify.se\/index.php\/wp-json\/wp\/v2\/media\/2646"}],"wp:attachment":[{"href":"https:\/\/republify.se\/index.php\/wp-json\/wp\/v2\/media?parent=10235"}],"wp:term":[{"taxonomy":"product_brand","embeddable":true,"href":"https:\/\/republify.se\/index.php\/wp-json\/wp\/v2\/product_brand?post=10235"},{"taxonomy":"product_cat","embeddable":true,"href":"https:\/\/republify.se\/index.php\/wp-json\/wp\/v2\/product_cat?post=10235"},{"taxonomy":"product_tag","embeddable":true,"href":"https:\/\/republify.se\/index.php\/wp-json\/wp\/v2\/product_tag?post=10235"}],"curies":[{"name":"wp","href":"https:\/\/api.w.org\/{rel}","templated":true}]}}