{"id":10224,"date":"2025-04-29T14:02:12","date_gmt":"2025-04-29T13:02:12","guid":{"rendered":"https:\/\/republify.se\/?post_type=product&#038;p=10224"},"modified":"2026-01-08T18:52:04","modified_gmt":"2026-01-08T17:52:04","slug":"vikten-av-att-satta-tydliga-mal-2","status":"publish","type":"product","link":"https:\/\/republify.se\/index.php\/produkt\/vikten-av-att-satta-tydliga-mal-2\/","title":{"rendered":"Vikten av att s\u00e4tta (tydliga) m\u00e5l"},"content":{"rendered":"<p><strong>Hur kan m\u00e5l \u00f6ka engagemang, motivation och delaktighet i organisationen? <\/strong><\/p>\n<p>N\u00e4r alla i organisationen \u00e4r medvetna om riktningen och f\u00f6rst\u00e5r m\u00e5lens betydelse, kan de bidra fullt ut.<\/p>\n<p>Detta leder till \u00f6kat engagemang, h\u00f6gre motivation och en starkare k\u00e4nsla av delaktighet.<\/p>\n<p>Tillsammans kan vi skapa v\u00e4rde och uppn\u00e5 b\u00e4ttre resultat.<\/p>\n<p><strong>Vad du kommer att l\u00e4ra dig:<\/strong><\/p>\n<ul>\n<li>Hur du s\u00e4tter tydliga och uppn\u00e5eliga m\u00e5l baserat p\u00e5 er vision och aff\u00e4rsid\u00e9.<\/li>\n<li>Strategier f\u00f6r att kommunicera m\u00e5l effektivt inom organisationen.<\/li>\n<li>Praktiska \u00f6vningar f\u00f6r att h\u00e5lla motivationen och engagemanget uppe.<\/li>\n<\/ul>\n<p>&nbsp;<\/p>\n<p>Missa inte denna m\u00f6jlighet att f\u00f6rb\u00e4ttra din organisation och n\u00e5 nya h\u00f6jder. Vi ser fram emot att tr\u00e4ffa dig och arbeta tillsammans f\u00f6r att skapa b\u00e4ttre m\u00e5l f\u00f6r en framg\u00e5ngsrik framtid!<\/p>\n<h3><\/h3>\n<h3>Utbildningen levereras i samarbete med Aim Progress<\/h3>\n<h2><\/h2>\n","protected":false},"excerpt":{"rendered":"<p><strong>V\u00e4lkommen till v\u00e5r workshop i: &#8221;Vikten av att s\u00e4tta (tydliga) m\u00e5l&#8221;!<\/strong><\/p>\n<p>Vill du ta din organisation till n\u00e4sta niv\u00e5? Beh\u00f6ver ni hj\u00e4lp med att formulera tydliga m\u00e5l som alla f\u00f6rst\u00e5r och kan jobba mot? Delta i v\u00e5r interaktiva workshop d\u00e4r vi fokuserar p\u00e5 att skapa tydliga och meningsfulla m\u00e5l utifr\u00e5n er vision och aff\u00e4rsid\u00e9.<\/p>\n<p><strong>Varf\u00f6r ska vi s\u00e4tta m\u00e5l?<\/strong><\/p>\n<p>Att s\u00e4tta m\u00e5l ger oss en tydlig riktning och gemensam bild av vart vi ska. Det skapar en k\u00e4nsla av syfte och mening och hj\u00e4lper oss att fokusera p\u00e5 r\u00e4tt saker.<\/p>\n","protected":false},"featured_media":9437,"comment_status":"open","ping_status":"closed","template":"","meta":{"wds_primary_product_brand":0,"wds_primary_product_cat":0},"product_brand":[],"product_cat":[37,32,28],"product_tag":[67,66],"class_list":{"0":"post-10224","1":"product","2":"type-product","3":"status-publish","4":"has-post-thumbnail","6":"product_cat-kommunikation","7":"product_cat-ledarskap","8":"product_cat-teamship","9":"product_tag-ledarskap","10":"product_tag-personlig-utveckling","12":"first","13":"instock","14":"taxable","15":"shipping-taxable","16":"purchasable","17":"product-type-simple"},"jetpack_sharing_enabled":true,"_links":{"self":[{"href":"https:\/\/republify.se\/index.php\/wp-json\/wp\/v2\/product\/10224","targetHints":{"allow":["GET"]}}],"collection":[{"href":"https:\/\/republify.se\/index.php\/wp-json\/wp\/v2\/product"}],"about":[{"href":"https:\/\/republify.se\/index.php\/wp-json\/wp\/v2\/types\/product"}],"replies":[{"embeddable":true,"href":"https:\/\/republify.se\/index.php\/wp-json\/wp\/v2\/comments?post=10224"}],"wp:featuredmedia":[{"embeddable":true,"href":"https:\/\/republify.se\/index.php\/wp-json\/wp\/v2\/media\/9437"}],"wp:attachment":[{"href":"https:\/\/republify.se\/index.php\/wp-json\/wp\/v2\/media?parent=10224"}],"wp:term":[{"taxonomy":"product_brand","embeddable":true,"href":"https:\/\/republify.se\/index.php\/wp-json\/wp\/v2\/product_brand?post=10224"},{"taxonomy":"product_cat","embeddable":true,"href":"https:\/\/republify.se\/index.php\/wp-json\/wp\/v2\/product_cat?post=10224"},{"taxonomy":"product_tag","embeddable":true,"href":"https:\/\/republify.se\/index.php\/wp-json\/wp\/v2\/product_tag?post=10224"}],"curies":[{"name":"wp","href":"https:\/\/api.w.org\/{rel}","templated":true}]}}