{"id":10222,"date":"2025-04-29T13:54:08","date_gmt":"2025-04-29T12:54:08","guid":{"rendered":"https:\/\/republify.se\/?post_type=product&#038;p=10222"},"modified":"2026-01-08T18:52:42","modified_gmt":"2026-01-08T17:52:42","slug":"vikten-av-att-satta-tydliga-mal","status":"publish","type":"product","link":"https:\/\/republify.se\/index.php\/produkt\/vikten-av-att-satta-tydliga-mal\/","title":{"rendered":"Vikten av att s\u00e4tta tydliga m\u00e5l"},"content":{"rendered":"<p><strong>Hur kan m\u00e5l \u00f6ka engagemang, motivation och delaktighet i organisationen? <\/strong><\/p>\n<p>N\u00e4r alla i organisationen \u00e4r medvetna om riktningen och f\u00f6rst\u00e5r m\u00e5lens betydelse, kan de bidra fullt ut.<\/p>\n<p>Detta leder till \u00f6kat engagemang, h\u00f6gre motivation och en starkare k\u00e4nsla av delaktighet.<\/p>\n<p>Tillsammans kan vi skapa v\u00e4rde och uppn\u00e5 b\u00e4ttre resultat.<\/p>\n<p><strong>Delta i v\u00e5rt webinar och l\u00e4r dig:<\/strong><\/p>\n<ul>\n<li>Hur du s\u00e4tter tydliga m\u00e5l.<\/li>\n<li>Strategier f\u00f6r effektivt m\u00e5larbete inom organisationen.<\/li>\n<li>Praktiska tips f\u00f6r att h\u00e5lla motivationen och engagemanget uppe.<\/li>\n<\/ul>\n<p>Missa inte denna m\u00f6jlighet att f\u00f6rb\u00e4ttra din organisation och n\u00e5 nya h\u00f6jder. Vi ser fram emot att tr\u00e4ffa dig!<\/p>\n<p>&nbsp;<\/p>\n<h3>Webinaret genomf\u00f6rs i samarbete med Aim Progress<\/h3>\n<h2><\/h2>\n","protected":false},"excerpt":{"rendered":"<p><strong>V\u00e4lkommen till v\u00e5rt webinar: &#8221;Vikten av att s\u00e4tta tydliga m\u00e5l&#8221;!\u00a0<\/strong><\/p>\n<p>Har du n\u00e5gonsin undrat varf\u00f6r vissa organisationer lyckas b\u00e4ttre \u00e4n andra? Hemligheten ligger ofta i deras f\u00f6rm\u00e5ga att s\u00e4tta tydliga och meningsfulla m\u00e5l. Vi bjuder in dig till v\u00e5rt kommande webinar d\u00e4r vi kommer att utforska just detta \u00e4mne.<\/p>\n<p><strong>Varf\u00f6r ska vi s\u00e4tta m\u00e5l?<\/strong><\/p>\n<p>Att s\u00e4tta m\u00e5l ger oss en tydlig riktning och gemensam bild av vart vi ska. Det skapar en k\u00e4nsla av syfte och mening och hj\u00e4lper oss att fokusera p\u00e5 r\u00e4tt saker.<\/p>\n<p><strong>Webinariet genomf\u00f6rs torsdag den 26 juni, 11.00-12.00<\/strong><\/p>\n","protected":false},"featured_media":9438,"comment_status":"open","ping_status":"closed","template":"","meta":{"wds_primary_product_brand":0,"wds_primary_product_cat":0},"product_brand":[],"product_cat":[134,56,38,76,29],"product_tag":[],"class_list":{"0":"post-10222","1":"product","2":"type-product","3":"status-publish","4":"has-post-thumbnail","6":"product_cat-cyber-security","7":"product_cat-it-sakerhet","8":"product_cat-natverk-datakom","9":"product_cat-python","10":"product_cat-technical","12":"first","13":"instock","14":"taxable","15":"shipping-taxable","16":"purchasable","17":"product-type-simple"},"jetpack_sharing_enabled":true,"_links":{"self":[{"href":"https:\/\/republify.se\/index.php\/wp-json\/wp\/v2\/product\/10222","targetHints":{"allow":["GET"]}}],"collection":[{"href":"https:\/\/republify.se\/index.php\/wp-json\/wp\/v2\/product"}],"about":[{"href":"https:\/\/republify.se\/index.php\/wp-json\/wp\/v2\/types\/product"}],"replies":[{"embeddable":true,"href":"https:\/\/republify.se\/index.php\/wp-json\/wp\/v2\/comments?post=10222"}],"wp:featuredmedia":[{"embeddable":true,"href":"https:\/\/republify.se\/index.php\/wp-json\/wp\/v2\/media\/9438"}],"wp:attachment":[{"href":"https:\/\/republify.se\/index.php\/wp-json\/wp\/v2\/media?parent=10222"}],"wp:term":[{"taxonomy":"product_brand","embeddable":true,"href":"https:\/\/republify.se\/index.php\/wp-json\/wp\/v2\/product_brand?post=10222"},{"taxonomy":"product_cat","embeddable":true,"href":"https:\/\/republify.se\/index.php\/wp-json\/wp\/v2\/product_cat?post=10222"},{"taxonomy":"product_tag","embeddable":true,"href":"https:\/\/republify.se\/index.php\/wp-json\/wp\/v2\/product_tag?post=10222"}],"curies":[{"name":"wp","href":"https:\/\/api.w.org\/{rel}","templated":true}]}}