{"id":10218,"date":"2025-04-29T07:55:49","date_gmt":"2025-04-29T06:55:49","guid":{"rendered":"https:\/\/republify.se\/?post_type=product&#038;p=10218"},"modified":"2026-01-08T18:53:48","modified_gmt":"2026-01-08T17:53:48","slug":"grundlaggande-rpa","status":"publish","type":"product","link":"https:\/\/republify.se\/index.php\/produkt\/grundlaggande-rpa\/","title":{"rendered":"Grundl\u00e4ggande RPA"},"content":{"rendered":"<p><strong>M\u00e5lgrupp<\/strong><br \/>\nSamtliga roller inom mjukvaru-utveckling, oavsett tidigare erfarenhet.<\/p>\n<p><strong>Kursm\u00e5l<\/strong><br \/>\nEfter kursen kommer du att:<br \/>\nF\u00f6rst\u00e5 syftet med testning, verifiering och olika testniv\u00e5er.<br \/>\nHa inblick i hur mjukvara sl\u00e4pps och underh\u00e5lls.<br \/>\nF\u00f6rst\u00e5 vad RPA \u00e4r och vilka problem tekniken l\u00f6ser.<br \/>\nKunna identifiera processer som \u00e4r l\u00e4mpliga f\u00f6r automatisering.<br \/>\nK\u00e4nna till de vanligaste RPA-verktygen p\u00e5 marknaden.<br \/>\nHa grundl\u00e4ggande f\u00f6rst\u00e5else f\u00f6r hur en RPA-bot konstrueras.<br \/>\nF\u00f6rst\u00e5 hur RPA p\u00e5verkar roller och ansvar i en organisation.<br \/>\nK\u00e4nna till s\u00e4kerhetsaspekter och risker kopplade till automatisering.<br \/>\nHa genomf\u00f6rt en enkel \u00f6vning i att skapa en RPA-l\u00f6sning.<\/p>\n<h3>Dag 1 \u2013 Fr\u00e5n behov till automatisering<\/h3>\n<p><strong>Introduktion till RPA: (10%)<\/strong><\/p>\n<p>Vad \u00e4r RPA och hur fungerar det?<br \/>\nSkillnader mellan traditionell automatisering och RPA<br \/>\nExempel p\u00e5 anv\u00e4ndningsomr\u00e5den<\/p>\n<p><strong>Processidentifiering och analys: (20%)<\/strong><br \/>\nVad k\u00e4nnetecknar en bra kandidat f\u00f6r RPA?<\/p>\n<p>Verksamhetsanalys och processkartl\u00e4ggning<br \/>\n\u00d6vning: Identifiera processer att automatisera<\/p>\n<p><strong>RPA-verktyg och marknad: (20%)<\/strong><br \/>\n\u00d6versikt av marknadsledande verktyg (UiPath, Blue Prism, Power Automate)<\/p>\n<p>Licensmodeller och systemkrav<br \/>\nVal av verktyg utifr\u00e5n behov<\/p>\n<p><strong>Grundl\u00e4ggande RPA-design: (20%)<\/strong><br \/>\nBygga ett enkelt fl\u00f6de i ett RPA-verktyg<\/p>\n<p>inspelning, villkor och loopar<br \/>\nBegrepp som triggers, selectors och datahantering<\/p>\n<p><strong>Roller och organisation: (20%)<\/strong><br \/>\nRoller i ett RPA-projekt: utvecklare, analytiker, process\u00e4gare<\/p>\n<p>RPA Center of Excellence (CoE)<br \/>\nAnsvarsf\u00f6rdelning och governance<\/p>\n<p><strong>Reflektion och diskussion: (10%)<\/strong><br \/>\nFr\u00e5gor och diskussion om dagens inneh\u00e5ll<br \/>\nKoppling till deltagarnas egna verksamheter<\/p>\n<p>Dag 2 \u2013 Fr\u00e5n implementation till styrning<\/p>\n<p><strong>Bygga och testa en bot: (25%)<\/strong><br \/>\nPraktisk \u00f6vning i ett RPA-verktyg<\/p>\n<p>Felhantering och testning<br \/>\nDebugging och dokumentation<\/p>\n<p><strong>Implementering och drift: (15%)<\/strong><br \/>\nRelease av botar i produktionsmilj\u00f6<\/p>\n<p>Milj\u00f6er och livscykelhantering<br \/>\nVersionshantering och deploymentstrategier<\/p>\n<p><strong>S\u00e4kerhet och regelefterlevnad: (10%)<\/strong><br \/>\nRisker med automatisering<\/p>\n<p>Loggning, \u00f6vervakning och tillg\u00e5ngshantering<br \/>\nCompliance och GDPR<\/p>\n<p><strong>Uppf\u00f6ljning och f\u00f6rb\u00e4ttring: (15%)<\/strong><br \/>\nM\u00e4tning av effekt och ROI<\/p>\n<p>Kontinuerlig f\u00f6rb\u00e4ttring av automatiserade processer<br \/>\nStyrning och underh\u00e5ll<\/p>\n<p><strong>Scenarier och till\u00e4mpning: (25%)<\/strong><br \/>\nGruppdiskussioner och case<\/p>\n<p>Analys av verkliga RPA-initiativ<br \/>\nTips och fallgropar<\/p>\n<p><strong>Summering och avslutning: (10%)<\/strong><br \/>\nRepetition av nyckelbegrepp<br \/>\nDiskussion om n\u00e4sta steg \u2013 hur komma ig\u00e5ng i praktiken?<\/p>\n<p>&nbsp;<\/p>\n<p>&nbsp;<\/p>\n<h3>Kursen levereras i samarbete med<\/h3>\n<p><img decoding=\"async\" class=\"alignnone size-medium wp-image-1242 lazyload\" data-src=\"https:\/\/republify.se\/wp-content\/uploads\/2022\/02\/DocebIT_Logo-300x96.jpg\" alt=\"\" width=\"300\" height=\"96\" data-srcset=\"https:\/\/republify.se\/wp-content\/uploads\/2022\/02\/DocebIT_Logo-300x96.jpg 300w, https:\/\/republify.se\/wp-content\/uploads\/2022\/02\/DocebIT_Logo-scaled-600x191.jpg 600w, https:\/\/republify.se\/wp-content\/uploads\/2022\/02\/DocebIT_Logo-1024x327.jpg 1024w, https:\/\/republify.se\/wp-content\/uploads\/2022\/02\/DocebIT_Logo-768x245.jpg 768w, https:\/\/republify.se\/wp-content\/uploads\/2022\/02\/DocebIT_Logo-1536x490.jpg 1536w, https:\/\/republify.se\/wp-content\/uploads\/2022\/02\/DocebIT_Logo-2048x654.jpg 2048w\" data-sizes=\"(max-width: 300px) 100vw, 300px\" src=\"data:image\/svg+xml;base64,PHN2ZyB3aWR0aD0iMSIgaGVpZ2h0PSIxIiB4bWxucz0iaHR0cDovL3d3dy53My5vcmcvMjAwMC9zdmciPjwvc3ZnPg==\" style=\"--smush-placeholder-width: 300px; --smush-placeholder-aspect-ratio: 300\/96;\" \/><\/p>\n<h2><\/h2>\n","protected":false},"excerpt":{"rendered":"<p><strong>Denna kurs ger en tydlig och praktisk introduktion till Robotic Process Automation (RPA) och hur tekniken anv\u00e4nds f\u00f6r att effektivisera administrativa och repetitiva processer. <\/strong><\/p>\n<p>Utbildningen kombinerar teori med praktiska exempel f\u00f6r att ge en helhetsf\u00f6rst\u00e5else f\u00f6r RPA och dess till\u00e4mpning i verksamheten. Deltagarna f\u00e5r \u00e4ven en introduktion till hur man identifierar l\u00e4mpliga processer f\u00f6r automatisering samt hur en enkel RPA-l\u00f6sning kan byggas.<\/p>\n","protected":false},"featured_media":9440,"comment_status":"open","ping_status":"closed","template":"","meta":{"wds_primary_product_brand":0,"wds_primary_product_cat":0},"product_brand":[],"product_cat":[148,200,29,203],"product_tag":[],"class_list":{"0":"post-10218","1":"product","2":"type-product","3":"status-publish","4":"has-post-thumbnail","6":"product_cat-architecture","7":"product_cat-rpa","8":"product_cat-technical","9":"product_cat-industri","11":"first","12":"instock","13":"taxable","14":"shipping-taxable","15":"purchasable","16":"product-type-simple"},"jetpack_sharing_enabled":true,"_links":{"self":[{"href":"https:\/\/republify.se\/index.php\/wp-json\/wp\/v2\/product\/10218","targetHints":{"allow":["GET"]}}],"collection":[{"href":"https:\/\/republify.se\/index.php\/wp-json\/wp\/v2\/product"}],"about":[{"href":"https:\/\/republify.se\/index.php\/wp-json\/wp\/v2\/types\/product"}],"replies":[{"embeddable":true,"href":"https:\/\/republify.se\/index.php\/wp-json\/wp\/v2\/comments?post=10218"}],"wp:featuredmedia":[{"embeddable":true,"href":"https:\/\/republify.se\/index.php\/wp-json\/wp\/v2\/media\/9440"}],"wp:attachment":[{"href":"https:\/\/republify.se\/index.php\/wp-json\/wp\/v2\/media?parent=10218"}],"wp:term":[{"taxonomy":"product_brand","embeddable":true,"href":"https:\/\/republify.se\/index.php\/wp-json\/wp\/v2\/product_brand?post=10218"},{"taxonomy":"product_cat","embeddable":true,"href":"https:\/\/republify.se\/index.php\/wp-json\/wp\/v2\/product_cat?post=10218"},{"taxonomy":"product_tag","embeddable":true,"href":"https:\/\/republify.se\/index.php\/wp-json\/wp\/v2\/product_tag?post=10218"}],"curies":[{"name":"wp","href":"https:\/\/api.w.org\/{rel}","templated":true}]}}