{"id":10085,"date":"2025-03-31T11:48:27","date_gmt":"2025-03-31T10:48:27","guid":{"rendered":"https:\/\/republify.se\/?post_type=product&#038;p=10085"},"modified":"2026-01-08T18:54:55","modified_gmt":"2026-01-08T17:54:55","slug":"ga-starkare-ur-vaggen","status":"publish","type":"product","link":"https:\/\/republify.se\/index.php\/produkt\/ga-starkare-ur-vaggen\/","title":{"rendered":"G\u00e5 starkare ur v\u00e4ggen"},"content":{"rendered":"<h3>\u00c4mnen vi kommer g\u00e5 igenom under dagen<\/h3>\n<p>Skilj p\u00e5 press och stess<br \/>\nTankemissar<br \/>\nIllusionen av kontroll<br \/>\nV\u00e4lj dina krig<br \/>\nR\u00e4tt och fel?<br \/>\nStrunta i framtiden &#8211; den kommer \u00e4nd\u00e5<br \/>\nVad \u00e4r lycka?<br \/>\nVad \u00e4r vi r\u00e4dda f\u00f6r?<br \/>\nSj\u00e4lvf\u00f6rtroende och sj\u00e4lvk\u00e4nsla<br \/>\nByt fokus<br \/>\nTro inte p\u00e5 allt du t\u00e4nker<br \/>\nJobba effektivt utan stress<\/p>\n<p>&nbsp;<\/p>\n<h3>Kommentarer om dagen<\/h3>\n<blockquote><p><em>&#8211; Jag kommer att dela med mig om det du pratade om, det \u00e4r j\u00e4tteviktigt det du s\u00e4ger. T\u00e4nk att f\u00e5 m\u00e5 s\u00e5 bra som du.<\/em><\/p>\n<p><em>&#8211; V\u00e4ldigt intressant, vill ha med. F\u00f6rklarade bra med exempel fr\u00e5n vardagen s\u00e5 man f\u00f6rstod l\u00e4ttare.<\/em><\/p>\n<p><em>&#8211; Stress ber\u00f6r alla idag och jag tror de flesta har mycket att ta till sig, jag tog till mig massvis. Att f\u00f6rst\u00e5 varf\u00f6r man reagerar p\u00e5 vissa s\u00e4tt. VIKTIGT! Att f\u00f6rst\u00e5 att man kan best\u00e4mma \u00f6ver sin egen hj\u00e4rna, TOPPEN! Jag ska ge min hj\u00e4rna vad den t\u00e5l fram\u00f6ver. Det ska bli kul. Tack f\u00f6r mycket inspiration.<\/em><\/p>\n<p><em>&#8211; Viktigt att f\u00e5 en f\u00f6rst\u00e5else f\u00f6r hur hj\u00e4rnan arbetar och varf\u00f6r jag reagerar som jag g\u00f6r.<\/em><\/p><\/blockquote>\n<p>&nbsp;<\/p>\n<h3>levereras i samarbete med<\/h3>\n<p><img decoding=\"async\" class=\"alignnone size-full wp-image-1231 lazyload\" data-src=\"https:\/\/republify.se\/wp-content\/uploads\/2022\/02\/Christina_logo.jpg\" alt=\"\" width=\"296\" height=\"74\" src=\"data:image\/svg+xml;base64,PHN2ZyB3aWR0aD0iMSIgaGVpZ2h0PSIxIiB4bWxucz0iaHR0cDovL3d3dy53My5vcmcvMjAwMC9zdmciPjwvc3ZnPg==\" style=\"--smush-placeholder-width: 296px; --smush-placeholder-aspect-ratio: 296\/74;\" \/><\/p>\n<h2><\/h2>\n","protected":false},"excerpt":{"rendered":"<p><strong>Att g\u00e5 i den s\u00e5 kallade v\u00e4ggen kan vara en tragedi men det beh\u00f6ver inte betyda ett liv i fortsatt lidande. G\u00f6r v\u00e4ggen till\u00a0ett slut p\u00e5 n\u00e5got gammalt och b\u00f6rjan till n\u00e5got nytt.<\/strong><\/p>\n<p>Det beh\u00f6ver inte heller betyda ett liv utanf\u00f6r arbetsmarknaden. 1994 trodde jag att allt var slut f\u00f6r mig. Jag var helt slut o b\u00e5de kropp och sj\u00e4l, inget fungerade f\u00f6r mig l\u00e4ngre. T\u00e4nk om jag bara anat vad jag vet idag. V\u00e4ggen blev startskottet till ett nytt liv, ett b\u00e4ttre liv.<\/p>\n<p>Under en heldag tittar vi p\u00e5 vad stress \u00e4r och hur man kan v\u00e4lja bort den.<\/p>\n<p>Hur vi, med n\u00e5gra enkla verktyg, kan jobba effektivt utan att tappa kontrollen.<\/p>\n<p><em>\/\/ <strong>Christina Haugs\u00f6en<\/strong>,<br \/>\nOrganisations-, ledar- och medarbetar-utvecklare, f\u00f6rel\u00e4sare<\/em><\/p>\n","protected":false},"featured_media":2597,"comment_status":"open","ping_status":"closed","template":"","meta":{"wds_primary_product_brand":0,"wds_primary_product_cat":0},"product_brand":[],"product_cat":[91,32,28],"product_tag":[],"class_list":{"0":"post-10085","1":"product","2":"type-product","3":"status-publish","4":"has-post-thumbnail","6":"product_cat-arbetsmiljo","7":"product_cat-ledarskap","8":"product_cat-teamship","10":"first","11":"instock","12":"taxable","13":"shipping-taxable","14":"purchasable","15":"product-type-simple"},"jetpack_sharing_enabled":true,"_links":{"self":[{"href":"https:\/\/republify.se\/index.php\/wp-json\/wp\/v2\/product\/10085","targetHints":{"allow":["GET"]}}],"collection":[{"href":"https:\/\/republify.se\/index.php\/wp-json\/wp\/v2\/product"}],"about":[{"href":"https:\/\/republify.se\/index.php\/wp-json\/wp\/v2\/types\/product"}],"replies":[{"embeddable":true,"href":"https:\/\/republify.se\/index.php\/wp-json\/wp\/v2\/comments?post=10085"}],"wp:featuredmedia":[{"embeddable":true,"href":"https:\/\/republify.se\/index.php\/wp-json\/wp\/v2\/media\/2597"}],"wp:attachment":[{"href":"https:\/\/republify.se\/index.php\/wp-json\/wp\/v2\/media?parent=10085"}],"wp:term":[{"taxonomy":"product_brand","embeddable":true,"href":"https:\/\/republify.se\/index.php\/wp-json\/wp\/v2\/product_brand?post=10085"},{"taxonomy":"product_cat","embeddable":true,"href":"https:\/\/republify.se\/index.php\/wp-json\/wp\/v2\/product_cat?post=10085"},{"taxonomy":"product_tag","embeddable":true,"href":"https:\/\/republify.se\/index.php\/wp-json\/wp\/v2\/product_tag?post=10085"}],"curies":[{"name":"wp","href":"https:\/\/api.w.org\/{rel}","templated":true}]}}