{"id":738,"date":"2022-01-30T14:16:03","date_gmt":"2022-01-30T13:16:03","guid":{"rendered":"https:\/\/republify.picox.se\/?page_id=738"},"modified":"2026-02-11T16:39:18","modified_gmt":"2026-02-11T15:39:18","slug":"kvalitetspolicy","status":"publish","type":"page","link":"https:\/\/republify.se\/index.php\/kvalitetspolicy\/","title":{"rendered":"Kvalitetspolicy"},"content":{"rendered":"<div data-colibri-id=\"738-c1\" class=\"style-650 style-local-738-c1 position-relative\">\n  <!---->\n  <div data-colibri-component=\"section\" data-colibri-id=\"738-c2\" id=\"content\" class=\"h-section h-section-global-spacing d-flex align-items-lg-center align-items-md-center align-items-center style-2873 style-local-738-c2 h-overflow-hidden position-relative\">\n    <!---->\n    <!---->\n    <div class=\"h-section-grid-container h-section-boxed-container\">\n      <!---->\n      <div data-colibri-id=\"738-c3\" class=\"h-row-container gutters-row-lg-0 gutters-row-md-0 gutters-row-2 gutters-row-v-lg-0 gutters-row-v-md-0 gutters-row-v-2 style-2874 style-local-738-c3 position-relative\">\n        <!---->\n        <div class=\"h-row justify-content-lg-center justify-content-md-center justify-content-center align-items-lg-stretch align-items-md-stretch align-items-stretch gutters-col-lg-0 gutters-col-md-0 gutters-col-2 gutters-col-v-lg-0 gutters-col-v-md-0 gutters-col-v-2\">\n          <!---->\n          <div class=\"h-column h-column-container d-flex h-col-lg-auto h-col-md-auto h-col-auto style-2875-outer style-local-738-c4-outer\">\n            <div data-colibri-id=\"738-c4\" class=\"d-flex h-flex-basis h-column__inner h-ui-empty-state-container h-px-lg-0 h-px-md-0 h-px-0 v-inner-lg-0 v-inner-md-0 v-inner-0 style-2875 style-local-738-c4 position-relative\">\n              <!---->\n              <!---->\n              <div class=\"w-100 h-y-container h-column__content h-column__v-align flex-basis-100\">\n                <!---->\n              <\/div>\n            <\/div>\n          <\/div>\n          <div class=\"h-column h-column-container d-flex h-col-lg-auto h-col-md-auto h-col-auto style-2876-outer style-local-738-c5-outer\">\n            <div data-colibri-id=\"738-c5\" class=\"d-flex h-flex-basis h-column__inner h-px-lg-0 h-px-md-0 h-px-0 v-inner-lg-0 v-inner-md-0 v-inner-0 style-2876 style-local-738-c5 position-relative\">\n              <!---->\n              <!---->\n              <div class=\"w-100 h-y-container h-column__content h-column__v-align flex-basis-100 align-self-lg-start align-self-md-start align-self-start\">\n                <!---->\n                <div data-colibri-id=\"738-c6\" class=\"h-global-transition-all h-heading style-2877 style-local-738-c6 position-relative h-element\">\n                  <!---->\n                  <div class=\"h-heading__outer style-2877 style-local-738-c6\">\n                    <!---->\n                    <!---->\n                    <h4 class=\"\">V\u00e5r kvalitetspolicy grundar sig p\u00e5 ISO 9001<\/h4>\n                  <\/div>\n                <\/div>\n                <div data-colibri-id=\"738-c7\" class=\"h-global-transition-all h-heading style-2878 style-local-738-c7 position-relative h-element\">\n                  <!---->\n                  <div class=\"h-heading__outer style-2878 style-local-738-c7\">\n                    <!---->\n                    <!---->\n                    <h2 class=\"\">Kvalitetspolicy<\/h2>\n                  <\/div>\n                <\/div>\n                <div data-colibri-id=\"738-c8\" class=\"h-text h-text-component style-2879 style-local-738-c8 position-relative h-element\">\n                  <!---->\n                  <!---->\n                  <div class=\"\">\n                    <p>Utm\u00e4rkt kvalitet i verksamheten och i f\u00f6rh\u00e5llandet mellan pris och kvalitet p\u00e5 tj\u00e4nster och produkter utg\u00f6r grunden f\u00f6r en l\u00f6nsam verksamhet. F\u00f6r att uppn\u00e5 detta till\u00e4mpas;<\/p>\n                    <p>&#8211; standardiserade processer<\/p>\n                    <p>&#8211; tillit till tj\u00e4nstekedjan och underleverant\u00f6rer<\/p>\n                    <p>&#8211; aktivt arbete i utvecklingen av produkter och tj\u00e4nster\n                      <br>\n                      <br><strong>Kundbel\u00e5tenhet och feedback<\/strong><\/p>\n                    <p>Direkt kundtillfredsst\u00e4llelse f\u00f6ljs upp i feedback fr\u00e5n utbildningarna. Om Republifys utbildnings-\/konsultationstj\u00e4nst f\u00e5r en reklamation, skall Republify tillsammans med kunden utreda orsaken till reklamationen och behandla reklamationen,\n                      beroende p\u00e5 vad reklamationen g\u00e4ller, med utbildaren, utbildningsansvarige eller IT.<\/p>\n                    <p>F\u00f6rs\u00e4ljaren vidtar korrigerande \u00e5tg\u00e4rder i samarbete med direkt\u00f6ren f\u00f6r aff\u00e4rsverksamhetsenheten. Hanteringen av och l\u00f6sningen p\u00e5 reklamationer dokumenteras i intran\u00e4tets kvalitetsavdelning f\u00f6r reklamationer och i CRM-system. F\u00f6r dokumentationen\n                      ansvarar enhetens chef.<\/p>\n                    <p>Kundernas uppdragsgivare och ink\u00f6pare f\u00e5r \u00e5rligen en djupg\u00e5ende kundtillfredsst\u00e4llelseenk\u00e4t som m\u00e4ter hanteringen av kundrelationen.<\/p>\n                    <p>\n                      <br>\n                    <\/p>\n                  <\/div>\n                <\/div>\n              <\/div>\n            <\/div>\n          <\/div>\n        <\/div>\n      <\/div>\n    <\/div>\n  <\/div>\n  <div data-colibri-component=\"section\" data-colibri-id=\"738-c9\" id=\"content-2\" class=\"h-section h-section-global-spacing d-flex align-items-lg-center align-items-md-center align-items-center style-2884 style-local-738-c9 position-relative\">\n    <!---->\n    <!---->\n    <div class=\"h-section-grid-container h-section-boxed-container\">\n      <!---->\n      <div data-colibri-id=\"738-c10\" class=\"h-row-container gutters-row-lg-0 gutters-row-md-0 gutters-row-2 gutters-row-v-lg-0 gutters-row-v-md-0 gutters-row-v-2 style-2885 style-local-738-c10 position-relative\">\n        <!---->\n        <div class=\"h-row justify-content-lg-center justify-content-md-center justify-content-center align-items-lg-stretch align-items-md-stretch align-items-stretch gutters-col-lg-0 gutters-col-md-0 gutters-col-2 gutters-col-v-lg-0 gutters-col-v-md-0 gutters-col-v-2\">\n          <!---->\n          <div class=\"h-column h-column-container d-flex h-col-lg-auto h-col-md-auto h-col-auto style-2886-outer style-local-738-c11-outer\">\n            <div data-colibri-id=\"738-c11\" class=\"d-flex h-flex-basis h-column__inner h-px-lg-0 h-px-md-0 h-px-0 v-inner-lg-0 v-inner-md-0 v-inner-0 style-2886 style-local-738-c11 position-relative\">\n              <!---->\n              <!---->\n              <div class=\"w-100 h-y-container h-column__content h-column__v-align flex-basis-100 align-self-lg-start align-self-md-start align-self-start\">\n                <!---->\n                <div data-colibri-id=\"738-c12\" class=\"h-global-transition-all h-heading style-2887 style-local-738-c12 position-relative h-element\">\n                  <!---->\n                  <div class=\"h-heading__outer style-2887 style-local-738-c12\">\n                    <!---->\n                    <!---->\n                    <h4 class=\"\">Kvalitetsm\u00e5l och uppf\u00f6ljning<\/h4>\n                  <\/div>\n                <\/div>\n                <div data-colibri-id=\"738-c13\" class=\"h-global-transition-all h-heading style-2888 style-local-738-c13 position-relative h-element\">\n                  <!---->\n                  <div class=\"h-heading__outer style-2888 style-local-738-c13\">\n                    <!---->\n                    <!---->\n                    <h2 class=\"\">Uppf\u00f6ljning<\/h2>\n                  <\/div>\n                <\/div>\n                <div data-colibri-id=\"738-c14\" class=\"h-text h-text-component style-2889 style-local-738-c14 position-relative h-element\">\n                  <!---->\n                  <!---->\n                  <div class=\"\">\n                    <p>Kvalitetsm\u00e5len och m\u00e4tarna uppdateras varje \u00e5r efter att strategin godk\u00e4nts. Genom uppf\u00f6ljning av m\u00e4tarna och korrigerande \u00e5tg\u00e4rder mot eventuella avvikelser str\u00e4var vi efter kontinuerlig utveckling och f\u00f6rb\u00e4ttring av resultat, kundtillfredsst\u00e4llelse\n                      och kvalitet.<\/p>\n                    <p>Ledningsgruppen f\u00f6r Republify ansvarar f\u00f6r kvalitetspolicyn, dess genomf\u00f6rande, informerar om kvalitetssystemet, dess m\u00e5l och \u00e4ndringar.<\/p>\n                    <p>Republifys ledning g\u00e5r igenom kvalitetshanteringssystemet, f\u00f6ljer upp m\u00e4tpunkterna och den feedback som mottagits regelbundet p\u00e5 ledningsgruppens m\u00f6ten. En g\u00e5ng om \u00e5ret genomf\u00f6r ledningen dessutom en omfattande genomg\u00e5ng. Ledningens\n                      genomg\u00e5ng best\u00e5r av bl.a. f\u00f6ljande<\/p>\n                    <p>\u2022 bed\u00f6mning av kvalitetshanteringssystemet<\/p>\n                    <p>\u2022 kvalitetsm\u00e5len p\u00e5 f\u00f6retagsniv\u00e5<\/p>\n                    <p>\u2022 resultat av interna granskningar. Under genomg\u00e5ngen behandlas eventuella avvikelser\/utvecklingsf\u00f6rslag och beslut om korrigerande \u00e5tg\u00e4rder fattas. Under genomg\u00e5ngen granskas \u00e4ven hur tidigare \u00e5tg\u00e4rder f\u00f6rverkligats och vilka effekterna\n                      har varit f\u00f6r \u00e5tg\u00e4rden i fr\u00e5ga<\/p>\n                    <p>\u2022 kundfeedback, kundtillfredsst\u00e4llelseenk\u00e4ter, eventuella marknadsunders\u00f6kningsresultat<\/p>\n                    <p>\u2022 \u00f6vervakning av avvikande produkt (reklamationer)<\/p>\n                  <\/div>\n                <\/div>\n                <div data-colibri-id=\"738-c15\" class=\"h-row-container gutters-row-lg-2 gutters-row-md-2 gutters-row-0 gutters-row-v-lg-2 gutters-row-v-md-2 gutters-row-v-0 style-2890 style-local-738-c15 position-relative\">\n                  <!---->\n                  <div class=\"h-row justify-content-lg-center justify-content-md-center justify-content-center align-items-lg-stretch align-items-md-stretch align-items-stretch gutters-col-lg-2 gutters-col-md-2 gutters-col-0 gutters-col-v-lg-2 gutters-col-v-md-2 gutters-col-v-0\">\n                    <!---->\n                    <div class=\"h-column h-column-container d-flex h-col-lg-6 h-col-md-6 h-col-6 style-2891-outer style-local-738-c16-outer\">\n                      <div data-colibri-id=\"738-c16\" class=\"d-flex h-flex-basis h-column__inner h-px-lg-0 h-px-md-0 h-px-0 v-inner-lg-0 v-inner-md-0 v-inner-0 style-2891 style-local-738-c16 position-relative\">\n                        <!---->\n                        <!---->\n                        <div class=\"w-100 h-y-container h-column__content h-column__v-align flex-basis-100 align-self-lg-start align-self-md-start align-self-start\">\n                          <!---->\n                          <div data-colibri-id=\"738-c17\" class=\"h-global-transition-all h-heading style-2892 style-local-738-c17 position-relative h-element\">\n                            <!---->\n                            <div class=\"h-heading__outer style-2892 style-local-738-c17\">\n                              <!---->\n                              <!---->\n                              <h5 class=\"\">M\u00e5ls\u00e4ttning<\/h5>\n                            <\/div>\n                          <\/div>\n                          <div data-colibri-id=\"738-c18\" class=\"h-text h-text-component style-2893 style-local-738-c18 position-relative h-element\">\n                            <!---->\n                            <!---->\n                            <div class=\"\">\n                              <p>L\u00f6nsam verksamhet<\/p>\n                              <p>H\u00f6g kundbel\u00e5tenhet<\/p>\n                              <p>H\u00f6g personaltillfredsst\u00e4llelse och positiv arbetsmilj\u00f6<\/p>\n                              <p>Innovationer och f\u00f6rnyelse<\/p>\n                              <p>\n                                <br>\n                              <\/p>\n                            <\/div>\n                          <\/div>\n                        <\/div>\n                      <\/div>\n                    <\/div>\n                    <div class=\"h-column h-column-container d-flex h-col-lg-6 h-col-md-6 h-col-6 style-2891-outer style-local-738-c19-outer\">\n                      <div data-colibri-id=\"738-c19\" class=\"d-flex h-flex-basis h-column__inner h-px-lg-0 h-px-md-0 h-px-0 v-inner-lg-0 v-inner-md-0 v-inner-0 style-2891 style-local-738-c19 position-relative\">\n                        <!---->\n                        <!---->\n                        <div class=\"w-100 h-y-container h-column__content h-column__v-align flex-basis-100 align-self-lg-start align-self-md-start align-self-start\">\n                          <!---->\n                          <div data-colibri-id=\"738-c20\" class=\"h-global-transition-all h-heading style-2892 style-local-738-c20 position-relative h-element\">\n                            <!---->\n                            <div class=\"h-heading__outer style-2892 style-local-738-c20\">\n                              <!---->\n                              <!---->\n                              <h5 class=\"\">Avst\u00e4mningsm\u00e4tare<\/h5>\n                            <\/div>\n                          <\/div>\n                          <div data-colibri-id=\"738-c21\" class=\"h-text h-text-component style-2893 style-local-738-c21 position-relative h-element\">\n                            <!---->\n                            <!---->\n                            <div class=\"\">\n                              <p>Justerad f\u00f6rs\u00e4ljningsmarginal<\/p>\n                              <p>Kursutv\u00e4rderingar\/Kursfeedback,&nbsp;Avvikelser och reklamationer.&nbsp;Kundbel\u00e5tenhetsenk\u00e4ter<\/p>\n                              <p>Personaltillfredsst\u00e4llelseenk\u00e4ter; arbetstillfredsst\u00e4llelse, arbetets meningsfullhet, trygghetsk\u00e4nsla, tillit<\/p>\n                              <p>Andelen nya produkter\/marknadsandelen utav oms\u00e4ttningen i %<\/p>\n                            <\/div>\n                          <\/div>\n                        <\/div>\n                      <\/div>\n                    <\/div>\n                  <\/div>\n                <\/div>\n              <\/div>\n            <\/div>\n          <\/div>\n          <div class=\"h-column h-column-container d-flex h-col-lg-auto h-col-md-auto h-col-auto style-2894-outer style-local-738-c22-outer\">\n            <div data-colibri-id=\"738-c22\" class=\"d-flex h-flex-basis h-column__inner h-ui-empty-state-container h-px-lg-0 h-px-md-0 h-px-0 v-inner-lg-0 v-inner-md-0 v-inner-0 style-2894 style-local-738-c22 position-relative\">\n              <!---->\n              <!---->\n              <div class=\"w-100 h-y-container h-column__content h-column__v-align flex-basis-100\">\n                <!---->\n              <\/div>\n            <\/div>\n          <\/div>\n        <\/div>\n      <\/div>\n    <\/div>\n  <\/div>\n<\/div>","protected":false},"excerpt":{"rendered":"<p>V\u00e5r kvalitetspolicy grundar sig p\u00e5 ISO 9001 Kvalitetspolicy Utm\u00e4rkt kvalitet i verksamheten och i f\u00f6rh\u00e5llandet mellan pris och kvalitet p\u00e5 tj\u00e4nster och produkter utg\u00f6r grunden f\u00f6r en l\u00f6nsam verksamhet. F\u00f6r att uppn\u00e5 detta till\u00e4mpas; &#8211; standardiserade processer &#8211; tillit till tj\u00e4nstekedjan och underleverant\u00f6rer &#8211; aktivt arbete i utvecklingen av produkter och tj\u00e4nster Kundbel\u00e5tenhet och feedback [&hellip;]<\/p>\n","protected":false},"author":2,"featured_media":0,"parent":0,"menu_order":0,"comment_status":"closed","ping_status":"closed","template":"page-templates\/full-width-page.php","meta":{"footnotes":""},"class_list":["post-738","page","type-page","status-publish","hentry"],"jetpack_sharing_enabled":true,"_links":{"self":[{"href":"https:\/\/republify.se\/index.php\/wp-json\/wp\/v2\/pages\/738","targetHints":{"allow":["GET"]}}],"collection":[{"href":"https:\/\/republify.se\/index.php\/wp-json\/wp\/v2\/pages"}],"about":[{"href":"https:\/\/republify.se\/index.php\/wp-json\/wp\/v2\/types\/page"}],"author":[{"embeddable":true,"href":"https:\/\/republify.se\/index.php\/wp-json\/wp\/v2\/users\/2"}],"replies":[{"embeddable":true,"href":"https:\/\/republify.se\/index.php\/wp-json\/wp\/v2\/comments?post=738"}],"version-history":[{"count":20,"href":"https:\/\/republify.se\/index.php\/wp-json\/wp\/v2\/pages\/738\/revisions"}],"predecessor-version":[{"id":11687,"href":"https:\/\/republify.se\/index.php\/wp-json\/wp\/v2\/pages\/738\/revisions\/11687"}],"wp:attachment":[{"href":"https:\/\/republify.se\/index.php\/wp-json\/wp\/v2\/media?parent=738"}],"curies":[{"name":"wp","href":"https:\/\/api.w.org\/{rel}","templated":true}]}}