{"id":698,"date":"2022-01-30T13:43:33","date_gmt":"2022-01-30T12:43:33","guid":{"rendered":"https:\/\/republify.picox.se\/?page_id=698"},"modified":"2026-03-06T09:51:28","modified_gmt":"2026-03-06T08:51:28","slug":"miljopolicy","status":"publish","type":"page","link":"https:\/\/republify.se\/index.php\/miljopolicy\/","title":{"rendered":"Milj\u00f6policy"},"content":{"rendered":"<div data-colibri-id=\"698-c1\" class=\"style-624 style-local-698-c1 position-relative\">\n  <!---->\n  <div data-colibri-component=\"section\" data-colibri-id=\"698-c2\" id=\"content\" class=\"h-section h-section-global-spacing d-flex align-items-lg-center align-items-md-center align-items-center style-635 style-local-698-c2 position-relative\">\n    <!---->\n    <!---->\n    <div class=\"h-section-grid-container h-section-boxed-container\">\n      <div data-colibri-id=\"698-c5\" class=\"h-row-container gutters-row-lg-2 gutters-row-md-2 gutters-row-2 gutters-row-v-lg-2 gutters-row-v-md-2 gutters-row-v-2 style-639 style-local-698-c5 position-relative\">\n        <!---->\n        <div class=\"h-row justify-content-lg-center justify-content-md-center justify-content-center align-items-lg-stretch align-items-md-stretch align-items-stretch gutters-col-lg-2 gutters-col-md-2 gutters-col-2 gutters-col-v-lg-2 gutters-col-v-md-2 gutters-col-v-2\">\n          <!---->\n          <div class=\"h-column h-column-container d-flex h-col-lg-auto h-col-md-auto h-col-auto style-640-outer style-local-698-c6-outer\">\n            <div data-colibri-id=\"698-c6\" class=\"d-flex h-flex-basis h-column__inner h-px-lg-2 h-px-md-2 h-px-0 v-inner-lg-2 v-inner-md-2 v-inner-0 style-640 style-local-698-c6 position-relative\">\n              <!---->\n              <!---->\n              <div class=\"w-100 h-y-container h-column__content h-column__v-align flex-basis-100 align-self-lg-start align-self-md-start align-self-start\">\n                <!---->\n                <div data-colibri-id=\"698-c7\" class=\"h-global-transition-all h-heading style-641 style-local-698-c7 position-relative h-element\">\n                  <!---->\n                  <div class=\"h-heading__outer style-641 style-local-698-c7\">\n                    <!---->\n                    <!---->\n                    <h2 class=\"\">Vi har alltid v\u00e5r milj\u00f6 i \u00e5tanke<\/h2>\n                  <\/div>\n                <\/div>\n                <div data-colibri-id=\"698-c8\" class=\"h-lead h-text h-text-component style-642 style-local-698-c8 position-relative h-element\">\n                  <!---->\n                  <!---->\n                  <div class=\"\">\n                    <p><em>I dessa tider mer \u00e4n n\u00e5gonsin \u00e4r ett sunt och kontinuerligt arbete ur milj\u00f6h\u00e4nseende viktigare \u00e4n n\u00e5gonsin!<\/em>\n                      <br>\n                      <br>&#8211; Republifys verksamhet bedrivs i enlighet med&nbsp;ISO 14001 p\u00e5 ett s\u00e5dant s\u00e4tt att milj\u00f6h\u00e4nsyn integreras som en naturlig del tillsammans med kvalitet och kostnadseffektivitet i det dagliga arbetet\n                      <br>\n                      <br>&#8211; Vi uppmuntrar \u00e4ven v\u00e5ra samarbetspartners att agera i enlighet med v\u00e5rt milj\u00f6t\u00e4nk\n                      <br>\n                      <br>&#8211; Republifys arbete f\u00f6ljer g\u00e4llande lagstiftning som vi ber\u00f6rs av\n                      <br>\n                      <br>&#8211; V\u00e5r milj\u00f6p\u00e5verkande resursf\u00f6rbrukningen skall vara s\u00e5 l\u00e5g som m\u00f6jligt utan att v\u00e5r verksamhet p\u00e5verkas negativt\n                      <br>\n                      <br>&#8211; V\u00e5rt milj\u00f6arbete och milj\u00f6policy ses kontinuerligt \u00f6ver\n                      <br>\n                      <br>F\u00f6r att kontinuerligt f\u00f6rb\u00e4ttra v\u00e5rt milj\u00f6arbete och milj\u00f6engagemang samt bidra till en h\u00e5llbar utveckling inriktar vi oss p\u00e5 nedanst\u00e5ende punkter:<\/p>\n                    <p>Vi utbildar oss kontinuerligt och arbetar fortl\u00f6pande med att s\u00e4kerst\u00e4lla att den milj\u00f6p\u00e5verkande resursf\u00f6rbrukningen i f\u00f6retaget fr\u00e4mst avseende pappersf\u00f6rbrukning, restprodukt\/avfallshantering, tj\u00e4nsteresor och elf\u00f6rbrukning \u00e4r s\u00e5\n                      l\u00e5g som m\u00f6jligt utan att v\u00e5r verksamhet p\u00e5verkas negativt.<\/p>\n                  <\/div>\n                <\/div>\n              <\/div>\n            <\/div>\n          <\/div>\n          <div class=\"h-column h-column-container d-flex h-col-lg-auto h-col-md-auto h-col-auto style-2422-outer style-local-698-c9-outer\">\n            <div data-colibri-id=\"698-c9\" class=\"d-flex h-flex-basis h-column__inner h-px-lg-2 h-px-md-2 h-px-2 v-inner-lg-2 v-inner-md-2 v-inner-2 style-2422 style-local-698-c9 position-relative\">\n              <!---->\n              <!---->\n              <div class=\"w-100 h-y-container h-column__content h-column__v-align flex-basis-100 align-self-lg-start align-self-md-start align-self-start\">\n                <!---->\n                <div data-colibri-id=\"698-c10\" class=\"d-block style-2423 style-local-698-c10 position-relative h-element\">\n                  <!---->\n                  <div class=\"h-image__frame-container-outer\">\n                    <div class=\"h-image__frame-container\">\n                      <!---->\n                      <!---->\n                      <img decoding=\"async\" width=\"1412\" height=\"1412\" data-src=\"https:\/\/republify.se\/wp-content\/uploads\/2026\/03\/cropped-54570694210_0254c79a09_k.jpg\" class=\"wp-image-11834 style-2423-image style-local-698-c10-image lazyload\" alt=\"\" data-srcset=\"https:\/\/republify.se\/wp-content\/uploads\/2026\/03\/cropped-54570694210_0254c79a09_k.jpg 1412w, https:\/\/republify.se\/wp-content\/uploads\/2026\/03\/cropped-54570694210_0254c79a09_k-300x300.jpg 300w, https:\/\/republify.se\/wp-content\/uploads\/2026\/03\/cropped-54570694210_0254c79a09_k-1024x1024.jpg 1024w, https:\/\/republify.se\/wp-content\/uploads\/2026\/03\/cropped-54570694210_0254c79a09_k-150x150.jpg 150w, https:\/\/republify.se\/wp-content\/uploads\/2026\/03\/cropped-54570694210_0254c79a09_k-768x768.jpg 768w, https:\/\/republify.se\/wp-content\/uploads\/2026\/03\/cropped-54570694210_0254c79a09_k-600x600.jpg 600w, https:\/\/republify.se\/wp-content\/uploads\/2026\/03\/cropped-54570694210_0254c79a09_k-100x100.jpg 100w\" data-sizes=\"(max-width: 1412px) 100vw, 1412px\" src=\"data:image\/svg+xml;base64,PHN2ZyB3aWR0aD0iMSIgaGVpZ2h0PSIxIiB4bWxucz0iaHR0cDovL3d3dy53My5vcmcvMjAwMC9zdmciPjwvc3ZnPg==\" style=\"--smush-placeholder-width: 1412px; --smush-placeholder-aspect-ratio: 1412\/1412;\" \/>\n                      <div class=\"h-image__frame h-hide-lg h-hide-md h-hide-sm style-2423-frameImage style-local-698-c10-frameImage\"><\/div>\n                    <\/div>\n                  <\/div>\n                <\/div>\n              <\/div>\n            <\/div>\n          <\/div>\n        <\/div>\n      <\/div>\n      <div data-colibri-id=\"698-c3\" class=\"h-row-container gutters-row-lg-2 gutters-row-md-2 gutters-row-0 gutters-row-v-lg-2 gutters-row-v-md-2 gutters-row-v-2 style-2392 style-local-698-c3 position-relative\">\n        <!---->\n        <div class=\"h-row justify-content-lg-center justify-content-md-center justify-content-center align-items-lg-stretch align-items-md-stretch align-items-stretch gutters-col-lg-2 gutters-col-md-2 gutters-col-0 gutters-col-v-lg-2 gutters-col-v-md-2 gutters-col-v-2\">\n          <!---->\n          <div class=\"h-column h-column-container d-flex h-col-lg-auto h-col-md-auto h-col-auto style-2393-outer style-local-698-c4-outer\">\n            <div data-colibri-id=\"698-c4\" class=\"d-flex h-flex-basis h-column__inner h-ui-empty-state-container h-px-lg-2 h-px-md-2 h-px-2 v-inner-lg-2 v-inner-md-2 v-inner-2 style-2393 style-local-698-c4 position-relative\">\n              <!---->\n              <!---->\n              <div class=\"w-100 h-y-container h-column__content h-column__v-align flex-basis-100\">\n                <!---->\n              <\/div>\n            <\/div>\n          <\/div>\n        <\/div>\n      <\/div>\n    <\/div>\n  <\/div>\n<\/div>","protected":false},"excerpt":{"rendered":"<p>Vi har alltid v\u00e5r milj\u00f6 i \u00e5tanke I dessa tider mer \u00e4n n\u00e5gonsin \u00e4r ett sunt och kontinuerligt arbete ur milj\u00f6h\u00e4nseende viktigare \u00e4n n\u00e5gonsin! &#8211; Republifys verksamhet bedrivs i enlighet med&nbsp;ISO 14001 p\u00e5 ett s\u00e5dant s\u00e4tt att milj\u00f6h\u00e4nsyn integreras som en naturlig del tillsammans med kvalitet och kostnadseffektivitet i det dagliga arbetet &#8211; Vi uppmuntrar [&hellip;]<\/p>\n","protected":false},"author":2,"featured_media":0,"parent":0,"menu_order":0,"comment_status":"closed","ping_status":"closed","template":"page-templates\/full-width-page.php","meta":{"footnotes":""},"class_list":["post-698","page","type-page","status-publish","hentry"],"jetpack_sharing_enabled":true,"_links":{"self":[{"href":"https:\/\/republify.se\/index.php\/wp-json\/wp\/v2\/pages\/698","targetHints":{"allow":["GET"]}}],"collection":[{"href":"https:\/\/republify.se\/index.php\/wp-json\/wp\/v2\/pages"}],"about":[{"href":"https:\/\/republify.se\/index.php\/wp-json\/wp\/v2\/types\/page"}],"author":[{"embeddable":true,"href":"https:\/\/republify.se\/index.php\/wp-json\/wp\/v2\/users\/2"}],"replies":[{"embeddable":true,"href":"https:\/\/republify.se\/index.php\/wp-json\/wp\/v2\/comments?post=698"}],"version-history":[{"count":20,"href":"https:\/\/republify.se\/index.php\/wp-json\/wp\/v2\/pages\/698\/revisions"}],"predecessor-version":[{"id":11837,"href":"https:\/\/republify.se\/index.php\/wp-json\/wp\/v2\/pages\/698\/revisions\/11837"}],"wp:attachment":[{"href":"https:\/\/republify.se\/index.php\/wp-json\/wp\/v2\/media?parent=698"}],"curies":[{"name":"wp","href":"https:\/\/api.w.org\/{rel}","templated":true}]}}