{"id":412,"date":"2022-01-29T16:52:39","date_gmt":"2022-01-29T15:52:39","guid":{"rendered":"https:\/\/republify.picox.se\/?page_id=412"},"modified":"2026-03-24T14:17:33","modified_gmt":"2026-03-24T13:17:33","slug":"integritetspolicy","status":"publish","type":"page","link":"https:\/\/republify.se\/index.php\/integritetspolicy\/","title":{"rendered":"Integritetspolicy"},"content":{"rendered":"<div data-colibri-id=\"412-c1\" class=\"style-441 style-local-412-c1 position-relative\">\n  <!---->\n  <div data-colibri-component=\"section\" data-colibri-id=\"412-c2\" id=\"custom\" class=\"h-section h-section-global-spacing d-flex align-items-lg-center align-items-md-center align-items-center style-442 style-local-412-c2 position-relative\">\n    <!---->\n    <!---->\n    <div class=\"h-section-grid-container h-section-boxed-container\">\n      <!---->\n      <div data-colibri-id=\"412-c3\" class=\"h-row-container gutters-row-lg-2 gutters-row-md-2 gutters-row-0 gutters-row-v-lg-2 gutters-row-v-md-2 gutters-row-v-2 style-445 style-local-412-c3 position-relative\">\n        <!---->\n        <div class=\"h-row justify-content-lg-center justify-content-md-center justify-content-center align-items-lg-stretch align-items-md-stretch align-items-stretch gutters-col-lg-2 gutters-col-md-2 gutters-col-0 gutters-col-v-lg-2 gutters-col-v-md-2 gutters-col-v-2\">\n          <!---->\n          <div class=\"h-column h-column-container d-flex h-col-lg-auto h-col-md-auto h-col-auto style-446-outer style-local-412-c4-outer\">\n            <div data-colibri-id=\"412-c4\" class=\"d-flex h-flex-basis h-column__inner h-px-lg-2 h-px-md-2 h-px-2 v-inner-lg-2 v-inner-md-2 v-inner-2 style-446 style-local-412-c4 position-relative\">\n              <!---->\n              <!---->\n              <div class=\"w-100 h-y-container h-column__content h-column__v-align flex-basis-100 align-self-lg-start align-self-md-start align-self-start\">\n                <!---->\n                <div data-colibri-id=\"412-c5\" class=\"h-text h-text-component style-447 style-local-412-c5 position-relative h-element\">\n                  <!---->\n                  <!---->\n                  <div class=\"\">\n                    <p><strong>Dataskydd \u2013 Integritetspolicy<\/strong><\/p>\n                    <p>Personuppgifter som insamlas av Republify AB hanteras enligt nedan<\/p>\n                    <p>I samband med kontakt med Republify godk\u00e4nner du att vi hanterar dina kontaktuppgifter och att du \u00e4ven kan bli kontaktad av Republify f\u00f6r information<\/p>\n                    <p>Vi tar endast in de uppgifter som beh\u00f6vs f\u00f6r att leverera v\u00e5ra tj\u00e4nster och s\u00e4kerst\u00e4lla leveransinformation och uppgifterna anv\u00e4nds enbart f\u00f6r detta syfte<\/p>\n                    <p>De uppgifter som Republify AB tagit in skyddas f\u00f6r extern \u00e5tkomst. Skulle en incident intr\u00e4ffa s\u00e5 informeras ber\u00f6rda parter omedelbart<\/p>\n                    <p>Vi f\u00f6ljer g\u00e4llande regler f\u00f6r dataskydd och respekterar din integritet som kund<\/p>\n                    <p>I de fall vi uppfattar att uppgifter ej l\u00e4ngre beh\u00f6vs raderas dessa omedelbart fr\u00e5n samtliga register. Detta kan exempelvis omfatta direkt beg\u00e4ran av dig sj\u00e4lv eller om vi p\u00e5 annat s\u00e4tt f\u00e5r upplysning om att informationen ej har anv\u00e4ndning\n                      i v\u00e5r verksamhet<\/p>\n                    <p>&nbsp;<strong>Personuppgiftsansvar<\/strong><\/p>\n                    <p>Enligt denna integritetspolicy \u00e4r Republify AB personuppgiftsansvariga f\u00f6r behandlingen av dina personuppgifter.<\/p>\n                    <p>&nbsp;<strong>Kontaktuppgifter<\/strong><\/p>\n                    <p>Republify AB,&nbsp;\n                      <br>Org.nr: 559159-8940\n                      <br>Heurlins Plats 1A\n                      <br>413 01 G\u00f6teborg\n                      <br>Tel: 031-22 77 22<\/p>\n                    <p>&nbsp;<\/p>\n                  <\/div>\n                <\/div>\n              <\/div>\n            <\/div>\n          <\/div>\n          <div class=\"h-column h-column-container d-flex h-col-lg-auto h-col-md-auto h-col-auto style-2419-outer style-local-412-c6-outer\">\n            <div data-colibri-id=\"412-c6\" class=\"d-flex h-flex-basis h-column__inner h-px-lg-2 h-px-md-2 h-px-2 v-inner-lg-2 v-inner-md-2 v-inner-2 style-2419 style-local-412-c6 position-relative\">\n              <!---->\n              <!---->\n              <div class=\"w-100 h-y-container h-column__content h-column__v-align flex-basis-100 align-self-lg-start align-self-md-start align-self-start\">\n                <!---->\n                <div data-colibri-id=\"412-c7\" class=\"d-block style-2420 style-local-412-c7 position-relative h-element\">\n                  <!---->\n                  <div class=\"h-image__frame-container-outer\">\n                    <div class=\"h-image__frame-container\">\n                      <!---->\n                      <!---->\n                      <img decoding=\"async\" width=\"1024\" height=\"1536\" data-src=\"https:\/\/republify.se\/wp-content\/uploads\/2026\/03\/ts_competence.png\" class=\"wp-image-11932 style-2420-image style-local-412-c7-image lazyload\" alt=\"\" data-srcset=\"https:\/\/republify.se\/wp-content\/uploads\/2026\/03\/ts_competence.png 1024w, https:\/\/republify.se\/wp-content\/uploads\/2026\/03\/ts_competence-200x300.png 200w, https:\/\/republify.se\/wp-content\/uploads\/2026\/03\/ts_competence-683x1024.png 683w, https:\/\/republify.se\/wp-content\/uploads\/2026\/03\/ts_competence-768x1152.png 768w, https:\/\/republify.se\/wp-content\/uploads\/2026\/03\/ts_competence-600x900.png 600w\" data-sizes=\"(max-width: 1024px) 100vw, 1024px\" src=\"data:image\/svg+xml;base64,PHN2ZyB3aWR0aD0iMSIgaGVpZ2h0PSIxIiB4bWxucz0iaHR0cDovL3d3dy53My5vcmcvMjAwMC9zdmciPjwvc3ZnPg==\" style=\"--smush-placeholder-width: 1024px; --smush-placeholder-aspect-ratio: 1024\/1536;\" \/>\n                      <div class=\"h-image__frame h-hide-lg h-hide-md h-hide-sm style-2420-frameImage style-local-412-c7-frameImage\"><\/div>\n                    <\/div>\n                  <\/div>\n                <\/div>\n              <\/div>\n            <\/div>\n          <\/div>\n        <\/div>\n      <\/div>\n    <\/div>\n  <\/div>\n<\/div>","protected":false},"excerpt":{"rendered":"<p>Dataskydd \u2013 Integritetspolicy Personuppgifter som insamlas av Republify AB hanteras enligt nedan I samband med kontakt med Republify godk\u00e4nner du att vi hanterar dina kontaktuppgifter och att du \u00e4ven kan bli kontaktad av Republify f\u00f6r information Vi tar endast in de uppgifter som beh\u00f6vs f\u00f6r att leverera v\u00e5ra tj\u00e4nster och s\u00e4kerst\u00e4lla leveransinformation och uppgifterna anv\u00e4nds [&hellip;]<\/p>\n","protected":false},"author":2,"featured_media":0,"parent":0,"menu_order":0,"comment_status":"closed","ping_status":"closed","template":"page-templates\/full-width-page.php","meta":{"footnotes":""},"class_list":["post-412","page","type-page","status-publish","hentry"],"jetpack_sharing_enabled":true,"_links":{"self":[{"href":"https:\/\/republify.se\/index.php\/wp-json\/wp\/v2\/pages\/412","targetHints":{"allow":["GET"]}}],"collection":[{"href":"https:\/\/republify.se\/index.php\/wp-json\/wp\/v2\/pages"}],"about":[{"href":"https:\/\/republify.se\/index.php\/wp-json\/wp\/v2\/types\/page"}],"author":[{"embeddable":true,"href":"https:\/\/republify.se\/index.php\/wp-json\/wp\/v2\/users\/2"}],"replies":[{"embeddable":true,"href":"https:\/\/republify.se\/index.php\/wp-json\/wp\/v2\/comments?post=412"}],"version-history":[{"count":19,"href":"https:\/\/republify.se\/index.php\/wp-json\/wp\/v2\/pages\/412\/revisions"}],"predecessor-version":[{"id":11935,"href":"https:\/\/republify.se\/index.php\/wp-json\/wp\/v2\/pages\/412\/revisions\/11935"}],"wp:attachment":[{"href":"https:\/\/republify.se\/index.php\/wp-json\/wp\/v2\/media?parent=412"}],"curies":[{"name":"wp","href":"https:\/\/api.w.org\/{rel}","templated":true}]}}